{"id":30051,"date":"2024-11-13T14:20:01","date_gmt":"2024-11-13T13:20:01","guid":{"rendered":"https:\/\/cryptsec.se\/product\/lornet-24-kompakt-icke-linjar-overkopplingsdetektor\/"},"modified":"2024-11-13T14:20:01","modified_gmt":"2024-11-13T13:20:01","slug":"lornet-24-kompakt-icke-linjar-overkopplingsdetektor","status":"publish","type":"product","link":"https:\/\/cryptsec.se\/sv\/product\/lornet-24-kompakt-icke-linjar-overkopplingsdetektor\/","title":{"rendered":"Lornet 24 Kompakt icke-linj\u00e4r \u00f6verkopplingsdetektor"},"content":{"rendered":"<p><strong>Lornet 24 &#8211; Icke-linj\u00e4r detektor<\/strong><\/p>\n<ul>\n<li>2400 MHz signalomr\u00e5de f\u00f6r s\u00e4ndaren &#8211; en allm\u00e4nt accepterad standard f\u00f6r inomhusbruk<\/li>\n<li>Driftvikt endast 700 gram<\/li>\n<li>Detektering av miniatyrenheter<\/li>\n<\/ul>\n<p class=\"Text\">Enheten kan detektera alla elektroniska enheter som kan vara b\u00e5de P\u00c5 och AV fr\u00e5n str\u00f6mk\u00e4llan. Enhetens design liknar en handh\u00e5llen metalldetektor, s\u00e5 den \u00e4r idealisk f\u00f6r screening av personer. <\/p>\n<p>Enhetens rekordl\u00e5ga vikt &#8211; endast 700 gram i arbetsskick &#8211; och kompakta design g\u00f6r att du kan utf\u00f6ra inspektions- och s\u00f6koperationer under sv\u00e5ra f\u00f6rh\u00e5llanden med begr\u00e4nsat utrymme.<\/p>\n<p>&nbsp;<\/p>\n<p><img fetchpriority=\"high\" decoding=\"async\" class=\"size-medium wp-image-28356\" src=\"https:\/\/cryptsec.se\/wp-content\/uploads\/2024\/11\/Lornet_24_1-300x300.jpg\" alt=\"\" width=\"300\" height=\"300\" srcset=\"https:\/\/cryptsec.se\/wp-content\/uploads\/2024\/11\/Lornet_24_1-300x300.jpg 300w, https:\/\/cryptsec.se\/wp-content\/uploads\/2024\/11\/Lornet_24_1-1024x1024.jpg 1024w, https:\/\/cryptsec.se\/wp-content\/uploads\/2024\/11\/Lornet_24_1-150x150.jpg 150w, https:\/\/cryptsec.se\/wp-content\/uploads\/2024\/11\/Lornet_24_1-768x768.jpg 768w, https:\/\/cryptsec.se\/wp-content\/uploads\/2024\/11\/Lornet_24_1-1536x1536.jpg 1536w, https:\/\/cryptsec.se\/wp-content\/uploads\/2024\/11\/Lornet_24_1-2048x2048.jpg 2048w, https:\/\/cryptsec.se\/wp-content\/uploads\/2024\/11\/Lornet_24_1-350x350.jpg 350w, https:\/\/cryptsec.se\/wp-content\/uploads\/2024\/11\/Lornet_24_1-680x680.jpg 680w, https:\/\/cryptsec.se\/wp-content\/uploads\/2024\/11\/Lornet_24_1-100x100.jpg 100w\" sizes=\"(max-width: 300px) 100vw, 300px\" \/><\/p>\n<p><img decoding=\"async\" class=\"alignnone size-medium wp-image-28352\" src=\"https:\/\/cryptsec.se\/wp-content\/uploads\/2024\/11\/Lornet_24_4-300x300.jpg\" alt=\"\" width=\"300\" height=\"300\" srcset=\"https:\/\/cryptsec.se\/wp-content\/uploads\/2024\/11\/Lornet_24_4-300x300.jpg 300w, https:\/\/cryptsec.se\/wp-content\/uploads\/2024\/11\/Lornet_24_4-1024x1024.jpg 1024w, https:\/\/cryptsec.se\/wp-content\/uploads\/2024\/11\/Lornet_24_4-150x150.jpg 150w, https:\/\/cryptsec.se\/wp-content\/uploads\/2024\/11\/Lornet_24_4-768x768.jpg 768w, https:\/\/cryptsec.se\/wp-content\/uploads\/2024\/11\/Lornet_24_4-1536x1536.jpg 1536w, https:\/\/cryptsec.se\/wp-content\/uploads\/2024\/11\/Lornet_24_4-2048x2048.jpg 2048w, https:\/\/cryptsec.se\/wp-content\/uploads\/2024\/11\/Lornet_24_4-350x350.jpg 350w, https:\/\/cryptsec.se\/wp-content\/uploads\/2024\/11\/Lornet_24_4-680x680.jpg 680w, https:\/\/cryptsec.se\/wp-content\/uploads\/2024\/11\/Lornet_24_4-100x100.jpg 100w\" sizes=\"(max-width: 300px) 100vw, 300px\" \/>  <img decoding=\"async\" class=\"alignnone size-medium wp-image-28348\" src=\"https:\/\/cryptsec.se\/wp-content\/uploads\/2024\/11\/case2-300x300.png\" alt=\"\" width=\"300\" height=\"300\" srcset=\"https:\/\/cryptsec.se\/wp-content\/uploads\/2024\/11\/case2-300x300.png 300w, https:\/\/cryptsec.se\/wp-content\/uploads\/2024\/11\/case2-150x150.png 150w, https:\/\/cryptsec.se\/wp-content\/uploads\/2024\/11\/case2-350x350.png 350w, https:\/\/cryptsec.se\/wp-content\/uploads\/2024\/11\/case2-100x100.png 100w, https:\/\/cryptsec.se\/wp-content\/uploads\/2024\/11\/case2.png 540w\" sizes=\"(max-width: 300px) 100vw, 300px\" \/><\/p>\n<div class=\"ListBox-ItemHeader\">\n<div id=\"tns1-item0\" class=\"Carousel-Item tns-item tns-slide-active\">\n<div class=\"AdvantagesList-Item\">\n<div class=\"AdvantagesList-Icon\"><img loading=\"lazy\" decoding=\"async\" class=\" ls-is-cached lazyloaded\" src=\"https:\/\/storage.yandexcloud.net\/lornet-export\/images\/Pages\/Products\/Abilities\/simcard.svg\" alt=\"Detektering av sm\u00e5 elektroniska f\u00f6rem\u00e5l\" width=\"70\" height=\"70\" data-src=\"https:\/\/storage.yandexcloud.net\/lornet-export\/images\/Pages\/Products\/Abilities\/simcard.svg\"><\/div>\n<div class=\"AdvantagesList-Icon\">&#8211; Detektering av sm\u00e5 elektroniska f\u00f6rem\u00e5l.<\/div>\n<div class=\"AdvantagesList-Icon\">S\u00f6k efter elektroniska miniatyrf\u00f6rem\u00e5l som SIM-kort, RFID-taggar, GPS-trackers etc.<\/div>\n<div><\/div>\n<\/div>\n<\/div>\n<div>\n<div class=\"AdvantagesList-Icon\"><img loading=\"lazy\" decoding=\"async\" class=\" ls-is-cached lazyloaded\" src=\"https:\/\/storage.yandexcloud.net\/lornet-export\/images\/Pages\/Products\/Abilities\/bag.svg\" alt=\"Detektering av avlyssningsutrustning\" width=\"70\" height=\"70\" data-src=\"https:\/\/storage.yandexcloud.net\/lornet-export\/images\/Pages\/Products\/Abilities\/bag.svg\"><\/div>\n<div class=\"AdvantagesList-Header\">&#8211; Detektering av avlyssningsutrustning<\/div>\n<div class=\"AdvantagesList-Header\">S\u00f6k i rum och fordon efter utrustning f\u00f6r informationsavlyssning, t.ex. radiomikrofoner, digitala r\u00f6stinspelare etc.<\/div>\n<div><\/div>\n<div>\n<div class=\"AdvantagesList-Icon\"><img loading=\"lazy\" decoding=\"async\" class=\" ls-is-cached lazyloaded\" src=\"https:\/\/storage.yandexcloud.net\/lornet-export\/images\/Pages\/Products\/Abilities\/search.svg\" alt=\"Perquisition\" width=\"70\" height=\"70\" data-src=\"https:\/\/storage.yandexcloud.net\/lornet-export\/images\/Pages\/Products\/Abilities\/search.svg\"><\/div>\n<div class=\"AdvantagesList-Header\">&#8211; Perquisition<\/div>\n<div class=\"AdvantagesList-Header\">Unders\u00f6kning av f\u00f6rem\u00e5l och personer f\u00f6r f\u00f6rekomst av oacceptabla elektroniska miniatyrenheter som b\u00e4rs till ett s\u00e4kert omr\u00e5de<\/div>\n<\/div>\n<div><\/div>\n<\/div>\n<\/div>\n","protected":false},"excerpt":{"rendered":"<p>Ultrakompakt och l\u00e4ttviktig icke-linj\u00e4r detektor med 2400 MHz probefrekvens. Kan detektera elektroniska miniatyrenheter <\/p>\n","protected":false},"featured_media":28356,"template":"","meta":[],"product_brand":[],"product_cat":[846,1080],"product_tag":[969,895,984,879],"berocket_brand":[1259],"class_list":{"0":"post-30051","1":"product","2":"type-product","3":"status-publish","4":"has-post-thumbnail","6":"product_cat-tsu","7":"product_cat-icke-linjara-kopplingsdetektorer","8":"product_tag-insektsdetektor","9":"product_tag-nljd-sv","10":"product_tag-non-linear-junction-detector","11":"product_tag-tscm-sv","12":"berocket_brand-cryptsec-sv","14":"first","15":"instock","16":"taxable","17":"shipping-taxable","18":"purchasable","19":"product-type-simple"},"_links":{"self":[{"href":"https:\/\/cryptsec.se\/sv\/wp-json\/wp\/v2\/product\/30051","targetHints":{"allow":["GET"]}}],"collection":[{"href":"https:\/\/cryptsec.se\/sv\/wp-json\/wp\/v2\/product"}],"about":[{"href":"https:\/\/cryptsec.se\/sv\/wp-json\/wp\/v2\/types\/product"}],"wp:featuredmedia":[{"embeddable":true,"href":"https:\/\/cryptsec.se\/sv\/wp-json\/wp\/v2\/media\/28356"}],"wp:attachment":[{"href":"https:\/\/cryptsec.se\/sv\/wp-json\/wp\/v2\/media?parent=30051"}],"wp:term":[{"taxonomy":"product_brand","embeddable":true,"href":"https:\/\/cryptsec.se\/sv\/wp-json\/wp\/v2\/product_brand?post=30051"},{"taxonomy":"product_cat","embeddable":true,"href":"https:\/\/cryptsec.se\/sv\/wp-json\/wp\/v2\/product_cat?post=30051"},{"taxonomy":"product_tag","embeddable":true,"href":"https:\/\/cryptsec.se\/sv\/wp-json\/wp\/v2\/product_tag?post=30051"},{"taxonomy":"berocket_brand","embeddable":true,"href":"https:\/\/cryptsec.se\/sv\/wp-json\/wp\/v2\/berocket_brand?post=30051"}],"curies":[{"name":"wp","href":"https:\/\/api.w.org\/{rel}","templated":true}]}}