{"id":30052,"date":"2024-11-14T09:37:11","date_gmt":"2024-11-14T08:37:11","guid":{"rendered":"https:\/\/cryptsec.se\/product\/psk-kit-for-fysisk-sokning\/"},"modified":"2024-11-14T09:37:11","modified_gmt":"2024-11-14T08:37:11","slug":"psk-kit-for-fysisk-sokning","status":"publish","type":"product","link":"https:\/\/cryptsec.se\/sv\/product\/psk-kit-for-fysisk-sokning\/","title":{"rendered":"PSK Kit f\u00f6r fysisk s\u00f6kning"},"content":{"rendered":"<ul>\n<li><strong>Det du beh\u00f6ver, varje s\u00f6kning, varje g\u00e5ng<\/strong><\/li>\n<li><strong>Idealisk f\u00f6r att hitta dold elektronik och annat smuggelgods<\/strong><\/li>\n<li><strong>Utformad f\u00f6r effektivitet och snabb drifts\u00e4ttning<\/strong><\/li>\n<li><strong>Resv\u00e4nlig &#8211; b\u00e4rbar och kompakt f\u00f6r enkel transport<\/strong><\/li>\n<li><strong>Organiserad f\u00f6r att spara tid med flera anpassade skumlager<\/strong><\/li>\n<li><strong>Skyddas i ett t\u00e5ligt fodral med h\u00e5rt skal<\/strong><\/li>\n<li><strong>Hj\u00e4lper till att genomf\u00f6ra diskreta s\u00f6kningar<\/strong><\/li>\n<li><strong>Hj\u00e4lper till att skydda och bevara bevismaterial och egendom<\/strong><\/li>\n<\/ul>\n<p><strong>I satsen ing\u00e5r f\u00f6ljande:<\/strong><\/p>\n<ul>\n<li><strong>Verktyg f\u00f6r visuell inspektion<\/strong><\/li>\n<li><strong>Utrustning f\u00f6r videoinspektion<\/strong><\/li>\n<li><strong>Verktyg f\u00f6r kabeldragning<\/strong><\/li>\n<li><strong>Handverktyg<\/strong><\/li>\n<li><strong>Skydd av bevismaterial<\/strong><\/li>\n<li><strong>Hj\u00e4lpmedel f\u00f6r hygien\/s\u00e4kerhet<\/strong><\/li>\n<li><strong>Produkt f\u00f6r f\u00f6rberedelse\/reng\u00f6ring av plats<\/strong><\/li>\n<\/ul>\n<p><strong>PSK v\u00e4ger cirka 30 kg.  <\/strong>och \u00e4r kompakt organiserad i en resev\u00e4nlig v\u00e4ska.<\/p>\n<p>&nbsp;<\/p>\n<p>&nbsp;<\/p>\n","protected":false},"excerpt":{"rendered":"<p>Physical Search Kit (PSK) \u00e4r en b\u00e4rbar, kompakt upps\u00e4ttning utrustning, verktyg och f\u00f6rn\u00f6denheter f\u00f6r att utf\u00f6ra fysiska s\u00f6kningar inom TSCM. Alla TSCM-svepningar inkluderar en fysisk s\u00f6kning f\u00f6r att leta efter dolda elektroniska \u00f6vervakningsanordningar. PSK s\u00e4kerst\u00e4ller att du har r\u00e4tt verktyg, med mer \u00e4n 50 artiklar f\u00f6r att g\u00f6ra en fullst\u00e4ndig och effektiv unders\u00f6kning.  <\/p>\n","protected":false},"featured_media":28416,"template":"","meta":[],"product_brand":[],"product_cat":[846,1082],"product_tag":[],"berocket_brand":[],"class_list":{"0":"post-30052","1":"product","2":"type-product","3":"status-publish","4":"has-post-thumbnail","6":"product_cat-tsu","7":"product_cat-tscm-kit-sv","9":"first","10":"instock","11":"taxable","12":"shipping-taxable","13":"purchasable","14":"product-type-simple"},"_links":{"self":[{"href":"https:\/\/cryptsec.se\/sv\/wp-json\/wp\/v2\/product\/30052","targetHints":{"allow":["GET"]}}],"collection":[{"href":"https:\/\/cryptsec.se\/sv\/wp-json\/wp\/v2\/product"}],"about":[{"href":"https:\/\/cryptsec.se\/sv\/wp-json\/wp\/v2\/types\/product"}],"wp:featuredmedia":[{"embeddable":true,"href":"https:\/\/cryptsec.se\/sv\/wp-json\/wp\/v2\/media\/28416"}],"wp:attachment":[{"href":"https:\/\/cryptsec.se\/sv\/wp-json\/wp\/v2\/media?parent=30052"}],"wp:term":[{"taxonomy":"product_brand","embeddable":true,"href":"https:\/\/cryptsec.se\/sv\/wp-json\/wp\/v2\/product_brand?post=30052"},{"taxonomy":"product_cat","embeddable":true,"href":"https:\/\/cryptsec.se\/sv\/wp-json\/wp\/v2\/product_cat?post=30052"},{"taxonomy":"product_tag","embeddable":true,"href":"https:\/\/cryptsec.se\/sv\/wp-json\/wp\/v2\/product_tag?post=30052"},{"taxonomy":"berocket_brand","embeddable":true,"href":"https:\/\/cryptsec.se\/sv\/wp-json\/wp\/v2\/berocket_brand?post=30052"}],"curies":[{"name":"wp","href":"https:\/\/api.w.org\/{rel}","templated":true}]}}