{"id":30053,"date":"2024-11-14T09:57:53","date_gmt":"2024-11-14T08:57:53","guid":{"rendered":"https:\/\/cryptsec.se\/product\/pmk8-portabelt-rostmaskeringskit\/"},"modified":"2024-11-14T09:57:53","modified_gmt":"2024-11-14T08:57:53","slug":"pmk8-portabelt-rostmaskeringskit","status":"publish","type":"product","link":"https:\/\/cryptsec.se\/sv\/product\/pmk8-portabelt-rostmaskeringskit\/","title":{"rendered":"PMK8 Portabelt r\u00f6stmaskeringskit"},"content":{"rendered":"<h2 class=\"vc_custom_heading vc_do_custom_heading\">Skydda privata konversationer<\/h2>\n<p>Portable Masking Kit (PMK-8) skyddar privata konversationer genom att injicera r\u00f6stmaskerande ljud i strukturella ytor, luckor och fritt utrymme, vilket g\u00f6r konversationer obegripliga f\u00f6r alla utanf\u00f6r rummet. Portable Masking Kit skapar en omkrets av maskeringsljud som motverkar akustiskt l\u00e4ckage och avlyssningsanordningar som t.ex: <\/p>\n<ul>\n<li>Tr\u00e5dbundna v\u00e4ggenheter<\/li>\n<li>Kontaktmikrofoner<\/li>\n<li>Dolda ljuds\u00e4ndare<\/li>\n<li>Laser\/reflektioner fr\u00e5n f\u00f6nster<\/li>\n<\/ul>\n<p><strong>Effektivitet<\/strong>: Detta kit ger en tillf\u00e4llig l\u00f6sning f\u00f6r ljuds\u00e4kerhet n\u00e4r du beh\u00f6ver komma in, st\u00e4lla in r\u00f6stmaskeringss\u00e4kerhet och komma ut. <strong>Anv\u00e4ndbarhet: <\/strong>Skapa en Voice Masking-perimeter f\u00f6r att skydda mot strukturbundna ljudhot <strong>Portabilitet<\/strong>: Portable Masking Kit, PMK-8, inneh\u00e5ller 8 Voice Masking Generator-set (enhet, givare, kablar) i en h\u00e5rdskalig v\u00e4ska f\u00f6r enkel transport med tr\u00e5dl\u00f6s laddning i v\u00e4skan.<\/p>\n","protected":false},"excerpt":{"rendered":"<p>Portable Masking Kit (PMK-8) skyddar privata konversationer genom att injicera r\u00f6stmaskerande ljud i strukturella ytor, mellanrum och fria utrymmen, vilket g\u00f6r konversationer obegripliga f\u00f6r alla utanf\u00f6r rummet.<\/p>\n","protected":false},"featured_media":28433,"template":"","meta":[],"product_brand":[],"product_cat":[865,846,1082],"product_tag":[913,914,916,879,932],"berocket_brand":[],"class_list":{"0":"post-30053","1":"product","2":"type-product","3":"status-publish","4":"has-post-thumbnail","6":"product_cat-harp-speech-protector-sv","7":"product_cat-tsu","8":"product_cat-tscm-kit-sv","9":"product_tag-informationssakerhet","10":"product_tag-informationssakerhet-sv","11":"product_tag-skydd-for-tal","12":"product_tag-tscm-sv","13":"product_tag-tscm-utrustning-sv","15":"first","16":"instock","17":"featured","18":"taxable","19":"shipping-taxable","20":"purchasable","21":"product-type-simple"},"_links":{"self":[{"href":"https:\/\/cryptsec.se\/sv\/wp-json\/wp\/v2\/product\/30053","targetHints":{"allow":["GET"]}}],"collection":[{"href":"https:\/\/cryptsec.se\/sv\/wp-json\/wp\/v2\/product"}],"about":[{"href":"https:\/\/cryptsec.se\/sv\/wp-json\/wp\/v2\/types\/product"}],"wp:featuredmedia":[{"embeddable":true,"href":"https:\/\/cryptsec.se\/sv\/wp-json\/wp\/v2\/media\/28433"}],"wp:attachment":[{"href":"https:\/\/cryptsec.se\/sv\/wp-json\/wp\/v2\/media?parent=30053"}],"wp:term":[{"taxonomy":"product_brand","embeddable":true,"href":"https:\/\/cryptsec.se\/sv\/wp-json\/wp\/v2\/product_brand?post=30053"},{"taxonomy":"product_cat","embeddable":true,"href":"https:\/\/cryptsec.se\/sv\/wp-json\/wp\/v2\/product_cat?post=30053"},{"taxonomy":"product_tag","embeddable":true,"href":"https:\/\/cryptsec.se\/sv\/wp-json\/wp\/v2\/product_tag?post=30053"},{"taxonomy":"berocket_brand","embeddable":true,"href":"https:\/\/cryptsec.se\/sv\/wp-json\/wp\/v2\/berocket_brand?post=30053"}],"curies":[{"name":"wp","href":"https:\/\/api.w.org\/{rel}","templated":true}]}}