{"id":30056,"date":"2024-11-15T09:23:56","date_gmt":"2024-11-15T08:23:56","guid":{"rendered":"https:\/\/cryptsec.se\/product\/wam-x10-tradlos-aktivitetsmonitor-med-flera-band\/"},"modified":"2024-11-15T09:23:56","modified_gmt":"2024-11-15T08:23:56","slug":"wam-x10-tradlos-aktivitetsmonitor-med-flera-band","status":"publish","type":"product","link":"https:\/\/cryptsec.se\/sv\/product\/wam-x10-tradlos-aktivitetsmonitor-med-flera-band\/","title":{"rendered":"WAM-X10 Tr\u00e5dl\u00f6s aktivitetsmonitor med flera band"},"content":{"rendered":"<p><strong>WAM-X10 Wireless Activity Monitor \u00e4r en b\u00e4rbar multibandsdetektor f\u00f6r radiofrekvenser (RF) f\u00f6r handh\u00e5llen anv\u00e4ndning.<\/strong><\/p>\n<p>Den \u00e4r utformad f\u00f6r att uppt\u00e4cka och logga s\u00e4ndningar fr\u00e5n alla typer av radiofrekvensenheter, inklusive mobiltelefoner, smartphones, fordonssp\u00e5rare, Wi-Fi-hotspots, GSM-lyssningsenheter (buggar) och dolda tr\u00e5dl\u00f6sa 3G\/4G\/5G-kameror. WAM-X10 ger fullst\u00e4ndig t\u00e4ckning och loggning av all aktivitet i det omgivande omr\u00e5det. <\/p>\n<p><img fetchpriority=\"high\" decoding=\"async\" class=\"alignnone size-medium wp-image-28536\" src=\"https:\/\/cryptsec.se\/wp-content\/uploads\/2024\/11\/wam-x10-held-1-223x300.jpg\" alt=\"\" width=\"223\" height=\"300\" srcset=\"https:\/\/cryptsec.se\/wp-content\/uploads\/2024\/11\/wam-x10-held-1-223x300.jpg 223w, https:\/\/cryptsec.se\/wp-content\/uploads\/2024\/11\/wam-x10-held-1.jpg 600w\" sizes=\"(max-width: 223px) 100vw, 223px\" \/>  <img decoding=\"async\" class=\"alignnone size-medium wp-image-28532\" src=\"https:\/\/cryptsec.se\/wp-content\/uploads\/2024\/11\/wam-x10-connections-1-160x300.jpg\" alt=\"\" width=\"160\" height=\"300\" srcset=\"https:\/\/cryptsec.se\/wp-content\/uploads\/2024\/11\/wam-x10-connections-1-160x300.jpg 160w, https:\/\/cryptsec.se\/wp-content\/uploads\/2024\/11\/wam-x10-connections-1-545x1024.jpg 545w, https:\/\/cryptsec.se\/wp-content\/uploads\/2024\/11\/wam-x10-connections-1.jpg 600w\" sizes=\"(max-width: 160px) 100vw, 160px\" \/> <img decoding=\"async\" class=\"alignnone size-medium wp-image-28530\" src=\"https:\/\/cryptsec.se\/wp-content\/uploads\/2024\/11\/wam-x10-blue-ant-1-298x300.jpg\" alt=\"\" width=\"298\" height=\"300\" srcset=\"https:\/\/cryptsec.se\/wp-content\/uploads\/2024\/11\/wam-x10-blue-ant-1-298x300.jpg 298w, https:\/\/cryptsec.se\/wp-content\/uploads\/2024\/11\/wam-x10-blue-ant-1-150x150.jpg 150w, https:\/\/cryptsec.se\/wp-content\/uploads\/2024\/11\/wam-x10-blue-ant-1-768x774.jpg 768w, https:\/\/cryptsec.se\/wp-content\/uploads\/2024\/11\/wam-x10-blue-ant-1-680x685.jpg 680w, https:\/\/cryptsec.se\/wp-content\/uploads\/2024\/11\/wam-x10-blue-ant-1-100x100.jpg 100w, https:\/\/cryptsec.se\/wp-content\/uploads\/2024\/11\/wam-x10-blue-ant-1.jpg 800w\" sizes=\"(max-width: 298px) 100vw, 298px\" \/><\/p>\n<p><strong>Detektering av mobilband \u00f6ver hela v\u00e4rlden<\/strong><\/p>\n<p>En helt ny design inneb\u00e4r att WAM-X10 nu har v\u00e4rldsomsp\u00e4nnande 5G-mobilt\u00e4ckning. Den kan anv\u00e4ndas i alla milj\u00f6er d\u00e4r radiofrekvenser och mobila enheter \u00e4r f\u00f6rbjudna, t.ex. k\u00e4nsliga m\u00f6tesrum f\u00f6r att s\u00f6ka efter dolda enheter, obeh\u00f6rig anv\u00e4ndning av mobiltelefoner p\u00e5 kontor, i tentamenssalar, sjukhus eller f\u00e4ngelser och i fordon f\u00f6r att lokalisera de senaste dolda sp\u00e5rningsenheterna. <\/p>\n<p><strong>2,4 GHz och 5 GHz Wi-Fi-detektering<\/strong><\/p>\n<p>WAM-X10 har ocks\u00e5 en separat 2,4 GHz-banddetektor och en ny 5 GHz-banddetektor f\u00f6r det snabbt v\u00e4xande hotet fr\u00e5n Wi-Fi\/Bluetooth, Store &amp; Forward och Video-enheter.<\/p>\n<p><strong>Bredbandig detektering<\/strong><\/p>\n<p>Bredbandsdetektorn f\u00f6r 0-14 GHz ger den st\u00f6rsta t\u00e4ckningen av all RF-aktivitet i m\u00e5lomr\u00e5det. Frekvensen f\u00f6r den detekterade signalen (upp till 6 GHz) kan visas samtidigt och programvaran &#8220;Livescan&#8221; visar det detekterade signalm\u00f6nstret grafiskt f\u00f6r att underl\u00e4tta identifiering av signaltypen. Detta kan vara s\u00e4rskilt anv\u00e4ndbart vid s\u00f6kning efter pulserande eller burst-enheter som GPS-trackers.<\/p>\n<p>Upp till 4000 h\u00e4ndelser kan lagras i WAM-X10 f\u00f6r visning som en lista eller grafiskt. F\u00f6r varje detekterad signal (oavsett hur l\u00e5ng eller kort den \u00e4r) registreras tid\/datum, varaktighet, detekterat band och signalstyrka. Detta kan vara s\u00e4rskilt anv\u00e4ndbart f\u00f6r att identifiera vilken typ av enhet som detekteras.<\/p>\n<p>Till exempel: en rad regelbundna korta s\u00e4ndningar i ett band kan representera s\u00e4ndningar fr\u00e5n en GSM\/GPS-sp\u00e5rningsenhet. Dessa kunde tydligt ses i Graph Mode som linjer med regelbundet avst\u00e5nd som representerar \u00f6verf\u00f6ringens pulserande natur. Genom att titta p\u00e5 samtalsaktiviteten under vissa tider p\u00e5 dygnet kan man ocks\u00e5 identifiera obeh\u00f6rig telefonanv\u00e4ndning i k\u00e4nsliga omr\u00e5den som f\u00e4ngelser, styrelserum, tentamenssalar etc. Hela h\u00e4ndelseloggen kan ocks\u00e5 laddas ned till ett USB-minne f\u00f6r lagring eller \u00f6verf\u00f6ring till en dator d\u00e4r den kan visas\/sorteras f\u00f6r analys eller rapportering.<\/p>\n<p>F\u00f6r verkligt global anv\u00e4ndning \u00e4r det bara att v\u00e4lja den internationella region d\u00e4r enheten ska anv\u00e4ndas, s\u00e5 kommer WAM-X10 att uppt\u00e4cka signaler fr\u00e5n alla relevanta mobilband. Detta inneb\u00e4r att WAM-X10 \u00e4r redo f\u00f6r utrullningen av de senaste 5G-enheterna \u00f6ver hela v\u00e4rlden.  Naturligtvis kommer alla befintliga 2G-, 3G- och 4G-band ocks\u00e5 att t\u00e4ckas.<\/p>\n<p>WAM-X10 har 2,4 GHz och ny 5 GHz tr\u00e5dl\u00f6s realtidsdetektering f\u00f6r hot fr\u00e5n den senaste generationens Bluetooth- och Wi-Fi-enheter. S\u00e5dana enheter kan t.ex. spela in ljud under l\u00e5nga perioder och sedan \u00f6verf\u00f6ra det i korta regelbundna skurar. Den uppt\u00e4cker ocks\u00e5 andra enheter som anv\u00e4nder dessa band, t.ex. tr\u00e5dl\u00f6s video. Komplexa algoritmer analyserar de uppt\u00e4ckta signalerna f\u00f6r att hj\u00e4lpa till att identifiera signaltypen, dvs Bluetooth, Wi-Fi eller annan 2,4 GHz- eller 5 GHz-signal. All 2,4 GHz- och 5 GHz-aktivitet kan visas grafiskt f\u00f6r senare analys. En ny kraftfull RF-frontend med h\u00f6g f\u00f6rst\u00e4rkning garanterar detektering p\u00e5 upp till 50 meter beroende p\u00e5 signalstyrka och omgivningsf\u00f6rh\u00e5llanden. WAM-X10 levereras med nya justerbara g\u00e5ngj\u00e4rnsantenner som \u00e4r utformade f\u00f6r optimal prestanda och flexibilitet.  <\/p>\n<div id=\"area290\" class=\"boxmodel cknum8 centeredRow boxtheme8\">\n<div class=\"inner\">\n<div class=\"content greyTop product-page cam-105w\">\n<div class=\"left small\">\n<p>En ny knappsatsdesign inneb\u00e4r enkel och intuitiv anv\u00e4ndning. All information visas p\u00e5 en TFT-f\u00e4rgsk\u00e4rm som g\u00f6r det m\u00f6jligt f\u00f6r anv\u00e4ndaren att utf\u00f6ra realtidsdetektering eller att se h\u00e4ndelser som tidigare har intr\u00e4ffat. Varje band har en individuell signalstyrkem\u00e4tare med 20 element som g\u00f6r det enkelt att lokalisera den exakta k\u00e4llan till en detekterad signal. Ett h\u00f6rbart &#8220;Beep&#8221;-l\u00e4ge g\u00f6r att anv\u00e4ndaren kan \u00f6vervaka utan att titta p\u00e5 displayen och ett tyst vibrationsl\u00e4ge kan ocks\u00e5 anv\u00e4ndas f\u00f6r s\u00e4rskilt k\u00e4nsliga omr\u00e5den.<\/p>\n<p><img loading=\"lazy\" decoding=\"async\" class=\"alignnone size-medium wp-image-28534\" src=\"https:\/\/cryptsec.se\/wp-content\/uploads\/2024\/11\/Image-2-1-300x248.jpg\" alt=\"\" width=\"300\" height=\"248\" srcset=\"https:\/\/cryptsec.se\/wp-content\/uploads\/2024\/11\/Image-2-1-300x248.jpg 300w, https:\/\/cryptsec.se\/wp-content\/uploads\/2024\/11\/Image-2-1-768x636.jpg 768w, https:\/\/cryptsec.se\/wp-content\/uploads\/2024\/11\/Image-2-1-680x563.jpg 680w, https:\/\/cryptsec.se\/wp-content\/uploads\/2024\/11\/Image-2-1.jpg 800w\" sizes=\"(max-width: 300px) 100vw, 300px\" \/> <img loading=\"lazy\" decoding=\"async\" class=\"alignnone size-medium wp-image-28518\" src=\"https:\/\/cryptsec.se\/wp-content\/uploads\/2024\/11\/JJN-WAM-X10-SCREEN_LOG-LIST-300x248.jpg\" alt=\"\" width=\"300\" height=\"248\" srcset=\"https:\/\/cryptsec.se\/wp-content\/uploads\/2024\/11\/JJN-WAM-X10-SCREEN_LOG-LIST-300x248.jpg 300w, https:\/\/cryptsec.se\/wp-content\/uploads\/2024\/11\/JJN-WAM-X10-SCREEN_LOG-LIST-1024x847.jpg 1024w, https:\/\/cryptsec.se\/wp-content\/uploads\/2024\/11\/JJN-WAM-X10-SCREEN_LOG-LIST-768x636.jpg 768w, https:\/\/cryptsec.se\/wp-content\/uploads\/2024\/11\/JJN-WAM-X10-SCREEN_LOG-LIST-680x563.jpg 680w, https:\/\/cryptsec.se\/wp-content\/uploads\/2024\/11\/JJN-WAM-X10-SCREEN_LOG-LIST.jpg 1200w\" sizes=\"(max-width: 300px) 100vw, 300px\" \/><\/p>\n<p><strong>WAM-X10 \u00e4r konstruerad och tillverkad i Storbritannien<\/strong> enligt de h\u00f6gsta specifikationerna och \u00e4r innesluten i ett specialtillverkat h\u00f6lje av flygplanstillverkad aluminium. Den har ett inbyggt litium-polymerbatteri och levereras med en internationell laddare. Hela systemet levereras i en kompakt b\u00e4rv\u00e4ska av milit\u00e4rstandard f\u00f6r b\u00e4sta m\u00f6jliga skydd.<\/p>\n<\/div>\n<div class=\"right big\"><\/div>\n<\/div>\n<\/div>\n<\/div>\n<div id=\"area291\" class=\"boxmodel cknum10 centeredRow boxtheme10\">\n<div class=\"inner\">\n<div class=\"content greyTop product-page cam-105w\"><\/div>\n<\/div>\n<\/div>\n","protected":false},"excerpt":{"rendered":"<p>WAM-X10 Wireless Activity Monitor \u00e4r en b\u00e4rbar multibandsdetektor f\u00f6r radiofrekvenser (RF) f\u00f6r handh\u00e5llen anv\u00e4ndning. Detektering av 5G-mobiln\u00e4t, bredband (0 till 14 GHz) och Wi-Fi <\/p>\n","protected":false},"featured_media":28537,"template":"","meta":[],"product_brand":[],"product_cat":[1079,846],"product_tag":[1139,897,913,969,879,931,932],"berocket_brand":[],"class_list":{"0":"post-30056","1":"product","2":"type-product","3":"status-publish","4":"has-post-thumbnail","6":"product_cat-aktivitetsmatare","7":"product_cat-tsu","8":"product_tag-aktivitetsmonitor","9":"product_tag-buggdetektor-sv","10":"product_tag-informationssakerhet","11":"product_tag-insektsdetektor","12":"product_tag-tscm-sv","13":"product_tag-tscm-detektor-sv","14":"product_tag-tscm-utrustning-sv","16":"first","17":"instock","18":"taxable","19":"shipping-taxable","20":"purchasable","21":"product-type-simple"},"_links":{"self":[{"href":"https:\/\/cryptsec.se\/sv\/wp-json\/wp\/v2\/product\/30056","targetHints":{"allow":["GET"]}}],"collection":[{"href":"https:\/\/cryptsec.se\/sv\/wp-json\/wp\/v2\/product"}],"about":[{"href":"https:\/\/cryptsec.se\/sv\/wp-json\/wp\/v2\/types\/product"}],"wp:featuredmedia":[{"embeddable":true,"href":"https:\/\/cryptsec.se\/sv\/wp-json\/wp\/v2\/media\/28537"}],"wp:attachment":[{"href":"https:\/\/cryptsec.se\/sv\/wp-json\/wp\/v2\/media?parent=30056"}],"wp:term":[{"taxonomy":"product_brand","embeddable":true,"href":"https:\/\/cryptsec.se\/sv\/wp-json\/wp\/v2\/product_brand?post=30056"},{"taxonomy":"product_cat","embeddable":true,"href":"https:\/\/cryptsec.se\/sv\/wp-json\/wp\/v2\/product_cat?post=30056"},{"taxonomy":"product_tag","embeddable":true,"href":"https:\/\/cryptsec.se\/sv\/wp-json\/wp\/v2\/product_tag?post=30056"},{"taxonomy":"berocket_brand","embeddable":true,"href":"https:\/\/cryptsec.se\/sv\/wp-json\/wp\/v2\/berocket_brand?post=30056"}],"curies":[{"name":"wp","href":"https:\/\/api.w.org\/{rel}","templated":true}]}}