{"id":30089,"date":"2021-11-13T16:16:12","date_gmt":"2021-11-13T15:16:12","guid":{"rendered":"https:\/\/cryptsec.se\/product\/eagle-4mp-fullfargsturretkameror-med-fast-objektiv\/"},"modified":"2021-11-13T16:16:12","modified_gmt":"2021-11-13T15:16:12","slug":"eagle-4mp-fullfargsturretkameror-med-fast-objektiv","status":"publish","type":"product","link":"https:\/\/cryptsec.se\/sv\/product\/eagle-4mp-fullfargsturretkameror-med-fast-objektiv\/","title":{"rendered":"Eagle 4MP fullf\u00e4rgsturretkameror med fast objektiv"},"content":{"rendered":"<p>Vi presenterar Eagle 4MP n\u00e4tverkstornkamera med fast objektiv i fullf\u00e4rg, en banbrytande \u00f6vervakningsl\u00f6sning som \u00e4r utformad f\u00f6r att ge levande videobilder i fullf\u00e4rg, dag som natt. Med sin h\u00f6guppl\u00f6sta 4MP-bildbehandling och fasta lins f\u00e5ngar denna kamera detaljerade och tydliga bilder, vilket s\u00e4kerst\u00e4ller omfattande t\u00e4ckning och f\u00f6rb\u00e4ttrad s\u00e4kerhet f\u00f6r alla fastigheter. <\/p>\n<ul>\n<li><strong>4MP h\u00f6guppl\u00f6st bildbehandling<\/strong>: Ger skarpa, detaljerade bilder f\u00f6r korrekt identifiering och \u00f6vervakning.<\/li>\n<li><strong>Nattseende i fullf\u00e4rg<\/strong>: Ger tydlig f\u00e4rgvideo i svagt ljus utan behov av extra belysning.<\/li>\n<li><strong>H\u00e5llbar och v\u00e4derbest\u00e4ndig<\/strong>: Byggd f\u00f6r att klara sv\u00e5ra v\u00e4derf\u00f6rh\u00e5llanden, vilket garanterar tillf\u00f6rlitlig prestanda b\u00e5de inomhus och utomhus.<\/li>\n<\/ul>\n<p>Eagle 4MP Full-Colour Fixed Lens Network Turret Camera \u00e4r idealisk f\u00f6r omr\u00e5den d\u00e4r h\u00f6gkvalitativ \u00f6vervakning \u00e4r avg\u00f6rande och erbjuder \u00f6verl\u00e4gsen bildsk\u00e4rpa och m\u00f6rkerseende i fullf\u00e4rg. Den enkla installationen och kompatibiliteten med olika NVR:er g\u00f6r den till ett m\u00e5ngsidigt val f\u00f6r att f\u00f6rb\u00e4ttra s\u00e4kerhetssystemen. <\/p>\n","protected":false},"excerpt":{"rendered":"<div class=\"product attribute overview\">\n<div class=\"product attribute overview\">\n<div class=\"value\">\n<div class=\"product attribute overview\">\n<div class=\"value\">\n<div class=\"product attribute overview\">\n<div class=\"value\">\n<div class=\"product attribute overview\">\n<div class=\"value\">\n<div class=\"product attribute overview\">\n<div class=\"value\">\n<div class=\"product attribute overview\">\n<div class=\"value\">\n<div class=\"product attribute overview\">\n<div class=\"value\">\n<div class=\"product attribute overview\">\n<div class=\"value\">\n<div class=\"product attribute overview\">\n<div class=\"value\">\n<div class=\"product attribute overview\">\n<div class=\"value\">\n<div class=\"product attribute overview\">\n<div class=\"value\">\n<div class=\"product attribute overview\">\n<div class=\"value\">\n<div class=\"product attribute overview\">\n<div class=\"product attribute overview\">\n<div class=\"value\">\n<div class=\"product attribute overview\">\n<div class=\"value\">\n<div class=\"product attribute overview\">\n<div class=\"value\">\n<div class=\"product attribute overview\">\n<div class=\"value\">\n<ul>\n<li>2,8 mm fast lins<\/li>\n<li>4MP uppl\u00f6sning av h\u00f6g kvalitet<\/li>\n<li>IP67-klassad<\/li>\n<li>DC 12V Nominell<\/li>\n<\/ul>\n<\/div>\n<\/div>\n<\/div>\n<\/div>\n<\/div>\n<\/div>\n<\/div>\n<\/div>\n<\/div>\n<\/div>\n<\/div>\n<\/div>\n<\/div>\n<\/div>\n<\/div>\n<\/div>\n<\/div>\n<\/div>\n<\/div>\n<\/div>\n<\/div>\n<\/div>\n<\/div>\n<\/div>\n<\/div>\n<\/div>\n<\/div>\n<\/div>\n<\/div>\n<\/div>\n<\/div>\n<\/div>\n<\/div>\n<\/div>\n<p>Kod: EAGLE4C-IP-TUR-F<\/p>\n","protected":false},"featured_media":26357,"template":"","meta":[],"product_brand":[67],"product_cat":[853,851,829],"product_tag":[949,1148,951,1146,953,961],"berocket_brand":[],"class_list":{"0":"post-30089","1":"product","2":"type-product","3":"status-publish","4":"has-post-thumbnail","6":"product_brand-qvis","7":"product_cat-eagle-ip-kameror","8":"product_cat-ip-kameror","9":"product_cat-kameraovervakning","10":"product_tag-cctv-sv","11":"product_tag-ip-kamera-sv-2","12":"product_tag-ip-kamera-sv","13":"product_tag-natverkskamera-sv-2","14":"product_tag-natverkskamera-sv","15":"product_tag-overvakningskamera-sv","17":"first","18":"instock","19":"taxable","20":"shipping-taxable","21":"purchasable","22":"product-type-simple"},"_links":{"self":[{"href":"https:\/\/cryptsec.se\/sv\/wp-json\/wp\/v2\/product\/30089","targetHints":{"allow":["GET"]}}],"collection":[{"href":"https:\/\/cryptsec.se\/sv\/wp-json\/wp\/v2\/product"}],"about":[{"href":"https:\/\/cryptsec.se\/sv\/wp-json\/wp\/v2\/types\/product"}],"wp:featuredmedia":[{"embeddable":true,"href":"https:\/\/cryptsec.se\/sv\/wp-json\/wp\/v2\/media\/26357"}],"wp:attachment":[{"href":"https:\/\/cryptsec.se\/sv\/wp-json\/wp\/v2\/media?parent=30089"}],"wp:term":[{"taxonomy":"product_brand","embeddable":true,"href":"https:\/\/cryptsec.se\/sv\/wp-json\/wp\/v2\/product_brand?post=30089"},{"taxonomy":"product_cat","embeddable":true,"href":"https:\/\/cryptsec.se\/sv\/wp-json\/wp\/v2\/product_cat?post=30089"},{"taxonomy":"product_tag","embeddable":true,"href":"https:\/\/cryptsec.se\/sv\/wp-json\/wp\/v2\/product_tag?post=30089"},{"taxonomy":"berocket_brand","embeddable":true,"href":"https:\/\/cryptsec.se\/sv\/wp-json\/wp\/v2\/berocket_brand?post=30089"}],"curies":[{"name":"wp","href":"https:\/\/api.w.org\/{rel}","templated":true}]}}