{"id":30100,"date":"2021-11-13T16:37:49","date_gmt":"2021-11-13T15:37:49","guid":{"rendered":"https:\/\/cryptsec.se\/product\/eagle-4k-nvr\/"},"modified":"2021-11-13T16:37:49","modified_gmt":"2021-11-13T15:37:49","slug":"eagle-4k-nvr","status":"publish","type":"product","link":"https:\/\/cryptsec.se\/sv\/product\/eagle-4k-nvr\/","title":{"rendered":"Eagle 4K NVR"},"content":{"rendered":"<p>Vi presenterar Eagle 4K NVR, en kraftfull n\u00e4tverksvideobandspelare som \u00e4r utformad f\u00f6r att hantera och spela in h\u00f6guppl\u00f6sta \u00f6vervakningsbilder \u00f6ver flera kanaler. Med st\u00f6d f\u00f6r upp till 4K-uppl\u00f6sning s\u00e4kerst\u00e4ller denna NVR att varje detalj f\u00e5ngas med klarhet, vilket g\u00f6r den perfekt f\u00f6r att s\u00e4kra kommersiella fastigheter, bostadsomr\u00e5den och kritisk infrastruktur. <\/p>\n<ul>\n<li><strong>St\u00f6d f\u00f6r 4K Ultra-High Definition<\/strong>: F\u00e5ngar och visar \u00f6vervakningsfilmer i fantastisk 4K-uppl\u00f6sning.<\/li>\n<li><strong>Avancerade lagringsl\u00f6sningar<\/strong>: Erbjuder omfattande lagringskapacitet, vilket m\u00f6jligg\u00f6r f\u00f6rl\u00e4ngda inspelningstider utan att kvaliteten f\u00f6rs\u00e4mras.<\/li>\n<li><strong>Enkel fj\u00e4rr\u00e5tkomst<\/strong>: M\u00f6jligg\u00f6r \u00f6vervakning var som helst, n\u00e4r som helst, via ett anv\u00e4ndarv\u00e4nligt gr\u00e4nssnitt p\u00e5 din smartphone, surfplatta eller dator.<\/li>\n<\/ul>\n<p>4K NVR \u00e4r utformad f\u00f6r skalbarhet och anv\u00e4ndarv\u00e4nlighet, st\u00f6der ett brett utbud av kameror och har funktioner som r\u00f6relsedetekteringsvarningar och s\u00f6ml\u00f6s integration med befintliga s\u00e4kerhetssystem. Den robusta konstruktionen och tillf\u00f6rlitliga prestandan g\u00f6r den till en viktig komponent i alla avancerade \u00f6vervakningssystem. <\/p>\n","protected":false},"excerpt":{"rendered":"<div class=\"product attribute overview\">\n<div class=\"value\">\n<div class=\"product attribute overview\">\n<div class=\"value\">\n<ul>\n<li>4, 8, 16 och 32 kanaler tillg\u00e4ngliga<\/li>\n<li>4K-inspelning<\/li>\n<li>S\u00e4kerhetskopiering via USB<\/li>\n<\/ul>\n<\/div>\n<\/div>\n<\/div>\n<\/div>\n","protected":false},"featured_media":26363,"template":"","meta":[],"product_brand":[67],"product_cat":[856,829,855],"product_tag":[],"berocket_brand":[],"class_list":{"0":"post-30100","1":"product","2":"type-product","3":"status-publish","4":"has-post-thumbnail","6":"product_brand-qvis","7":"product_cat-eagle-ip-inspelare","8":"product_cat-kameraovervakning","9":"product_cat-ip-video-inspelare","11":"first","12":"instock","13":"taxable","14":"shipping-taxable","15":"purchasable","16":"product-type-variable"},"_links":{"self":[{"href":"https:\/\/cryptsec.se\/sv\/wp-json\/wp\/v2\/product\/30100","targetHints":{"allow":["GET"]}}],"collection":[{"href":"https:\/\/cryptsec.se\/sv\/wp-json\/wp\/v2\/product"}],"about":[{"href":"https:\/\/cryptsec.se\/sv\/wp-json\/wp\/v2\/types\/product"}],"wp:featuredmedia":[{"embeddable":true,"href":"https:\/\/cryptsec.se\/sv\/wp-json\/wp\/v2\/media\/26363"}],"wp:attachment":[{"href":"https:\/\/cryptsec.se\/sv\/wp-json\/wp\/v2\/media?parent=30100"}],"wp:term":[{"taxonomy":"product_brand","embeddable":true,"href":"https:\/\/cryptsec.se\/sv\/wp-json\/wp\/v2\/product_brand?post=30100"},{"taxonomy":"product_cat","embeddable":true,"href":"https:\/\/cryptsec.se\/sv\/wp-json\/wp\/v2\/product_cat?post=30100"},{"taxonomy":"product_tag","embeddable":true,"href":"https:\/\/cryptsec.se\/sv\/wp-json\/wp\/v2\/product_tag?post=30100"},{"taxonomy":"berocket_brand","embeddable":true,"href":"https:\/\/cryptsec.se\/sv\/wp-json\/wp\/v2\/berocket_brand?post=30100"}],"curies":[{"name":"wp","href":"https:\/\/api.w.org\/{rel}","templated":true}]}}