{"id":30112,"date":"2021-11-12T15:51:29","date_gmt":"2021-11-12T14:51:29","guid":{"rendered":"https:\/\/cryptsec.se\/product\/viper-4k-bullet-kamera-med-fast-objektiv\/"},"modified":"2025-01-17T16:58:22","modified_gmt":"2025-01-17T15:58:22","slug":"viper-4k-bullet-kamera-med-fast-objektiv","status":"publish","type":"product","link":"https:\/\/cryptsec.se\/sv\/product\/viper-4k-bullet-kamera-med-fast-objektiv\/","title":{"rendered":"Viper 4K Bullet-kamera med fast objektiv"},"content":{"rendered":"<p>F\u00f6rb\u00e4ttra ditt \u00f6vervakningssystem med 4K\/8MP Viper IP Fixed Lens Bullet Camera, en toppmodern l\u00f6sning som \u00e4r utformad f\u00f6r att leverera ultrah\u00f6guppl\u00f6st videokvalitet. Den h\u00e4r kraftfulla kameran f\u00e5ngar bilder i fantastisk 4K-uppl\u00f6sning, vilket ger detaljerade och tydliga bilder \u00f6ver ett brett omr\u00e5de. Utrustad med en fast lins s\u00e4kerst\u00e4ller den konsekvent t\u00e4ckning, medan det inbyggda infrar\u00f6da m\u00f6rkerseendet ger tydlig synlighet i fullst\u00e4ndigt m\u00f6rker, vilket g\u00f6r den perfekt f\u00f6r s\u00e4kerhet dygnet runt.  <\/p>\n<ul>\n<li><strong>4K Ultra-High Definition<\/strong>: Ger o\u00f6vertr\u00e4ffad klarhet med 8 MP-uppl\u00f6sning f\u00f6r detaljerad \u00f6vervakning.<\/li>\n<li><strong>Bred t\u00e4ckning<\/strong>: Det fasta objektivet ger ett brett synf\u00e4lt som g\u00f6r det l\u00e4tt att f\u00e5nga stora omr\u00e5den.<\/li>\n<li><strong>Infrar\u00f6d nattvision<\/strong>: Ger tydliga, detaljerade bilder p\u00e5 upp till 30 meters avst\u00e5nd, \u00e4ven i totalt m\u00f6rker.<\/li>\n<\/ul>\n<p>4K\/8MP Viper IP Fixed Lens Bullet Camera \u00e4r utformad f\u00f6r b\u00e5de inomhus- och utomhusbruk och \u00e4r byggd f\u00f6r att klara olika milj\u00f6f\u00f6rh\u00e5llanden, vilket garanterar tillf\u00f6rlitlig prestanda varhelst den beh\u00f6vs. Den eleganta designen och den enkla installationen g\u00f6r den till ett perfekt val f\u00f6r att s\u00e4kra kommersiella fastigheter, bostadsomr\u00e5den och offentliga utrymmen. <\/p>\n","protected":false},"excerpt":{"rendered":"<div class=\"product attribute overview\">\n<div class=\"product attribute overview\">\n<div class=\"value\">\n<div class=\"product attribute overview\">\n<div class=\"value\">\n<div class=\"product attribute overview\">\n<div class=\"value\">\n<div class=\"product attribute overview\">\n<div class=\"value\">\n<div class=\"product attribute overview\">\n<div class=\"value\">\n<div class=\"product attribute overview\">\n<div class=\"value\">\n<div class=\"product attribute overview\">\n<div class=\"value\">\n<ul>\n<li>4K-kvalitetsbild<\/li>\n<li>Upp till 30 m IR-r\u00e4ckvidd<\/li>\n<li>2,8 mm fast lins<\/li>\n<\/ul>\n<\/div>\n<\/div>\n<\/div>\n<\/div>\n<\/div>\n<\/div>\n<\/div>\n<\/div>\n<\/div>\n<\/div>\n<\/div>\n<\/div>\n<\/div>\n<\/div>\n<\/div>\n<p>Kod: BULLETVIP4K-F<\/p>\n","protected":false},"featured_media":26319,"template":"","meta":[],"product_brand":[67],"product_cat":[851,829,854],"product_tag":[],"berocket_brand":[],"class_list":{"0":"post-30112","1":"product","2":"type-product","3":"status-publish","4":"has-post-thumbnail","6":"product_brand-qvis","7":"product_cat-ip-kameror","8":"product_cat-kameraovervakning","9":"product_cat-viper-ip-kameror","11":"first","12":"instock","13":"taxable","14":"shipping-taxable","15":"purchasable","16":"product-type-simple"},"_links":{"self":[{"href":"https:\/\/cryptsec.se\/sv\/wp-json\/wp\/v2\/product\/30112","targetHints":{"allow":["GET"]}}],"collection":[{"href":"https:\/\/cryptsec.se\/sv\/wp-json\/wp\/v2\/product"}],"about":[{"href":"https:\/\/cryptsec.se\/sv\/wp-json\/wp\/v2\/types\/product"}],"wp:featuredmedia":[{"embeddable":true,"href":"https:\/\/cryptsec.se\/sv\/wp-json\/wp\/v2\/media\/26319"}],"wp:attachment":[{"href":"https:\/\/cryptsec.se\/sv\/wp-json\/wp\/v2\/media?parent=30112"}],"wp:term":[{"taxonomy":"product_brand","embeddable":true,"href":"https:\/\/cryptsec.se\/sv\/wp-json\/wp\/v2\/product_brand?post=30112"},{"taxonomy":"product_cat","embeddable":true,"href":"https:\/\/cryptsec.se\/sv\/wp-json\/wp\/v2\/product_cat?post=30112"},{"taxonomy":"product_tag","embeddable":true,"href":"https:\/\/cryptsec.se\/sv\/wp-json\/wp\/v2\/product_tag?post=30112"},{"taxonomy":"berocket_brand","embeddable":true,"href":"https:\/\/cryptsec.se\/sv\/wp-json\/wp\/v2\/berocket_brand?post=30112"}],"curies":[{"name":"wp","href":"https:\/\/api.w.org\/{rel}","templated":true}]}}