{"id":30114,"date":"2021-11-12T18:15:44","date_gmt":"2021-11-12T17:15:44","guid":{"rendered":"https:\/\/cryptsec.se\/product\/viper-4k-ir-bullet-kamera\/"},"modified":"2025-01-17T16:58:25","modified_gmt":"2025-01-17T15:58:25","slug":"viper-4k-ir-bullet-kamera","status":"publish","type":"product","link":"https:\/\/cryptsec.se\/sv\/product\/viper-4k-ir-bullet-kamera\/","title":{"rendered":"Viper 4K IR Bullet-kamera"},"content":{"rendered":"<p><strong>Produktbeskrivning:<\/strong> Vi introducerar 4K\/8MP Viper Network IR Bullet Camera med fast objektiv, ett kraftpaket inom h\u00f6guppl\u00f6st \u00f6vervakning. Kameran levererar fantastisk 4K-uppl\u00f6sning, vilket ger ultrah\u00f6guppl\u00f6sta bilder som f\u00e5ngar varje detalj med precision. Utrustad med infrar\u00f6tt (IR) m\u00f6rkerseende s\u00e4kerst\u00e4ller den tydliga, detaljerade bilder \u00e4ven i fullst\u00e4ndigt m\u00f6rker, vilket g\u00f6r den till en idealisk l\u00f6sning f\u00f6r s\u00e4kerhet dygnet runt.  <\/p>\n<ul>\n<li><strong>4K Ultra-High Definition<\/strong>: Ger o\u00f6vertr\u00e4ffad klarhet och detaljrikedom med en uppl\u00f6sning p\u00e5 8 MP.<\/li>\n<li><strong>Infrar\u00f6d nattseende<\/strong>: Ger exceptionell prestanda i svagt ljus och tar tydliga bilder p\u00e5 upp till 30 meters avst\u00e5nd.<\/li>\n<li><strong>H\u00e5llbar och v\u00e4derbest\u00e4ndig<\/strong>: Byggd f\u00f6r att klara tuffa milj\u00f6f\u00f6rh\u00e5llanden, vilket garanterar tillf\u00f6rlitlig drift b\u00e5de inomhus och utomhus.<\/li>\n<\/ul>\n<p>4K\/8MP Viper Network IR Fixed Lens Bullet Camera \u00e4r utformad f\u00f6r dem som kr\u00e4ver \u00f6verl\u00e4gsen bildkvalitet och tillf\u00f6rlitlighet. Den fasta linsen erbjuder en bred betraktningsvinkel, perfekt f\u00f6r \u00f6vervakning av stora omr\u00e5den som parkeringsplatser, perimetrar och offentliga utrymmen. Med sin robusta konstruktion och enkla installation \u00e4r den h\u00e4r kameran ett m\u00e5ngsidigt val f\u00f6r att f\u00f6rb\u00e4ttra s\u00e4kerheten i alla milj\u00f6er.  <\/p>\n","protected":false},"excerpt":{"rendered":"<div class=\"product attribute overview\">\n<div class=\"product attribute overview\">\n<div class=\"value\">\n<div class=\"product attribute overview\">\n<div class=\"value\">\n<div class=\"product attribute overview\">\n<div class=\"value\">\n<div class=\"product attribute overview\">\n<div class=\"value\">\n<div class=\"product attribute overview\">\n<div class=\"value\">\n<div class=\"product attribute overview\">\n<div class=\"value\">\n<div class=\"product attribute overview\">\n<div class=\"value\">\n<div class=\"product attribute overview\">\n<div class=\"value\">\n<div class=\"product attribute overview\">\n<p>Viper introducerar en 4K\/8MP IR-n\u00e4tverkskamera med fast objektiv.<\/p>\n<ul>\n<li>2,8 mm fast lins<\/li>\n<li>4K\/8MP-uppl\u00f6sning<\/li>\n<li>Upp till 50 m IR-r\u00e4ckvidd<\/li>\n<li>IP67-klassad<\/li>\n<\/ul>\n<\/div>\n<\/div>\n<\/div>\n<\/div>\n<\/div>\n<\/div>\n<\/div>\n<\/div>\n<\/div>\n<\/div>\n<\/div>\n<\/div>\n<\/div>\n<\/div>\n<\/div>\n<\/div>\n<\/div>\n<\/div>\n<p>Kod: BULLETVIP4KS3-FG-A<\/p>\n","protected":false},"featured_media":26328,"template":"","meta":[],"product_brand":[67],"product_cat":[851,829,854],"product_tag":[],"berocket_brand":[],"class_list":{"0":"post-30114","1":"product","2":"type-product","3":"status-publish","4":"has-post-thumbnail","6":"product_brand-qvis","7":"product_cat-ip-kameror","8":"product_cat-kameraovervakning","9":"product_cat-viper-ip-kameror","11":"first","12":"instock","13":"taxable","14":"shipping-taxable","15":"purchasable","16":"product-type-simple"},"_links":{"self":[{"href":"https:\/\/cryptsec.se\/sv\/wp-json\/wp\/v2\/product\/30114","targetHints":{"allow":["GET"]}}],"collection":[{"href":"https:\/\/cryptsec.se\/sv\/wp-json\/wp\/v2\/product"}],"about":[{"href":"https:\/\/cryptsec.se\/sv\/wp-json\/wp\/v2\/types\/product"}],"wp:featuredmedia":[{"embeddable":true,"href":"https:\/\/cryptsec.se\/sv\/wp-json\/wp\/v2\/media\/26328"}],"wp:attachment":[{"href":"https:\/\/cryptsec.se\/sv\/wp-json\/wp\/v2\/media?parent=30114"}],"wp:term":[{"taxonomy":"product_brand","embeddable":true,"href":"https:\/\/cryptsec.se\/sv\/wp-json\/wp\/v2\/product_brand?post=30114"},{"taxonomy":"product_cat","embeddable":true,"href":"https:\/\/cryptsec.se\/sv\/wp-json\/wp\/v2\/product_cat?post=30114"},{"taxonomy":"product_tag","embeddable":true,"href":"https:\/\/cryptsec.se\/sv\/wp-json\/wp\/v2\/product_tag?post=30114"},{"taxonomy":"berocket_brand","embeddable":true,"href":"https:\/\/cryptsec.se\/sv\/wp-json\/wp\/v2\/berocket_brand?post=30114"}],"curies":[{"name":"wp","href":"https:\/\/api.w.org\/{rel}","templated":true}]}}