{"id":30115,"date":"2021-11-12T18:32:59","date_gmt":"2021-11-12T17:32:59","guid":{"rendered":"https:\/\/cryptsec.se\/product\/viper-2mp-ip-kamera-for-torn\/"},"modified":"2025-01-17T16:46:39","modified_gmt":"2025-01-17T15:46:39","slug":"viper-2mp-ip-kamera-for-torn","status":"publish","type":"product","link":"https:\/\/cryptsec.se\/sv\/product\/viper-2mp-ip-kamera-for-torn\/","title":{"rendered":"Viper 2MP IP-kamera f\u00f6r torn"},"content":{"rendered":"<p>Vi introducerar Viper IP 2MP-kameror med fast objektiv, konstruerade f\u00f6r skarp, tydlig \u00f6vervakning i en kompakt design. Dessa kameror levererar h\u00f6gkvalitativ video med 2MP-uppl\u00f6sning, vilket garanterar detaljerade bilder och bred t\u00e4ckning med sin fasta linsupps\u00e4ttning. De \u00e4r idealiska f\u00f6r b\u00e5de inomhus- och utomhusmilj\u00f6er och \u00e4r utrustade med avancerade funktioner f\u00f6r m\u00f6rkerseende, vilket ger tillf\u00f6rlitlig s\u00e4kerhet i olika ljusf\u00f6rh\u00e5llanden.  <\/p>\n<ul>\n<li><strong>2MP h\u00f6guppl\u00f6st video<\/strong>: Ger skarp och detaljerad bild\u00e5tergivning f\u00f6r effektiv \u00f6vervakning och identifiering.<\/li>\n<li><strong>Bred t\u00e4ckning<\/strong>: Den fasta linsen f\u00e5ngar upp ett brett synf\u00e4lt, perfekt f\u00f6r omfattande \u00f6vervakning.<\/li>\n<li><strong>F\u00f6rb\u00e4ttrat m\u00f6rkerseende<\/strong>: S\u00e4kerst\u00e4ller synlighet i d\u00e5liga ljusf\u00f6rh\u00e5llanden och uppr\u00e4tth\u00e5ller s\u00e4kerheten dag som natt.<\/li>\n<\/ul>\n<p>2MP Viper IP Turret-kameror med fast objektiv \u00e4r utformade f\u00f6r h\u00e5llbarhet och har en robust konstruktion som \u00e4r v\u00e4derbest\u00e4ndig, vilket s\u00e4kerst\u00e4ller prestanda under olika f\u00f6rh\u00e5llanden. Med enkel installation och s\u00f6ml\u00f6s n\u00e4tverksintegration \u00e4r dessa kameror l\u00e4mpliga f\u00f6r ett brett utbud av s\u00e4kerhetsapplikationer, fr\u00e5n bost\u00e4der till kommersiella milj\u00f6er. <\/p>\n","protected":false},"excerpt":{"rendered":"<div class=\"product attribute overview\">\n<div class=\"product attribute overview\">\n<div class=\"value\">\n<div class=\"product attribute overview\">\n<div class=\"value\">\n<div class=\"product attribute overview\">\n<div class=\"value\">\n<div class=\"product attribute overview\">\n<div class=\"value\">\n<div class=\"product attribute overview\">\n<div class=\"value\">\n<div class=\"product attribute overview\">\n<div class=\"value\">\n<div class=\"product attribute overview\">\n<div class=\"value\">\n<div class=\"product attribute overview\">\n<div class=\"value\">\n<div class=\"product attribute overview\">\n<div class=\"value\">\n<ul>\n<li>2MP kvalitetsbild<\/li>\n<li>Upp till 30 m IR-r\u00e4ckvidd<\/li>\n<li>2,8 mm fast lins<\/li>\n<\/ul>\n<\/div>\n<\/div>\n<\/div>\n<\/div>\n<\/div>\n<\/div>\n<\/div>\n<\/div>\n<\/div>\n<\/div>\n<\/div>\n<\/div>\n<\/div>\n<\/div>\n<\/div>\n<\/div>\n<\/div>\n<\/div>\n<\/div>\n<p>Kod: TURVIP-2-F<\/p>\n","protected":false},"featured_media":29706,"template":"","meta":[],"product_brand":[67],"product_cat":[851,829,854],"product_tag":[949,951,1148,954,956,961,964,1150],"berocket_brand":[],"class_list":{"0":"post-30115","1":"product","2":"type-product","3":"status-publish","4":"has-post-thumbnail","6":"product_brand-qvis","7":"product_cat-ip-kameror","8":"product_cat-kameraovervakning","9":"product_cat-viper-ip-kameror","10":"product_tag-cctv-sv","11":"product_tag-ip-kamera-sv","12":"product_tag-ip-kamera-sv-2","13":"product_tag-kameraovervakning-sv","14":"product_tag-natverkskameror-sv","15":"product_tag-overvakningskamera-sv","16":"product_tag-sakerhetskamera-sv","17":"product_tag-viper-cctv-sv","19":"first","20":"instock","21":"sale","22":"taxable","23":"shipping-taxable","24":"purchasable","25":"product-type-variable","26":"has-default-attributes"},"_links":{"self":[{"href":"https:\/\/cryptsec.se\/sv\/wp-json\/wp\/v2\/product\/30115","targetHints":{"allow":["GET"]}}],"collection":[{"href":"https:\/\/cryptsec.se\/sv\/wp-json\/wp\/v2\/product"}],"about":[{"href":"https:\/\/cryptsec.se\/sv\/wp-json\/wp\/v2\/types\/product"}],"wp:featuredmedia":[{"embeddable":true,"href":"https:\/\/cryptsec.se\/sv\/wp-json\/wp\/v2\/media\/29706"}],"wp:attachment":[{"href":"https:\/\/cryptsec.se\/sv\/wp-json\/wp\/v2\/media?parent=30115"}],"wp:term":[{"taxonomy":"product_brand","embeddable":true,"href":"https:\/\/cryptsec.se\/sv\/wp-json\/wp\/v2\/product_brand?post=30115"},{"taxonomy":"product_cat","embeddable":true,"href":"https:\/\/cryptsec.se\/sv\/wp-json\/wp\/v2\/product_cat?post=30115"},{"taxonomy":"product_tag","embeddable":true,"href":"https:\/\/cryptsec.se\/sv\/wp-json\/wp\/v2\/product_tag?post=30115"},{"taxonomy":"berocket_brand","embeddable":true,"href":"https:\/\/cryptsec.se\/sv\/wp-json\/wp\/v2\/berocket_brand?post=30115"}],"curies":[{"name":"wp","href":"https:\/\/api.w.org\/{rel}","templated":true}]}}