{"id":30118,"date":"2021-11-12T18:50:05","date_gmt":"2021-11-12T17:50:05","guid":{"rendered":"https:\/\/cryptsec.se\/product\/viper-8mp-4k-tornkamera\/"},"modified":"2025-01-17T16:46:40","modified_gmt":"2025-01-17T15:46:40","slug":"viper-8mp-4k-tornkamera","status":"publish","type":"product","link":"https:\/\/cryptsec.se\/sv\/product\/viper-8mp-4k-tornkamera\/","title":{"rendered":"Viper 8MP 4K tornkamera"},"content":{"rendered":"<p>Uppt\u00e4ck de banbrytande 8MP\/4K Viper IP-kamerorna med fast objektiv, utformade f\u00f6r att leverera \u00f6verl\u00e4gsen \u00f6vervakning med ultrah\u00f6guppl\u00f6st videokvalitet. Kamerorna har 8MP (4K)-uppl\u00f6sning f\u00f6r kristallklara bilder, vilket s\u00e4kerst\u00e4ller att varje detalj f\u00e5ngas med precision. Den fasta linsen ger ett brett synf\u00e4lt, vilket g\u00f6r den idealisk f\u00f6r att t\u00e4cka stora omr\u00e5den utan att kompromissa med bildkvaliteten. Kamerorna \u00e4r utrustade med avancerade funktioner f\u00f6r m\u00f6rkerseende och ger tillf\u00f6rlitlig prestanda i svagt ljus, vilket uppr\u00e4tth\u00e5ller s\u00e4kerheten dygnet runt.   <\/p>\n<ul>\n<li><strong>8 MP (4K) ultrah\u00f6g uppl\u00f6sning<\/strong>: F\u00e5ngar detaljerade och skarpa bilder, vilket ger \u00f6verl\u00e4gsen videokvalitet f\u00f6r \u00f6vervakning.<\/li>\n<li><strong>Brett synf\u00e4lt<\/strong>: Den fasta linsen ger en helt\u00e4ckande bild, perfekt f\u00f6r \u00f6vervakning av stora utrymmen.<\/li>\n<li><strong>Avancerad nattseende<\/strong>: Ger tydliga bilder i svagt ljus, vilket garanterar kontinuerlig s\u00e4kerhet.<\/li>\n<\/ul>\n<p>8MP\/4K Viper IP Turret-kameror med fast objektiv \u00e4r byggda f\u00f6r att klara utomhusmilj\u00f6er och har en h\u00e5llbar design som \u00e4r motst\u00e5ndskraftig mot vatten och damm. Dessa kameror \u00e4r perfekta f\u00f6r att s\u00e4kra kommersiella fastigheter, bostadsomr\u00e5den och offentliga utrymmen, och erbjuder enkel installation och s\u00f6ml\u00f6s integration i befintliga s\u00e4kerhetssystem. <\/p>\n","protected":false},"excerpt":{"rendered":"<div class=\"product attribute overview\">\n<div class=\"product attribute overview\">\n<div class=\"value\">\n<div class=\"product attribute overview\">\n<div class=\"value\">\n<div class=\"product attribute overview\">\n<div class=\"value\">\n<div class=\"product attribute overview\">\n<div class=\"value\">\n<div class=\"product attribute overview\">\n<div class=\"value\">\n<div class=\"product attribute overview\">\n<div class=\"value\">\n<div class=\"product attribute overview\">\n<div class=\"value\">\n<div class=\"product attribute overview\">\n<div class=\"value\">\n<div class=\"product attribute overview\">\n<div class=\"value\">\n<div class=\"product attribute overview\">\n<div class=\"value\">\n<ul>\n<li>4K\/8MP-uppl\u00f6sning<\/li>\n<li>2,8 mm fast lins<\/li>\n<li>IP66-klassad<\/li>\n<li>Tillg\u00e4nglig med ljud<\/li>\n<\/ul>\n<\/div>\n<\/div>\n<\/div>\n<\/div>\n<\/div>\n<\/div>\n<\/div>\n<\/div>\n<\/div>\n<\/div>\n<\/div>\n<\/div>\n<\/div>\n<\/div>\n<\/div>\n<\/div>\n<\/div>\n<\/div>\n<\/div>\n<\/div>\n<\/div>\n<p>Kod: TURVIP4K-F<\/p>\n","protected":false},"featured_media":26316,"template":"","meta":[],"product_brand":[67],"product_cat":[851,829,854],"product_tag":[],"berocket_brand":[],"class_list":{"0":"post-30118","1":"product","2":"type-product","3":"status-publish","4":"has-post-thumbnail","6":"product_brand-qvis","7":"product_cat-ip-kameror","8":"product_cat-kameraovervakning","9":"product_cat-viper-ip-kameror","11":"first","12":"instock","13":"sale","14":"taxable","15":"shipping-taxable","16":"purchasable","17":"product-type-simple"},"_links":{"self":[{"href":"https:\/\/cryptsec.se\/sv\/wp-json\/wp\/v2\/product\/30118","targetHints":{"allow":["GET"]}}],"collection":[{"href":"https:\/\/cryptsec.se\/sv\/wp-json\/wp\/v2\/product"}],"about":[{"href":"https:\/\/cryptsec.se\/sv\/wp-json\/wp\/v2\/types\/product"}],"wp:featuredmedia":[{"embeddable":true,"href":"https:\/\/cryptsec.se\/sv\/wp-json\/wp\/v2\/media\/26316"}],"wp:attachment":[{"href":"https:\/\/cryptsec.se\/sv\/wp-json\/wp\/v2\/media?parent=30118"}],"wp:term":[{"taxonomy":"product_brand","embeddable":true,"href":"https:\/\/cryptsec.se\/sv\/wp-json\/wp\/v2\/product_brand?post=30118"},{"taxonomy":"product_cat","embeddable":true,"href":"https:\/\/cryptsec.se\/sv\/wp-json\/wp\/v2\/product_cat?post=30118"},{"taxonomy":"product_tag","embeddable":true,"href":"https:\/\/cryptsec.se\/sv\/wp-json\/wp\/v2\/product_tag?post=30118"},{"taxonomy":"berocket_brand","embeddable":true,"href":"https:\/\/cryptsec.se\/sv\/wp-json\/wp\/v2\/berocket_brand?post=30118"}],"curies":[{"name":"wp","href":"https:\/\/api.w.org\/{rel}","templated":true}]}}