{"id":30119,"date":"2021-11-12T22:04:34","date_gmt":"2021-11-12T21:04:34","guid":{"rendered":"https:\/\/cryptsec.se\/product\/eagle-4mp-ptz-kamera-med-30x-zoom\/"},"modified":"2025-01-17T16:46:41","modified_gmt":"2025-01-17T15:46:41","slug":"eagle-4mp-ptz-kamera-med-30x-zoom","status":"publish","type":"product","link":"https:\/\/cryptsec.se\/sv\/product\/eagle-4mp-ptz-kamera-med-30x-zoom\/","title":{"rendered":"Eagle 4MP PTZ-kamera med 30x zoom"},"content":{"rendered":"<p>Eagle 4MP IR PTZ-kamera med 30x optisk zoom \u00e4r en dynamisk \u00f6vervakningsl\u00f6sning som \u00e4r utformad f\u00f6r detaljerad, expansiv t\u00e4ckning. Den h\u00e4r kameran kombinerar en h\u00f6guppl\u00f6st 4MP-sensor med en kraftfull 30x optisk zoom, vilket m\u00f6jligg\u00f6r n\u00e4rbilder \u00f6ver stora avst\u00e5nd. Kameran \u00e4r utrustad med infrar\u00f6tt m\u00f6rkerseende som garanterar tydliga och detaljerade bilder dygnet runt, vilket g\u00f6r den idealisk f\u00f6r \u00f6vervakning av stora omr\u00e5den som parkeringsplatser, offentliga platser och kommersiella fastigheter.  <\/p>\n<ul>\n<li><strong>4MP h\u00f6guppl\u00f6st bildbehandling<\/strong>: Ger skarp, tydlig video f\u00f6r exakt identifiering och \u00f6vervakning.<\/li>\n<li><strong>30x optisk zoom<\/strong>: Ger exceptionell detaljrikedom p\u00e5 l\u00e5ngt h\u00e5ll, perfekt f\u00f6r expansiva \u00f6vervakningsbehov.<\/li>\n<li><strong>Infrar\u00f6d nattseende<\/strong>: S\u00e4kerst\u00e4ller tillf\u00f6rlitliga, tydliga bilder i totalt m\u00f6rker och t\u00e4cker upp till 100 meter.<\/li>\n<\/ul>\n<p>Eagle 4MP IR PTZ-kamera med 30x optisk zoom \u00e4r byggd f\u00f6r att anpassa sig till olika \u00f6vervakningskrav och erbjuder panorerings-, tilt- och zoomfunktioner f\u00f6r omfattande omr\u00e5dest\u00e4ckning. Den t\u00e5liga designen och IP66-klassningen s\u00e4kerst\u00e4ller att den klarar tuffa v\u00e4derf\u00f6rh\u00e5llanden, vilket g\u00f6r den till ett m\u00e5ngsidigt val f\u00f6r s\u00e4kerhetsapplikationer b\u00e5de inomhus och utomhus. <\/p>\n","protected":false},"excerpt":{"rendered":"<div class=\"product attribute overview\">\n<div class=\"product attribute overview\">\n<div class=\"value\">\n<div class=\"product attribute overview\">\n<div class=\"value\">\n<div class=\"product attribute overview\">\n<div class=\"value\">\n<div class=\"product attribute overview\">\n<div class=\"value\">\n<div class=\"product attribute overview\">\n<div class=\"value\">\n<div class=\"product attribute overview\">\n<div class=\"value\">\n<div class=\"product attribute overview\">\n<div class=\"value\">\n<div class=\"product attribute overview\">\n<div class=\"value\">\n<div class=\"product attribute overview\">\n<div class=\"value\">\n<div class=\"product attribute overview\">\n<div class=\"value\">\n<div class=\"product attribute overview\">\n<div class=\"value\">\n<ul>\n<li>4MP kvalitetsbild<\/li>\n<li>4,5 &#8211; 135 mm PTZ-objektiv<\/li>\n<li>30x optisk zoom<\/li>\n<li>IP66-klassad<\/li>\n<li>Upp till 100 m IR-avst\u00e5nd<\/li>\n<\/ul>\n<\/div>\n<\/div>\n<\/div>\n<\/div>\n<\/div>\n<\/div>\n<\/div>\n<\/div>\n<\/div>\n<\/div>\n<\/div>\n<\/div>\n<\/div>\n<\/div>\n<\/div>\n<\/div>\n<\/div>\n<\/div>\n<\/div>\n<\/div>\n<\/div>\n<\/div>\n<\/div>\n<p>Kod: EAGLE-IP-PTZ-4MP-30<\/p>\n","protected":false},"featured_media":26333,"template":"","meta":[],"product_brand":[67],"product_cat":[853,851,829],"product_tag":[],"berocket_brand":[],"class_list":{"0":"post-30119","1":"product","2":"type-product","3":"status-publish","4":"has-post-thumbnail","6":"product_brand-qvis","7":"product_cat-eagle-ip-kameror","8":"product_cat-ip-kameror","9":"product_cat-kameraovervakning","11":"first","12":"instock","13":"taxable","14":"shipping-taxable","15":"purchasable","16":"product-type-simple"},"_links":{"self":[{"href":"https:\/\/cryptsec.se\/sv\/wp-json\/wp\/v2\/product\/30119","targetHints":{"allow":["GET"]}}],"collection":[{"href":"https:\/\/cryptsec.se\/sv\/wp-json\/wp\/v2\/product"}],"about":[{"href":"https:\/\/cryptsec.se\/sv\/wp-json\/wp\/v2\/types\/product"}],"wp:featuredmedia":[{"embeddable":true,"href":"https:\/\/cryptsec.se\/sv\/wp-json\/wp\/v2\/media\/26333"}],"wp:attachment":[{"href":"https:\/\/cryptsec.se\/sv\/wp-json\/wp\/v2\/media?parent=30119"}],"wp:term":[{"taxonomy":"product_brand","embeddable":true,"href":"https:\/\/cryptsec.se\/sv\/wp-json\/wp\/v2\/product_brand?post=30119"},{"taxonomy":"product_cat","embeddable":true,"href":"https:\/\/cryptsec.se\/sv\/wp-json\/wp\/v2\/product_cat?post=30119"},{"taxonomy":"product_tag","embeddable":true,"href":"https:\/\/cryptsec.se\/sv\/wp-json\/wp\/v2\/product_tag?post=30119"},{"taxonomy":"berocket_brand","embeddable":true,"href":"https:\/\/cryptsec.se\/sv\/wp-json\/wp\/v2\/berocket_brand?post=30119"}],"curies":[{"name":"wp","href":"https:\/\/api.w.org\/{rel}","templated":true}]}}