{"id":30120,"date":"2021-11-12T22:16:24","date_gmt":"2021-11-12T21:16:24","guid":{"rendered":"https:\/\/cryptsec.se\/product\/eagle-8mp-4k-ai-kamera-for-avskrackande-atgarder\/"},"modified":"2025-01-17T16:46:42","modified_gmt":"2025-01-17T15:46:42","slug":"eagle-8mp-4k-ai-kamera-for-avskrackande-atgarder","status":"publish","type":"product","link":"https:\/\/cryptsec.se\/sv\/product\/eagle-8mp-4k-ai-kamera-for-avskrackande-atgarder\/","title":{"rendered":"Eagle 8MP\/4K AI-kamera f\u00f6r avskr\u00e4ckande \u00e5tg\u00e4rder"},"content":{"rendered":"<p>Vi presenterar Eagle 8MP\/4K fullf\u00e4rgskamera med fast objektiv AI Deterrance Network Bullet Camera, en h\u00f6jdpunkt inom \u00f6vervakningsteknik. Kameran erbjuder 4K ultrah\u00f6guppl\u00f6st fullf\u00e4rgsavbildning, f\u00f6rb\u00e4ttrad med AI-drivna avskr\u00e4ckningsfunktioner. Den uppt\u00e4cker p\u00e5 ett intelligent s\u00e4tt potentiella s\u00e4kerhetshot och aktiverar avskr\u00e4ckande \u00e5tg\u00e4rder som ljudlarm och spotlightbelysning f\u00f6r att f\u00f6rhindra incidenter innan de intr\u00e4ffar.  <\/p>\n<ul>\n<li><strong>4K Ultra-High Definition<\/strong>: F\u00e5ngar skarpa, livfulla bilder i fullf\u00e4rg, dag som natt.<\/li>\n<li><strong>AI-baserad avskr\u00e4ckning<\/strong>: Smart detektering utl\u00f6ser proaktiva avskr\u00e4ckningsfunktioner, vilket f\u00f6rb\u00e4ttrar egendomsskyddet.<\/li>\n<li><strong>V\u00e4derbest\u00e4ndig design<\/strong>: IP67-klassad, vilket garanterar tillf\u00f6rlitlig prestanda under tuffa utomhusf\u00f6rh\u00e5llanden.<\/li>\n<\/ul>\n<p>Eagle 8MP 4K AI Deterrence Bullet Camera \u00e4r idealisk f\u00f6r att s\u00e4kra v\u00e4rdefulla omr\u00e5den och kombinerar avancerad bildbehandling, intelligent hotdetektering och aktiv avskr\u00e4ckning i en robust, v\u00e4derbest\u00e4ndig design, vilket ger o\u00f6vertr\u00e4ffad s\u00e4kerhet.<\/p>\n","protected":false},"excerpt":{"rendered":"<div class=\"product attribute overview\">\n<div class=\"product attribute overview\">\n<div class=\"value\">\n<div class=\"product attribute overview\">\n<div class=\"value\">\n<div class=\"product attribute overview\">\n<div class=\"value\">\n<div class=\"product attribute overview\">\n<div class=\"value\">\n<div class=\"product attribute overview\">\n<div class=\"value\">\n<div class=\"product attribute overview\">\n<div class=\"value\">\n<div class=\"product attribute overview\">\n<div class=\"value\">\n<div class=\"product attribute overview\">\n<div class=\"value\">\n<div class=\"product attribute overview\">\n<div class=\"value\">\n<div class=\"product attribute overview\">\n<div class=\"value\">\n<div class=\"product attribute overview\">\n<div class=\"value\">\n<div class=\"product attribute overview\">\n<div class=\"value\">\n<ul>\n<li>8MP\/4K bild av h\u00f6g kvalitet<\/li>\n<li>3840 x 2160 effektiva pixlar<\/li>\n<li>12V DC\/ PoE str\u00f6mf\u00f6rs\u00f6rjning<\/li>\n<li>IP67-klassad<\/li>\n<\/ul>\n<\/div>\n<\/div>\n<\/div>\n<\/div>\n<\/div>\n<\/div>\n<\/div>\n<\/div>\n<\/div>\n<\/div>\n<\/div>\n<\/div>\n<\/div>\n<\/div>\n<\/div>\n<\/div>\n<\/div>\n<\/div>\n<\/div>\n<\/div>\n<\/div>\n<\/div>\n<\/div>\n<\/div>\n<\/div>\n<p>Kod: EAGLE8C-IP-AD-BUL-FW<\/p>\n","protected":false},"featured_media":26334,"template":"","meta":[],"product_brand":[67],"product_cat":[853,851,829],"product_tag":[],"berocket_brand":[],"class_list":{"0":"post-30120","1":"product","2":"type-product","3":"status-publish","4":"has-post-thumbnail","6":"product_brand-qvis","7":"product_cat-eagle-ip-kameror","8":"product_cat-ip-kameror","9":"product_cat-kameraovervakning","11":"first","12":"instock","13":"featured","14":"taxable","15":"shipping-taxable","16":"purchasable","17":"product-type-simple"},"_links":{"self":[{"href":"https:\/\/cryptsec.se\/sv\/wp-json\/wp\/v2\/product\/30120","targetHints":{"allow":["GET"]}}],"collection":[{"href":"https:\/\/cryptsec.se\/sv\/wp-json\/wp\/v2\/product"}],"about":[{"href":"https:\/\/cryptsec.se\/sv\/wp-json\/wp\/v2\/types\/product"}],"wp:featuredmedia":[{"embeddable":true,"href":"https:\/\/cryptsec.se\/sv\/wp-json\/wp\/v2\/media\/26334"}],"wp:attachment":[{"href":"https:\/\/cryptsec.se\/sv\/wp-json\/wp\/v2\/media?parent=30120"}],"wp:term":[{"taxonomy":"product_brand","embeddable":true,"href":"https:\/\/cryptsec.se\/sv\/wp-json\/wp\/v2\/product_brand?post=30120"},{"taxonomy":"product_cat","embeddable":true,"href":"https:\/\/cryptsec.se\/sv\/wp-json\/wp\/v2\/product_cat?post=30120"},{"taxonomy":"product_tag","embeddable":true,"href":"https:\/\/cryptsec.se\/sv\/wp-json\/wp\/v2\/product_tag?post=30120"},{"taxonomy":"berocket_brand","embeddable":true,"href":"https:\/\/cryptsec.se\/sv\/wp-json\/wp\/v2\/berocket_brand?post=30120"}],"curies":[{"name":"wp","href":"https:\/\/api.w.org\/{rel}","templated":true}]}}