{"id":30121,"date":"2021-11-12T22:24:15","date_gmt":"2021-11-12T21:24:15","guid":{"rendered":"https:\/\/cryptsec.se\/product\/eagle-5mp-ai-natverkskamera-for-torn\/"},"modified":"2025-01-17T16:46:42","modified_gmt":"2025-01-17T15:46:42","slug":"eagle-5mp-ai-natverkskamera-for-torn","status":"publish","type":"product","link":"https:\/\/cryptsec.se\/sv\/product\/eagle-5mp-ai-natverkskamera-for-torn\/","title":{"rendered":"Eagle 5MP AI n\u00e4tverkskamera f\u00f6r torn"},"content":{"rendered":"<p>H\u00f6j din s\u00e4kerhetsstrategi med Eagle 5MP Full-Colour AI Deterrence Network Turret Camera. Denna avancerade enhet kombinerar 5MP h\u00f6guppl\u00f6st bildbehandling med m\u00f6rkerseende i fullf\u00e4rg, som drivs av AI-teknik f\u00f6r intelligent hotdetektering och avskr\u00e4ckning. Kamerans inbyggda smarta funktioner f\u00f6rhindrar proaktivt intr\u00e5ng genom att identifiera potentiella hot och aktivera avskr\u00e4ckande \u00e5tg\u00e4rder som ljudlarm och spotlightbelysning, vilket s\u00e4kerst\u00e4ller att din egendom \u00e4r skyddad under alla f\u00f6rh\u00e5llanden.  <\/p>\n<ul>\n<li><strong>5MP h\u00f6guppl\u00f6st m\u00f6rkerseende i fullf\u00e4rg<\/strong>: Levererar levande, detaljerade bilder dygnet runt.<\/li>\n<li><strong>AI-driven hotdetektering och avskr\u00e4ckning<\/strong>: Intelligent analys utl\u00f6ser aktiva avskr\u00e4ckande \u00e5tg\u00e4rder f\u00f6r att f\u00f6rhindra incidenter.<\/li>\n<li><strong>H\u00e5llbar och v\u00e4derbest\u00e4ndig<\/strong>: IP67-klassad f\u00f6r robust utomhusbruk i alla v\u00e4derf\u00f6rh\u00e5llanden.<\/li>\n<\/ul>\n<p>Eagle 5MP Full-Colour AI Deterrence Turret Camera \u00e4r utformad f\u00f6r dem som beh\u00f6ver skydd dygnet runt och \u00e4r idealisk f\u00f6r \u00f6vervakning av hem, f\u00f6retag och offentliga utrymmen. Kombinationen av h\u00f6gkvalitativ bild\u00e5tergivning, AI-driven s\u00e4kerhet och h\u00e5llbar konstruktion ger en helt\u00e4ckande \u00f6vervakningsl\u00f6sning. <\/p>\n","protected":false},"excerpt":{"rendered":"<div class=\"product attribute overview\">\n<div class=\"product attribute overview\">\n<div class=\"value\">\n<div class=\"product attribute overview\">\n<div class=\"value\">\n<div class=\"product attribute overview\">\n<div class=\"value\">\n<div class=\"product attribute overview\">\n<div class=\"value\">\n<div class=\"product attribute overview\">\n<div class=\"value\">\n<div class=\"product attribute overview\">\n<div class=\"value\">\n<div class=\"product attribute overview\">\n<div class=\"value\">\n<div class=\"product attribute overview\">\n<div class=\"value\">\n<div class=\"product attribute overview\">\n<div class=\"value\">\n<div class=\"product attribute overview\">\n<div class=\"value\">\n<div class=\"product attribute overview\">\n<div class=\"value\">\n<div class=\"product attribute overview\">\n<div class=\"value\">\n<div class=\"product attribute overview\">\n<ul>\n<li>2,8 mm fast lins<\/li>\n<li>Alarm med r\u00f6d och bl\u00e5 ficklampa<\/li>\n<li>5MP uppl\u00f6sning av h\u00f6g kvalitet<\/li>\n<li>IP67-klassad<\/li>\n<li>DC 12V Nominell<\/li>\n<\/ul>\n<\/div>\n<\/div>\n<\/div>\n<\/div>\n<\/div>\n<\/div>\n<\/div>\n<\/div>\n<\/div>\n<\/div>\n<\/div>\n<\/div>\n<\/div>\n<\/div>\n<\/div>\n<\/div>\n<\/div>\n<\/div>\n<\/div>\n<\/div>\n<\/div>\n<\/div>\n<\/div>\n<\/div>\n<\/div>\n<\/div>\n<p>Kod: EAGLE5C-IP-AD-TUR-FG<\/p>\n","protected":false},"featured_media":26335,"template":"","meta":[],"product_brand":[67],"product_cat":[853,851,829],"product_tag":[],"berocket_brand":[],"class_list":{"0":"post-30121","1":"product","2":"type-product","3":"status-publish","4":"has-post-thumbnail","6":"product_brand-qvis","7":"product_cat-eagle-ip-kameror","8":"product_cat-ip-kameror","9":"product_cat-kameraovervakning","11":"first","12":"instock","13":"taxable","14":"shipping-taxable","15":"purchasable","16":"product-type-simple"},"_links":{"self":[{"href":"https:\/\/cryptsec.se\/sv\/wp-json\/wp\/v2\/product\/30121","targetHints":{"allow":["GET"]}}],"collection":[{"href":"https:\/\/cryptsec.se\/sv\/wp-json\/wp\/v2\/product"}],"about":[{"href":"https:\/\/cryptsec.se\/sv\/wp-json\/wp\/v2\/types\/product"}],"wp:featuredmedia":[{"embeddable":true,"href":"https:\/\/cryptsec.se\/sv\/wp-json\/wp\/v2\/media\/26335"}],"wp:attachment":[{"href":"https:\/\/cryptsec.se\/sv\/wp-json\/wp\/v2\/media?parent=30121"}],"wp:term":[{"taxonomy":"product_brand","embeddable":true,"href":"https:\/\/cryptsec.se\/sv\/wp-json\/wp\/v2\/product_brand?post=30121"},{"taxonomy":"product_cat","embeddable":true,"href":"https:\/\/cryptsec.se\/sv\/wp-json\/wp\/v2\/product_cat?post=30121"},{"taxonomy":"product_tag","embeddable":true,"href":"https:\/\/cryptsec.se\/sv\/wp-json\/wp\/v2\/product_tag?post=30121"},{"taxonomy":"berocket_brand","embeddable":true,"href":"https:\/\/cryptsec.se\/sv\/wp-json\/wp\/v2\/berocket_brand?post=30121"}],"curies":[{"name":"wp","href":"https:\/\/api.w.org\/{rel}","templated":true}]}}