{"id":30122,"date":"2021-11-12T22:31:42","date_gmt":"2021-11-12T21:31:42","guid":{"rendered":"https:\/\/cryptsec.se\/product\/eagle-5mp-lite-turret-kameror\/"},"modified":"2025-01-17T16:46:44","modified_gmt":"2025-01-17T15:46:44","slug":"eagle-5mp-lite-turret-kameror","status":"publish","type":"product","link":"https:\/\/cryptsec.se\/sv\/product\/eagle-5mp-lite-turret-kameror\/","title":{"rendered":"Eagle 5MP Lite Turret-kameror"},"content":{"rendered":"<p>Eagle 5MP Lite Network Turret Camera med fast objektiv \u00e4r en kompakt men kraftfull \u00f6vervakningsl\u00f6sning som \u00e4r utformad f\u00f6r b\u00e5de inomhus- och utomhusbruk. Kameran levererar skarpa, h\u00f6guppl\u00f6sta 5MP-bilder som ger detaljerad t\u00e4ckning \u00f6ver ett stort omr\u00e5de. Den fasta linsen \u00e4r optimerad f\u00f6r ett brett synf\u00e4lt och f\u00e5ngar expansiva scener med klarhet. Med sin effektiva H.265-komprimeringsteknik maximerar den lagring och bandbredd, vilket g\u00f6r den till ett ekonomiskt val f\u00f6r omfattande \u00f6vervakning.   <\/p>\n<ul>\n<li><strong>5MP h\u00f6guppl\u00f6st bildbehandling<\/strong>: F\u00e5ngar tydliga, detaljerade bilder f\u00f6r effektiv \u00f6vervakning.<\/li>\n<li><strong>Brett synf\u00e4lt<\/strong>: Konstruktionen med fast lins ger en stor t\u00e4ckning av omr\u00e5det.<\/li>\n<li><strong>Effektiv H.265-komprimering <\/strong>: Minskar lagrings- och bandbreddskraven utan att kompromissa med videokvaliteten.<\/li>\n<\/ul>\n<p>Eagle 5MP Lite Turret Camera \u00e4r perfekt f\u00f6r bost\u00e4der och kommersiella milj\u00f6er och \u00e4r byggd f\u00f6r att st\u00e5 emot v\u00e4der och vind, med en h\u00e5llbar design som \u00e4r motst\u00e5ndskraftig mot vatten och damm. Den enkla installationen och s\u00f6ml\u00f6sa integreringen i befintliga n\u00e4tverk g\u00f6r den till ett m\u00e5ngsidigt och p\u00e5litligt val f\u00f6r att f\u00f6rb\u00e4ttra s\u00e4kerheten. <\/p>\n","protected":false},"excerpt":{"rendered":"<div class=\"product attribute overview\">\n<div class=\"product attribute overview\">\n<div class=\"value\">\n<div class=\"product attribute overview\">\n<div class=\"value\">\n<div class=\"product attribute overview\">\n<div class=\"value\">\n<div class=\"product attribute overview\">\n<div class=\"value\">\n<div class=\"product attribute overview\">\n<div class=\"value\">\n<div class=\"product attribute overview\">\n<div class=\"value\">\n<div class=\"product attribute overview\">\n<div class=\"value\">\n<div class=\"product attribute overview\">\n<div class=\"value\">\n<div class=\"product attribute overview\">\n<div class=\"value\">\n<div class=\"product attribute overview\">\n<div class=\"value\">\n<div class=\"product attribute overview\">\n<div class=\"value\">\n<div class=\"product attribute overview\">\n<div class=\"value\">\n<div class=\"product attribute overview\">\n<div class=\"product attribute overview\">\n<div class=\"value\">\n<ul>\n<li>2,8 mm fast lins<\/li>\n<li>5MP uppl\u00f6sning av h\u00f6g kvalitet<\/li>\n<li>IP67-klassad<\/li>\n<li>St\u00f6d f\u00f6r 12V DC\/PoE-str\u00f6mf\u00f6rs\u00f6rjning<\/li>\n<\/ul>\n<\/div>\n<\/div>\n<\/div>\n<\/div>\n<\/div>\n<\/div>\n<\/div>\n<\/div>\n<\/div>\n<\/div>\n<\/div>\n<\/div>\n<\/div>\n<\/div>\n<\/div>\n<\/div>\n<\/div>\n<\/div>\n<\/div>\n<\/div>\n<\/div>\n<\/div>\n<\/div>\n<\/div>\n<\/div>\n<\/div>\n<\/div>\n<\/div>\n<p>Kod: EAGLE-IPC-5-TUR-F<\/p>\n","protected":false},"featured_media":26337,"template":"","meta":[],"product_brand":[67],"product_cat":[853,851,829],"product_tag":[949,1148,951,954,1146,956,961,1145],"berocket_brand":[],"class_list":{"0":"post-30122","1":"product","2":"type-product","3":"status-publish","4":"has-post-thumbnail","6":"product_brand-qvis","7":"product_cat-eagle-ip-kameror","8":"product_cat-ip-kameror","9":"product_cat-kameraovervakning","10":"product_tag-cctv-sv","11":"product_tag-ip-kamera-sv-2","12":"product_tag-ip-kamera-sv","13":"product_tag-kameraovervakning-sv","14":"product_tag-natverkskamera-sv-2","15":"product_tag-natverkskameror-sv","16":"product_tag-overvakningskamera-sv","17":"product_tag-overvakningskamera-sv-2","19":"first","20":"instock","21":"taxable","22":"shipping-taxable","23":"purchasable","24":"product-type-simple"},"_links":{"self":[{"href":"https:\/\/cryptsec.se\/sv\/wp-json\/wp\/v2\/product\/30122","targetHints":{"allow":["GET"]}}],"collection":[{"href":"https:\/\/cryptsec.se\/sv\/wp-json\/wp\/v2\/product"}],"about":[{"href":"https:\/\/cryptsec.se\/sv\/wp-json\/wp\/v2\/types\/product"}],"wp:featuredmedia":[{"embeddable":true,"href":"https:\/\/cryptsec.se\/sv\/wp-json\/wp\/v2\/media\/26337"}],"wp:attachment":[{"href":"https:\/\/cryptsec.se\/sv\/wp-json\/wp\/v2\/media?parent=30122"}],"wp:term":[{"taxonomy":"product_brand","embeddable":true,"href":"https:\/\/cryptsec.se\/sv\/wp-json\/wp\/v2\/product_brand?post=30122"},{"taxonomy":"product_cat","embeddable":true,"href":"https:\/\/cryptsec.se\/sv\/wp-json\/wp\/v2\/product_cat?post=30122"},{"taxonomy":"product_tag","embeddable":true,"href":"https:\/\/cryptsec.se\/sv\/wp-json\/wp\/v2\/product_tag?post=30122"},{"taxonomy":"berocket_brand","embeddable":true,"href":"https:\/\/cryptsec.se\/sv\/wp-json\/wp\/v2\/berocket_brand?post=30122"}],"curies":[{"name":"wp","href":"https:\/\/api.w.org\/{rel}","templated":true}]}}