{"id":30123,"date":"2021-11-12T22:36:28","date_gmt":"2021-11-12T21:36:28","guid":{"rendered":"https:\/\/cryptsec.se\/product\/eagle-5mp-bullet-kameror-i-fullfarg\/"},"modified":"2025-01-17T16:46:45","modified_gmt":"2025-01-17T15:46:45","slug":"eagle-5mp-bullet-kameror-i-fullfarg","status":"publish","type":"product","link":"https:\/\/cryptsec.se\/sv\/product\/eagle-5mp-bullet-kameror-i-fullfarg\/","title":{"rendered":"Eagle 5MP Bullet-kameror i fullf\u00e4rg"},"content":{"rendered":"<p>H\u00f6j din s\u00e4kerhet med Eagle 5MP Full-Colour AI Deterrence Network Bullet Camera. Denna avancerade kamera levererar inte bara h\u00f6guppl\u00f6sta 5MP-bilder i fullf\u00e4rg dag som natt utan inneh\u00e5ller \u00e4ven AI-drivna avskr\u00e4ckningsmekanismer f\u00f6r att aktivt f\u00f6rhindra intr\u00e5ng. Med sin banbrytande AI-teknik identifierar den p\u00e5 ett intelligent s\u00e4tt potentiella hot och aktiverar avskr\u00e4ckande \u00e5tg\u00e4rder som ljudlarm och blinkande lampor, vilket f\u00f6rb\u00e4ttrar effektiviteten i ditt s\u00e4kerhetssystem.  <\/p>\n<ul>\n<li><strong>5MP h\u00f6guppl\u00f6st bildbehandling i fullf\u00e4rg<\/strong>: Ger kristallklara, levande bilder i alla ljusf\u00f6rh\u00e5llanden.<\/li>\n<li><strong>AI-baserad avskr\u00e4ckning<\/strong>: Bek\u00e4mpar proaktivt hot med smart uppt\u00e4ckt och aktiva avskr\u00e4ckningsfunktioner.<\/li>\n<li><strong>Robust skydd f\u00f6r utomhusbruk<\/strong>: IP67-klassat h\u00f6lje garanterar t\u00e5lighet mot vatten, damm och st\u00f6tar och passar f\u00f6r alla milj\u00f6er.<\/li>\n<\/ul>\n<p>Eagle 5MP-kameran \u00e4r utformad f\u00f6r dem som s\u00f6ker en avancerad s\u00e4kerhetsl\u00f6sning och ger inte bara \u00f6vervakning utan \u00e4ven proaktivt skydd. Dess fullf\u00e4rgskapacitet s\u00e4kerst\u00e4ller detaljerade visuella bevis, medan AI-avskr\u00e4ckning aktivt arbetar f\u00f6r att f\u00f6rhindra incidenter innan de intr\u00e4ffar, vilket g\u00f6r den till ett viktigt tillskott till alla s\u00e4kerhetsinstallationer. <\/p>\n","protected":false},"excerpt":{"rendered":"<div class=\"product attribute overview\">\n<div class=\"product attribute overview\">\n<div class=\"value\">\n<div class=\"product attribute overview\">\n<div class=\"value\">\n<div class=\"product attribute overview\">\n<div class=\"value\">\n<div class=\"product attribute overview\">\n<div class=\"value\">\n<div class=\"product attribute overview\">\n<div class=\"value\">\n<div class=\"product attribute overview\">\n<div class=\"value\">\n<div class=\"product attribute overview\">\n<div class=\"value\">\n<div class=\"product attribute overview\">\n<div class=\"value\">\n<div class=\"product attribute overview\">\n<div class=\"value\">\n<div class=\"product attribute overview\">\n<div class=\"value\">\n<div class=\"product attribute overview\">\n<div class=\"value\">\n<div class=\"product attribute overview\">\n<div class=\"value\">\n<div class=\"product attribute overview\">\n<div class=\"value\">\n<ul>\n<li>2,8 mm fast lins<\/li>\n<li>Alarm med r\u00f6d och bl\u00e5 ficklampa<\/li>\n<li>5MP uppl\u00f6sning av h\u00f6g kvalitet<\/li>\n<li>IP67-klassad<\/li>\n<li>DC 12V Nominell<\/li>\n<\/ul>\n<\/div>\n<\/div>\n<\/div>\n<\/div>\n<\/div>\n<\/div>\n<\/div>\n<\/div>\n<\/div>\n<\/div>\n<\/div>\n<\/div>\n<\/div>\n<\/div>\n<\/div>\n<\/div>\n<\/div>\n<\/div>\n<\/div>\n<\/div>\n<\/div>\n<\/div>\n<\/div>\n<\/div>\n<\/div>\n<\/div>\n<\/div>\n<p>Kod: EAGLE5C-IP-AD-BUL-FW<\/p>\n","protected":false},"featured_media":26334,"template":"","meta":[],"product_brand":[67],"product_cat":[853,851,829],"product_tag":[],"berocket_brand":[],"class_list":{"0":"post-30123","1":"product","2":"type-product","3":"status-publish","4":"has-post-thumbnail","6":"product_brand-qvis","7":"product_cat-eagle-ip-kameror","8":"product_cat-ip-kameror","9":"product_cat-kameraovervakning","11":"first","12":"instock","13":"taxable","14":"shipping-taxable","15":"purchasable","16":"product-type-simple"},"_links":{"self":[{"href":"https:\/\/cryptsec.se\/sv\/wp-json\/wp\/v2\/product\/30123","targetHints":{"allow":["GET"]}}],"collection":[{"href":"https:\/\/cryptsec.se\/sv\/wp-json\/wp\/v2\/product"}],"about":[{"href":"https:\/\/cryptsec.se\/sv\/wp-json\/wp\/v2\/types\/product"}],"wp:featuredmedia":[{"embeddable":true,"href":"https:\/\/cryptsec.se\/sv\/wp-json\/wp\/v2\/media\/26334"}],"wp:attachment":[{"href":"https:\/\/cryptsec.se\/sv\/wp-json\/wp\/v2\/media?parent=30123"}],"wp:term":[{"taxonomy":"product_brand","embeddable":true,"href":"https:\/\/cryptsec.se\/sv\/wp-json\/wp\/v2\/product_brand?post=30123"},{"taxonomy":"product_cat","embeddable":true,"href":"https:\/\/cryptsec.se\/sv\/wp-json\/wp\/v2\/product_cat?post=30123"},{"taxonomy":"product_tag","embeddable":true,"href":"https:\/\/cryptsec.se\/sv\/wp-json\/wp\/v2\/product_tag?post=30123"},{"taxonomy":"berocket_brand","embeddable":true,"href":"https:\/\/cryptsec.se\/sv\/wp-json\/wp\/v2\/berocket_brand?post=30123"}],"curies":[{"name":"wp","href":"https:\/\/api.w.org\/{rel}","templated":true}]}}