{"id":30124,"date":"2021-11-12T22:39:54","date_gmt":"2021-11-12T21:39:54","guid":{"rendered":"https:\/\/cryptsec.se\/product\/eagle-4mp-fullfargs-natverksbulletkameror\/"},"modified":"2025-01-17T16:46:46","modified_gmt":"2025-01-17T15:46:46","slug":"eagle-4mp-fullfargs-natverksbulletkameror","status":"publish","type":"product","link":"https:\/\/cryptsec.se\/sv\/product\/eagle-4mp-fullfargs-natverksbulletkameror\/","title":{"rendered":"Eagle 4MP fullf\u00e4rgs n\u00e4tverksbulletkameror"},"content":{"rendered":"<p>Vi presenterar Eagle 4MP Full-Colour Fixed Lens Network Bullet Camera, ett genombrott inom \u00f6vervakningsteknik. Kameran kombinerar 4MP h\u00f6guppl\u00f6st bildbehandling med fullf\u00e4rgsfunktioner, vilket garanterar levande videofilmer \u00e4ven i svagt ljus. Utrustad med avancerad H.265-kodning optimerar den bandbredd och lagringsanv\u00e4ndning, vilket g\u00f6r den till ett effektivt val f\u00f6r alla s\u00e4kerhetsinstallationer.  <\/p>\n<ul>\n<li><strong>4MP h\u00f6g uppl\u00f6sning med fullf\u00e4rg<\/strong>: F\u00e5ngar skarpa, detaljerade bilder i fullf\u00e4rg dygnet runt.<\/li>\n<li><strong>H.265-kodningsteknik <\/strong>: Minskar filstorleken och sparar bandbredd f\u00f6r effektiv lagringshantering.<\/li>\n<li><strong>Robust design<\/strong>: IP67-klassad f\u00f6r damm- och vattent\u00e5lighet, vilket garanterar h\u00e5llbarhet i utomhusmilj\u00f6er.<\/li>\n<\/ul>\n<p>Eagle 4MP Bullet Camera \u00e4r utformad f\u00f6r dem som beh\u00f6ver tillf\u00f6rlitlig \u00f6vervakning av h\u00f6g kvalitet som f\u00e5ngar varje detalj i \u00e4kta f\u00e4rg, oavsett ljusf\u00f6rh\u00e5llanden. Med st\u00f6d f\u00f6r SD-kortlagring erbjuder denna kamera flexibla inspelningsalternativ, medan dess dammt\u00e4ta, vattent\u00e4ta och vandals\u00e4kra egenskaper ger sinnesfrid i alla milj\u00f6er. <\/p>\n","protected":false},"excerpt":{"rendered":"<div class=\"product attribute overview\">\n<div class=\"product attribute overview\">\n<div class=\"value\">\n<div class=\"product attribute overview\">\n<div class=\"value\">\n<div class=\"product attribute overview\">\n<div class=\"value\">\n<div class=\"product attribute overview\">\n<div class=\"value\">\n<div class=\"product attribute overview\">\n<div class=\"value\">\n<div class=\"product attribute overview\">\n<div class=\"value\">\n<div class=\"product attribute overview\">\n<div class=\"value\">\n<div class=\"product attribute overview\">\n<div class=\"value\">\n<div class=\"product attribute overview\">\n<div class=\"value\">\n<div class=\"product attribute overview\">\n<div class=\"value\">\n<div class=\"product attribute overview\">\n<div class=\"value\">\n<div class=\"product attribute overview\">\n<div class=\"value\">\n<div class=\"product attribute overview\">\n<div class=\"value\">\n<div class=\"product attribute overview\">\n<div class=\"value\">\n<ul>\n<li>2,8 mm fast lins<\/li>\n<li>4MP uppl\u00f6sning av h\u00f6g kvalitet<\/li>\n<li>IP67-klassad<\/li>\n<li>DC 12V Nominell<\/li>\n<\/ul>\n<\/div>\n<\/div>\n<\/div>\n<\/div>\n<\/div>\n<\/div>\n<\/div>\n<\/div>\n<\/div>\n<\/div>\n<\/div>\n<\/div>\n<\/div>\n<\/div>\n<\/div>\n<\/div>\n<\/div>\n<\/div>\n<\/div>\n<\/div>\n<\/div>\n<\/div>\n<\/div>\n<\/div>\n<\/div>\n<\/div>\n<\/div>\n<\/div>\n<\/div>\n<p>Kod: EAGLE4C-IP-BUL-F<\/p>\n","protected":false},"featured_media":26340,"template":"","meta":[],"product_brand":[67],"product_cat":[853,851,829],"product_tag":[],"berocket_brand":[],"class_list":{"0":"post-30124","1":"product","2":"type-product","3":"status-publish","4":"has-post-thumbnail","6":"product_brand-qvis","7":"product_cat-eagle-ip-kameror","8":"product_cat-ip-kameror","9":"product_cat-kameraovervakning","11":"first","12":"instock","13":"taxable","14":"shipping-taxable","15":"purchasable","16":"product-type-simple"},"_links":{"self":[{"href":"https:\/\/cryptsec.se\/sv\/wp-json\/wp\/v2\/product\/30124","targetHints":{"allow":["GET"]}}],"collection":[{"href":"https:\/\/cryptsec.se\/sv\/wp-json\/wp\/v2\/product"}],"about":[{"href":"https:\/\/cryptsec.se\/sv\/wp-json\/wp\/v2\/types\/product"}],"wp:featuredmedia":[{"embeddable":true,"href":"https:\/\/cryptsec.se\/sv\/wp-json\/wp\/v2\/media\/26340"}],"wp:attachment":[{"href":"https:\/\/cryptsec.se\/sv\/wp-json\/wp\/v2\/media?parent=30124"}],"wp:term":[{"taxonomy":"product_brand","embeddable":true,"href":"https:\/\/cryptsec.se\/sv\/wp-json\/wp\/v2\/product_brand?post=30124"},{"taxonomy":"product_cat","embeddable":true,"href":"https:\/\/cryptsec.se\/sv\/wp-json\/wp\/v2\/product_cat?post=30124"},{"taxonomy":"product_tag","embeddable":true,"href":"https:\/\/cryptsec.se\/sv\/wp-json\/wp\/v2\/product_tag?post=30124"},{"taxonomy":"berocket_brand","embeddable":true,"href":"https:\/\/cryptsec.se\/sv\/wp-json\/wp\/v2\/berocket_brand?post=30124"}],"curies":[{"name":"wp","href":"https:\/\/api.w.org\/{rel}","templated":true}]}}