{"id":30125,"date":"2021-11-13T15:01:30","date_gmt":"2021-11-13T14:01:30","guid":{"rendered":"https:\/\/cryptsec.se\/product\/eagle-2mp-ir-ptz-kamera-12x-zoom\/"},"modified":"2025-01-17T16:46:46","modified_gmt":"2025-01-17T15:46:46","slug":"eagle-2mp-ir-ptz-kamera-12x-zoom","status":"publish","type":"product","link":"https:\/\/cryptsec.se\/sv\/product\/eagle-2mp-ir-ptz-kamera-12x-zoom\/","title":{"rendered":"Eagle 2MP IR PTZ-kamera 12x zoom"},"content":{"rendered":"<p>F\u00f6rb\u00e4ttra dina \u00f6vervakningsm\u00f6jligheter med Eagle 2MP IR PTZ-kamera, som har 12x optisk zoom f\u00f6r detaljerad t\u00e4ckning \u00f6ver stora omr\u00e5den. Den h\u00e4r robusta kameran \u00e4r utformad f\u00f6r m\u00e5ngsidig utomhus\u00f6vervakning och erbjuder 2 MP h\u00f6guppl\u00f6st bildbehandling och kraftfullt infrar\u00f6tt m\u00f6rkerseende. Med sin IP66-klassning st\u00e5r den emot vatten och damm, vilket g\u00f6r den till ett perfekt val f\u00f6r omfattande CCTV-applikationer utomhus.  <\/p>\n<ul>\n<li><strong>2MP h\u00f6guppl\u00f6st bildbehandling<\/strong>: S\u00e4kerst\u00e4ller tydliga, detaljerade bilder f\u00f6r effektiv \u00f6vervakning och identifiering.<\/li>\n<li><strong>12x optisk zoom<\/strong>: F\u00e5nga avl\u00e4gsna scener med precision, utan att kompromissa med bildkvaliteten.<\/li>\n<li><strong>H\u00e5llbart skydd f\u00f6r utomhusbruk<\/strong>: IP66-klassad f\u00f6r vatten- och dammt\u00e5lighet, vilket garanterar tillf\u00f6rlitlig prestanda under tuffa milj\u00f6f\u00f6rh\u00e5llanden.<\/li>\n<\/ul>\n<p>Eagle 2MP IR PTZ-kamera \u00e4r perfekt f\u00f6r att s\u00e4kra stora utomhusomr\u00e5den som parkeringsplatser, offentliga torg och kommersiella lokaler. Dess pan-tilt-zoom-funktioner m\u00f6jligg\u00f6r dynamisk \u00f6vervakning, vilket s\u00e4kerst\u00e4ller att varje h\u00f6rn t\u00e4cks. Kameran \u00e4r enkel att installera och hantera och \u00e4r ett v\u00e4rdefullt tillskott till alla s\u00e4kerhetssystem som kr\u00e4ver flexibel och h\u00f6gkvalitativ utomhus\u00f6vervakning.  <\/p>\n","protected":false},"excerpt":{"rendered":"<div class=\"product attribute overview\">\n<div class=\"product attribute overview\">\n<div class=\"value\">\n<div class=\"product attribute overview\">\n<div class=\"value\">\n<div class=\"product attribute overview\">\n<div class=\"value\">\n<div class=\"product attribute overview\">\n<div class=\"value\">\n<div class=\"product attribute overview\">\n<div class=\"value\">\n<div class=\"product attribute overview\">\n<div class=\"value\">\n<div class=\"product attribute overview\">\n<div class=\"value\">\n<div class=\"product attribute overview\">\n<div class=\"value\">\n<div class=\"product attribute overview\">\n<div class=\"value\">\n<div class=\"product attribute overview\">\n<div class=\"value\">\n<div class=\"product attribute overview\">\n<div class=\"value\">\n<div class=\"product attribute overview\">\n<div class=\"value\">\n<ul>\n<li>2MP kvalitetsbild<\/li>\n<li>5,3 -64 mm PTZ-objektiv<\/li>\n<li>12x optisk zoom<\/li>\n<li>IP66-klassad<\/li>\n<li>Upp till 100 m IR-avst\u00e5nd<\/li>\n<\/ul>\n<\/div>\n<\/div>\n<\/div>\n<\/div>\n<\/div>\n<\/div>\n<\/div>\n<\/div>\n<\/div>\n<\/div>\n<\/div>\n<\/div>\n<\/div>\n<\/div>\n<\/div>\n<\/div>\n<\/div>\n<\/div>\n<\/div>\n<\/div>\n<\/div>\n<\/div>\n<\/div>\n<\/div>\n<\/div>\n<p>Kod: EAGLE-IP-PTZ-2MP-12<\/p>\n","protected":false},"featured_media":26342,"template":"","meta":[],"product_brand":[67],"product_cat":[853,851,829],"product_tag":[],"berocket_brand":[],"class_list":{"0":"post-30125","1":"product","2":"type-product","3":"status-publish","4":"has-post-thumbnail","6":"product_brand-qvis","7":"product_cat-eagle-ip-kameror","8":"product_cat-ip-kameror","9":"product_cat-kameraovervakning","11":"first","12":"instock","13":"taxable","14":"shipping-taxable","15":"purchasable","16":"product-type-simple"},"_links":{"self":[{"href":"https:\/\/cryptsec.se\/sv\/wp-json\/wp\/v2\/product\/30125","targetHints":{"allow":["GET"]}}],"collection":[{"href":"https:\/\/cryptsec.se\/sv\/wp-json\/wp\/v2\/product"}],"about":[{"href":"https:\/\/cryptsec.se\/sv\/wp-json\/wp\/v2\/types\/product"}],"wp:featuredmedia":[{"embeddable":true,"href":"https:\/\/cryptsec.se\/sv\/wp-json\/wp\/v2\/media\/26342"}],"wp:attachment":[{"href":"https:\/\/cryptsec.se\/sv\/wp-json\/wp\/v2\/media?parent=30125"}],"wp:term":[{"taxonomy":"product_brand","embeddable":true,"href":"https:\/\/cryptsec.se\/sv\/wp-json\/wp\/v2\/product_brand?post=30125"},{"taxonomy":"product_cat","embeddable":true,"href":"https:\/\/cryptsec.se\/sv\/wp-json\/wp\/v2\/product_cat?post=30125"},{"taxonomy":"product_tag","embeddable":true,"href":"https:\/\/cryptsec.se\/sv\/wp-json\/wp\/v2\/product_tag?post=30125"},{"taxonomy":"berocket_brand","embeddable":true,"href":"https:\/\/cryptsec.se\/sv\/wp-json\/wp\/v2\/berocket_brand?post=30125"}],"curies":[{"name":"wp","href":"https:\/\/api.w.org\/{rel}","templated":true}]}}