{"id":30126,"date":"2021-11-13T15:08:28","date_gmt":"2021-11-13T14:08:28","guid":{"rendered":"https:\/\/cryptsec.se\/product\/eagle-5mp-ai-avskrackande-natverkstornkameror\/"},"modified":"2025-01-17T16:46:47","modified_gmt":"2025-01-17T15:46:47","slug":"eagle-5mp-ai-avskrackande-natverkstornkameror","status":"publish","type":"product","link":"https:\/\/cryptsec.se\/sv\/product\/eagle-5mp-ai-avskrackande-natverkstornkameror\/","title":{"rendered":"Eagle 5MP AI avskr\u00e4ckande n\u00e4tverkstornkameror"},"content":{"rendered":"<p>Vi presenterar Eagle 5MP IR Fixed Lens AI Deterrence Network Turret Camera, en toppmodern \u00f6vervakningsl\u00f6sning som \u00e4r utformad f\u00f6r att f\u00f6rb\u00e4ttra s\u00e4kerheten med avancerade AI-funktioner. Kameran kombinerar h\u00f6guppl\u00f6st 5MP-bildbehandling med integrerade AI-avskr\u00e4ckningsfunktioner, inklusive aktiva hotvarningar och smart r\u00f6relsedetektering, f\u00f6r att inte bara \u00f6vervaka utan aktivt skydda din egendom. <\/p>\n<ul>\n<li><strong>5MP h\u00f6guppl\u00f6st bildbehandling<\/strong>: F\u00e5ngar skarpa, detaljerade bilder f\u00f6r tydlig identifiering och bevis.<\/li>\n<li><strong>AI-baserad avskr\u00e4ckning<\/strong>: Utnyttjar intelligenta analyser f\u00f6r att uppt\u00e4cka potentiella hot och aktivera avskr\u00e4ckande \u00e5tg\u00e4rder som ljudvarningar eller belysning.<\/li>\n<li><strong>\u00d6verl\u00e4gsen nattseende<\/strong>: Utrustad med IR-teknik f\u00f6r att ge tydliga bilder i fullst\u00e4ndigt m\u00f6rker, vilket garanterar s\u00e4kerhet 24\/7.<\/li>\n<\/ul>\n<p>Eagle 5MP Turret Camera \u00e4r idealisk f\u00f6r fastigheter som kr\u00e4ver f\u00f6rb\u00e4ttrade s\u00e4kerhets\u00e5tg\u00e4rder och har ett fast objektiv som ger bred t\u00e4ckning, medan den h\u00e5llbara designen s\u00e4kerst\u00e4ller tillf\u00f6rlitlig prestanda under olika milj\u00f6f\u00f6rh\u00e5llanden. Den h\u00e4r kameran \u00e4r perfekt f\u00f6r att avskr\u00e4cka obeh\u00f6rig \u00e5tkomst och ge varningar i realtid, vilket g\u00f6r den till ett viktigt komplement till alla avancerade \u00f6vervakningssystem. <\/p>\n","protected":false},"excerpt":{"rendered":"<div class=\"product attribute overview\">\n<div class=\"product attribute overview\">\n<div class=\"value\">\n<div class=\"product attribute overview\">\n<div class=\"value\">\n<div class=\"product attribute overview\">\n<div class=\"value\">\n<div class=\"product attribute overview\">\n<div class=\"value\">\n<div class=\"product attribute overview\">\n<div class=\"value\">\n<div class=\"product attribute overview\">\n<div class=\"value\">\n<div class=\"product attribute overview\">\n<div class=\"value\">\n<div class=\"product attribute overview\">\n<div class=\"value\">\n<div class=\"product attribute overview\">\n<div class=\"value\">\n<div class=\"product attribute overview\">\n<div class=\"value\">\n<div class=\"product attribute overview\">\n<div class=\"value\">\n<div class=\"product attribute overview\">\n<div class=\"value\">\n<div class=\"product attribute overview\">\n<div class=\"product attribute overview\">\n<div class=\"value\">\n<div class=\"product attribute overview\">\n<div class=\"value\">\n<ul>\n<li>5MP kvalitetsbild<\/li>\n<li>2,8 mm fast lins<\/li>\n<li>IP67-klassad<\/li>\n<\/ul>\n<\/div>\n<\/div>\n<\/div>\n<\/div>\n<\/div>\n<\/div>\n<\/div>\n<\/div>\n<\/div>\n<\/div>\n<\/div>\n<\/div>\n<\/div>\n<\/div>\n<\/div>\n<\/div>\n<\/div>\n<\/div>\n<\/div>\n<\/div>\n<\/div>\n<\/div>\n<\/div>\n<\/div>\n<\/div>\n<\/div>\n<\/div>\n<\/div>\n<\/div>\n<\/div>\n<p>Kod: EAG5C-AI-IP-TUR-FG<\/p>\n","protected":false},"featured_media":26344,"template":"","meta":[],"product_brand":[67],"product_cat":[853,851,829],"product_tag":[],"berocket_brand":[],"class_list":{"0":"post-30126","1":"product","2":"type-product","3":"status-publish","4":"has-post-thumbnail","6":"product_brand-qvis","7":"product_cat-eagle-ip-kameror","8":"product_cat-ip-kameror","9":"product_cat-kameraovervakning","11":"first","12":"instock","13":"taxable","14":"shipping-taxable","15":"purchasable","16":"product-type-simple"},"_links":{"self":[{"href":"https:\/\/cryptsec.se\/sv\/wp-json\/wp\/v2\/product\/30126","targetHints":{"allow":["GET"]}}],"collection":[{"href":"https:\/\/cryptsec.se\/sv\/wp-json\/wp\/v2\/product"}],"about":[{"href":"https:\/\/cryptsec.se\/sv\/wp-json\/wp\/v2\/types\/product"}],"wp:featuredmedia":[{"embeddable":true,"href":"https:\/\/cryptsec.se\/sv\/wp-json\/wp\/v2\/media\/26344"}],"wp:attachment":[{"href":"https:\/\/cryptsec.se\/sv\/wp-json\/wp\/v2\/media?parent=30126"}],"wp:term":[{"taxonomy":"product_brand","embeddable":true,"href":"https:\/\/cryptsec.se\/sv\/wp-json\/wp\/v2\/product_brand?post=30126"},{"taxonomy":"product_cat","embeddable":true,"href":"https:\/\/cryptsec.se\/sv\/wp-json\/wp\/v2\/product_cat?post=30126"},{"taxonomy":"product_tag","embeddable":true,"href":"https:\/\/cryptsec.se\/sv\/wp-json\/wp\/v2\/product_tag?post=30126"},{"taxonomy":"berocket_brand","embeddable":true,"href":"https:\/\/cryptsec.se\/sv\/wp-json\/wp\/v2\/berocket_brand?post=30126"}],"curies":[{"name":"wp","href":"https:\/\/api.w.org\/{rel}","templated":true}]}}