{"id":30127,"date":"2021-11-13T15:16:56","date_gmt":"2021-11-13T14:16:56","guid":{"rendered":"https:\/\/cryptsec.se\/product\/eagle-4k-8mp-lite-ir-tornkameror\/"},"modified":"2025-01-17T16:47:28","modified_gmt":"2025-01-17T15:47:28","slug":"eagle-4k-8mp-lite-ir-tornkameror","status":"publish","type":"product","link":"https:\/\/cryptsec.se\/sv\/product\/eagle-4k-8mp-lite-ir-tornkameror\/","title":{"rendered":"Eagle 4K\/8MP Lite IR-tornkameror"},"content":{"rendered":"<p>F\u00f6rb\u00e4ttra din s\u00e4kerhet med Eagle 4K\/8MP Lite IR-n\u00e4tverkskamera med fast objektiv och torn. Denna banbrytande kamera erbjuder 4K ultrah\u00f6guppl\u00f6st uppl\u00f6sning f\u00f6r o\u00f6vertr\u00e4ffad klarhet och detaljrikedom, kombinerat med Lite IR-teknik f\u00f6r \u00f6verl\u00e4gsen m\u00f6rkerseende. Den fasta linsen ger ett brett synf\u00e4lt, vilket s\u00e4kerst\u00e4ller omfattande t\u00e4ckning av din egendom.  <\/p>\n<ul>\n<li><strong>4K\/8MP Ultra-High Definition<\/strong>: Ger fantastiskt tydliga och detaljerade \u00f6vervakningsbilder.<\/li>\n<li><strong>Lite IR-teknik<\/strong>: S\u00e4kerst\u00e4ller exceptionellt m\u00f6rkerseende och ger tydliga bilder i fullst\u00e4ndigt m\u00f6rker.<\/li>\n<li><strong>Bred t\u00e4ckning<\/strong>: Det fasta objektivet ger stor t\u00e4ckning, perfekt f\u00f6r \u00f6vervakning av stora omr\u00e5den.<\/li>\n<\/ul>\n<p>Eagle 4K\/8MP Turret Camera \u00e4r utformad f\u00f6r b\u00e5de inomhus- och utomhusbruk och har en h\u00e5llbar konstruktion och v\u00e4derbest\u00e4ndig design som g\u00f6r den till ett m\u00e5ngsidigt val f\u00f6r alla dina s\u00e4kerhetsbehov. Oavsett om du vill skydda ditt hem, f\u00f6retag eller offentliga utrymmen ger den h\u00e4r kameran tillf\u00f6rlitlig \u00f6vervakning dag och natt. <\/p>\n","protected":false},"excerpt":{"rendered":"<div class=\"product attribute overview\">\n<div class=\"product attribute overview\">\n<div class=\"value\">\n<div class=\"product attribute overview\">\n<div class=\"value\">\n<div class=\"product attribute overview\">\n<div class=\"value\">\n<div class=\"product attribute overview\">\n<div class=\"value\">\n<div class=\"product attribute overview\">\n<div class=\"value\">\n<div class=\"product attribute overview\">\n<div class=\"value\">\n<div class=\"product attribute overview\">\n<div class=\"value\">\n<div class=\"product attribute overview\">\n<div class=\"value\">\n<div class=\"product attribute overview\">\n<div class=\"value\">\n<div class=\"product attribute overview\">\n<div class=\"value\">\n<div class=\"product attribute overview\">\n<div class=\"value\">\n<div class=\"product attribute overview\">\n<div class=\"value\">\n<div class=\"product attribute overview\">\n<div class=\"product attribute overview\">\n<div class=\"value\">\n<div class=\"product attribute overview\">\n<div class=\"value\">\n<div class=\"product attribute overview\">\n<div class=\"value\">\n<ul>\n<li>4K-kvalitetsbild<\/li>\n<li>2,8 mm fast lins<\/li>\n<li>Upp till 30 m IR-r\u00e4ckvidd<\/li>\n<li>IP67-klassad<\/li>\n<\/ul>\n<\/div>\n<\/div>\n<\/div>\n<\/div>\n<\/div>\n<\/div>\n<\/div>\n<\/div>\n<\/div>\n<\/div>\n<\/div>\n<\/div>\n<\/div>\n<\/div>\n<\/div>\n<\/div>\n<\/div>\n<\/div>\n<\/div>\n<\/div>\n<\/div>\n<\/div>\n<\/div>\n<\/div>\n<\/div>\n<\/div>\n<\/div>\n<\/div>\n<\/div>\n<\/div>\n<\/div>\n<\/div>\n<p>Kod: EAGLE-IPC-8-TUR-F<\/p>\n","protected":false},"featured_media":26346,"template":"","meta":[],"product_brand":[67],"product_cat":[853,851,829],"product_tag":[],"berocket_brand":[],"class_list":{"0":"post-30127","1":"product","2":"type-product","3":"status-publish","4":"has-post-thumbnail","6":"product_brand-qvis","7":"product_cat-eagle-ip-kameror","8":"product_cat-ip-kameror","9":"product_cat-kameraovervakning","11":"first","12":"instock","13":"taxable","14":"shipping-taxable","15":"purchasable","16":"product-type-simple"},"_links":{"self":[{"href":"https:\/\/cryptsec.se\/sv\/wp-json\/wp\/v2\/product\/30127","targetHints":{"allow":["GET"]}}],"collection":[{"href":"https:\/\/cryptsec.se\/sv\/wp-json\/wp\/v2\/product"}],"about":[{"href":"https:\/\/cryptsec.se\/sv\/wp-json\/wp\/v2\/types\/product"}],"wp:featuredmedia":[{"embeddable":true,"href":"https:\/\/cryptsec.se\/sv\/wp-json\/wp\/v2\/media\/26346"}],"wp:attachment":[{"href":"https:\/\/cryptsec.se\/sv\/wp-json\/wp\/v2\/media?parent=30127"}],"wp:term":[{"taxonomy":"product_brand","embeddable":true,"href":"https:\/\/cryptsec.se\/sv\/wp-json\/wp\/v2\/product_brand?post=30127"},{"taxonomy":"product_cat","embeddable":true,"href":"https:\/\/cryptsec.se\/sv\/wp-json\/wp\/v2\/product_cat?post=30127"},{"taxonomy":"product_tag","embeddable":true,"href":"https:\/\/cryptsec.se\/sv\/wp-json\/wp\/v2\/product_tag?post=30127"},{"taxonomy":"berocket_brand","embeddable":true,"href":"https:\/\/cryptsec.se\/sv\/wp-json\/wp\/v2\/berocket_brand?post=30127"}],"curies":[{"name":"wp","href":"https:\/\/api.w.org\/{rel}","templated":true}]}}