{"id":30128,"date":"2021-11-13T15:23:50","date_gmt":"2021-11-13T14:23:50","guid":{"rendered":"https:\/\/cryptsec.se\/product\/eagle-4k-8mp-objektiv-natverksbulletkameror\/"},"modified":"2025-01-17T16:47:29","modified_gmt":"2025-01-17T15:47:29","slug":"eagle-4k-8mp-objektiv-natverksbulletkameror","status":"publish","type":"product","link":"https:\/\/cryptsec.se\/sv\/product\/eagle-4k-8mp-objektiv-natverksbulletkameror\/","title":{"rendered":"Eagle 4K\/8MP objektiv n\u00e4tverksbulletkameror"},"content":{"rendered":"<p>L\u00e5s upp o\u00f6vertr\u00e4ffad \u00f6vervakning med Eagle 4K\/8MP Varifocal Motorised Lens Network Bullet Camera. Denna h\u00f6gpresterande kamera levererar fantastiska 4K ultrah\u00f6guppl\u00f6sta bilder, kombinerat med m\u00e5ngsidigheten hos en motoriserad varifokallins f\u00f6r exakta, anpassningsbara justeringar av synf\u00e4ltet. Kameran \u00e4r utrustad med avancerad teknik f\u00f6r \u00f6verl\u00e4gsen m\u00f6rkerseende och s\u00e4kerst\u00e4ller detaljerad och tydlig \u00f6vervakning i alla ljusf\u00f6rh\u00e5llanden.  <\/p>\n<ul>\n<li><strong>4K\/8MP Ultra-High Definition<\/strong>: F\u00e5ngar skarpa, detaljerade bilder f\u00f6r omfattande \u00f6vervakning.<\/li>\n<li><strong>Motoriserad varifokal lins<\/strong>: G\u00f6r det m\u00f6jligt att enkelt justera zoom och fokus p\u00e5 distans, f\u00f6r anpassning till olika \u00f6vervakningsbehov.<\/li>\n<li><strong>Exceptionellt<\/strong> bra <strong>m\u00f6rkerseende<\/strong>: F\u00f6rb\u00e4ttrad prestanda i svagt ljus f\u00f6r tydliga, detaljerade bilder dygnet runt.<\/li>\n<\/ul>\n<p>Eagle 4K\/8MP Bullet Camera \u00e4r utformad f\u00f6r kr\u00e4vande milj\u00f6er och \u00e4r idealisk f\u00f6r \u00f6vervakning av stora omr\u00e5den som parkeringsplatser, perimetrar och offentliga utrymmen. Den h\u00e5llbara, v\u00e4derbest\u00e4ndiga konstruktionen s\u00e4kerst\u00e4ller tillf\u00f6rlitlig drift under sv\u00e5ra v\u00e4derf\u00f6rh\u00e5llanden, vilket g\u00f6r den till ett robust val f\u00f6r s\u00e4kerhet utomhus. <\/p>\n","protected":false},"excerpt":{"rendered":"<div class=\"product attribute overview\">\n<div class=\"product attribute overview\">\n<div class=\"value\">\n<div class=\"product attribute overview\">\n<div class=\"value\">\n<div class=\"product attribute overview\">\n<div class=\"value\">\n<div class=\"product attribute overview\">\n<div class=\"value\">\n<div class=\"product attribute overview\">\n<div class=\"value\">\n<div class=\"product attribute overview\">\n<div class=\"value\">\n<div class=\"product attribute overview\">\n<div class=\"value\">\n<div class=\"product attribute overview\">\n<div class=\"value\">\n<div class=\"product attribute overview\">\n<div class=\"value\">\n<ul>\n<li>4K-kvalitetsbild<\/li>\n<li>2,7-13,5 mm motoriserat varifokalt objektiv<\/li>\n<li>Upp till 60 m IR-r\u00e4ckvidd<\/li>\n<li>IP67-klassad<\/li>\n<\/ul>\n<\/div>\n<\/div>\n<\/div>\n<\/div>\n<\/div>\n<\/div>\n<\/div>\n<\/div>\n<\/div>\n<\/div>\n<\/div>\n<\/div>\n<\/div>\n<\/div>\n<\/div>\n<\/div>\n<\/div>\n<\/div>\n<\/div>\n<p>Kod: EAGLE-IPC-8-BUL-M<\/p>\n","protected":false},"featured_media":26348,"template":"","meta":[],"product_brand":[67],"product_cat":[853,851,829],"product_tag":[],"berocket_brand":[],"class_list":{"0":"post-30128","1":"product","2":"type-product","3":"status-publish","4":"has-post-thumbnail","6":"product_brand-qvis","7":"product_cat-eagle-ip-kameror","8":"product_cat-ip-kameror","9":"product_cat-kameraovervakning","11":"first","12":"instock","13":"taxable","14":"shipping-taxable","15":"purchasable","16":"product-type-simple"},"_links":{"self":[{"href":"https:\/\/cryptsec.se\/sv\/wp-json\/wp\/v2\/product\/30128","targetHints":{"allow":["GET"]}}],"collection":[{"href":"https:\/\/cryptsec.se\/sv\/wp-json\/wp\/v2\/product"}],"about":[{"href":"https:\/\/cryptsec.se\/sv\/wp-json\/wp\/v2\/types\/product"}],"wp:featuredmedia":[{"embeddable":true,"href":"https:\/\/cryptsec.se\/sv\/wp-json\/wp\/v2\/media\/26348"}],"wp:attachment":[{"href":"https:\/\/cryptsec.se\/sv\/wp-json\/wp\/v2\/media?parent=30128"}],"wp:term":[{"taxonomy":"product_brand","embeddable":true,"href":"https:\/\/cryptsec.se\/sv\/wp-json\/wp\/v2\/product_brand?post=30128"},{"taxonomy":"product_cat","embeddable":true,"href":"https:\/\/cryptsec.se\/sv\/wp-json\/wp\/v2\/product_cat?post=30128"},{"taxonomy":"product_tag","embeddable":true,"href":"https:\/\/cryptsec.se\/sv\/wp-json\/wp\/v2\/product_tag?post=30128"},{"taxonomy":"berocket_brand","embeddable":true,"href":"https:\/\/cryptsec.se\/sv\/wp-json\/wp\/v2\/berocket_brand?post=30128"}],"curies":[{"name":"wp","href":"https:\/\/api.w.org\/{rel}","templated":true}]}}