{"id":30129,"date":"2021-11-13T15:31:06","date_gmt":"2021-11-13T14:31:06","guid":{"rendered":"https:\/\/cryptsec.se\/product\/eagle-4k-8mp-ir-natverksturretkameror\/"},"modified":"2025-01-17T16:47:29","modified_gmt":"2025-01-17T15:47:29","slug":"eagle-4k-8mp-ir-natverksturretkameror","status":"publish","type":"product","link":"https:\/\/cryptsec.se\/sv\/product\/eagle-4k-8mp-ir-natverksturretkameror\/","title":{"rendered":"Eagle 4K\/8MP IR-n\u00e4tverksturretkameror"},"content":{"rendered":"<p>F\u00f6rb\u00e4ttra dina \u00f6vervakningsm\u00f6jligheter med Eagle 4K\/8MP Varifocal Motorised Lens Lite IR Network Turret Camera. Denna avancerade kamera kombinerar 4K ultrah\u00f6guppl\u00f6st bildbehandling med en motoriserad varifokallins f\u00f6r exakt, justerbar t\u00e4ckning och Lite IR-teknik f\u00f6r exceptionellt m\u00f6rkerseende. Den \u00e4r utformad f\u00f6r att leverera kristallklara, detaljerade bilder i en m\u00e4ngd olika ljusf\u00f6rh\u00e5llanden och \u00e4r det perfekta valet f\u00f6r att s\u00e4kra komplexa milj\u00f6er.  <\/p>\n<ul>\n<li><strong>4K\/8MP Ultra-High Definition<\/strong>: Ger fantastisk sk\u00e4rpa och detaljrikedom f\u00f6r kritiska \u00f6vervakningsbehov.<\/li>\n<li><strong>Motoriserad varifokal lins<\/strong>: M\u00f6jligg\u00f6r fj\u00e4rrstyrda zoom- och fokusjusteringar, vilket ger m\u00e5ngsidiga \u00f6vervakningsalternativ.<\/li>\n<li><strong>Lite IR-teknik<\/strong>: S\u00e4kerst\u00e4ller effektivt m\u00f6rkerseende p\u00e5 upp till 50 meter och tar tydliga bilder i svagt ljus.<\/li>\n<\/ul>\n<p>Eagle 4K\/8MP-kameran \u00e4r idealisk f\u00f6r omr\u00e5den som kr\u00e4ver detaljerad observation, t.ex. kommersiella fastigheter, kritisk infrastruktur och stora offentliga utrymmen, och dess robusta konstruktion och v\u00e4derbest\u00e4ndiga design garanterar tillf\u00f6rlitlig prestanda i alla v\u00e4der.<\/p>\n","protected":false},"excerpt":{"rendered":"<div class=\"product attribute overview\">\n<div class=\"product attribute overview\">\n<div class=\"value\">\n<div class=\"product attribute overview\">\n<div class=\"value\">\n<div class=\"product attribute overview\">\n<div class=\"value\">\n<div class=\"product attribute overview\">\n<div class=\"value\">\n<div class=\"product attribute overview\">\n<div class=\"value\">\n<div class=\"product attribute overview\">\n<div class=\"value\">\n<div class=\"product attribute overview\">\n<div class=\"value\">\n<div class=\"product attribute overview\">\n<div class=\"value\">\n<div class=\"product attribute overview\">\n<div class=\"value\">\n<div class=\"product attribute overview\">\n<div class=\"value\">\n<ul>\n<li>4K-kvalitetsbild<\/li>\n<li>2,7-13,5 mm motoriserat varifokalt objektiv<\/li>\n<li>Upp till 40 m IR-r\u00e4ckvidd<\/li>\n<li>IP67-klassad<\/li>\n<\/ul>\n<\/div>\n<\/div>\n<\/div>\n<\/div>\n<\/div>\n<\/div>\n<\/div>\n<\/div>\n<\/div>\n<\/div>\n<\/div>\n<\/div>\n<\/div>\n<\/div>\n<\/div>\n<\/div>\n<\/div>\n<\/div>\n<\/div>\n<\/div>\n<\/div>\n<p>Kod: EAGLE-IPC-8-TUR-M<\/p>\n","protected":false},"featured_media":26350,"template":"","meta":[],"product_brand":[67],"product_cat":[853,851,829],"product_tag":[],"berocket_brand":[],"class_list":{"0":"post-30129","1":"product","2":"type-product","3":"status-publish","4":"has-post-thumbnail","6":"product_brand-qvis","7":"product_cat-eagle-ip-kameror","8":"product_cat-ip-kameror","9":"product_cat-kameraovervakning","11":"first","12":"instock","13":"taxable","14":"shipping-taxable","15":"purchasable","16":"product-type-simple"},"_links":{"self":[{"href":"https:\/\/cryptsec.se\/sv\/wp-json\/wp\/v2\/product\/30129","targetHints":{"allow":["GET"]}}],"collection":[{"href":"https:\/\/cryptsec.se\/sv\/wp-json\/wp\/v2\/product"}],"about":[{"href":"https:\/\/cryptsec.se\/sv\/wp-json\/wp\/v2\/types\/product"}],"wp:featuredmedia":[{"embeddable":true,"href":"https:\/\/cryptsec.se\/sv\/wp-json\/wp\/v2\/media\/26350"}],"wp:attachment":[{"href":"https:\/\/cryptsec.se\/sv\/wp-json\/wp\/v2\/media?parent=30129"}],"wp:term":[{"taxonomy":"product_brand","embeddable":true,"href":"https:\/\/cryptsec.se\/sv\/wp-json\/wp\/v2\/product_brand?post=30129"},{"taxonomy":"product_cat","embeddable":true,"href":"https:\/\/cryptsec.se\/sv\/wp-json\/wp\/v2\/product_cat?post=30129"},{"taxonomy":"product_tag","embeddable":true,"href":"https:\/\/cryptsec.se\/sv\/wp-json\/wp\/v2\/product_tag?post=30129"},{"taxonomy":"berocket_brand","embeddable":true,"href":"https:\/\/cryptsec.se\/sv\/wp-json\/wp\/v2\/berocket_brand?post=30129"}],"curies":[{"name":"wp","href":"https:\/\/api.w.org\/{rel}","templated":true}]}}