{"id":30131,"date":"2021-11-13T15:45:09","date_gmt":"2021-11-13T14:45:09","guid":{"rendered":"https:\/\/cryptsec.se\/product\/eagle-4m-ptz-kamera-25x-optisk-zoom\/"},"modified":"2021-11-13T15:45:09","modified_gmt":"2021-11-13T14:45:09","slug":"eagle-4m-ptz-kamera-25x-optisk-zoom","status":"publish","type":"product","link":"https:\/\/cryptsec.se\/sv\/product\/eagle-4m-ptz-kamera-25x-optisk-zoom\/","title":{"rendered":"Eagle 4M PTZ-kamera 25x optisk zoom"},"content":{"rendered":"<p>Uppt\u00e4ck o\u00f6vertr\u00e4ffad \u00f6vervakningsflexibilitet med Eagle 4M PTZ-kameran, som har en kraftfull 25x optisk zoom. Denna h\u00f6gpresterande kamera levererar 4MP h\u00f6guppl\u00f6st video, vilket ger kristallklara bilder \u00f6ver stora avst\u00e5nd. Dess pan-tilt-zoom-funktioner m\u00f6jligg\u00f6r omfattande t\u00e4ckning av stora omr\u00e5den, vilket g\u00f6r den idealisk f\u00f6r \u00f6vervakning av expansiva utomhus- och inomhusutrymmen.  <\/p>\n<ul>\n<li><strong>4MP h\u00f6guppl\u00f6st video<\/strong>: S\u00e4kerst\u00e4ller detaljerade och tydliga bilder f\u00f6r effektiv \u00f6vervakning.<\/li>\n<li><strong>25x optisk zoom<\/strong>: F\u00e5ngar avl\u00e4gsna objekt med precision, utan att g\u00f6ra avkall p\u00e5 bildkvaliteten.<\/li>\n<li><strong>M\u00e5ngsidig PTZ-funktionalitet<\/strong>: Ger t\u00e4ckning av stora omr\u00e5den med 360-graders panorering, lutning och zoomning.<\/li>\n<\/ul>\n<p>Eagle 4M PTZ-kamera med 25x optisk zoom \u00e4r utformad f\u00f6r kr\u00e4vande milj\u00f6er och \u00e4r utrustad med avancerade \u00f6vervakningsfunktioner, inklusive m\u00f6rkerseende, r\u00f6relsedetektering och v\u00e4derbest\u00e4ndig konstruktion. Den \u00e4r det perfekta valet f\u00f6r att s\u00e4kra stora lokaler och ger operat\u00f6rerna m\u00f6jlighet att \u00f6vervaka och reagera p\u00e5 incidenter i realtid. <\/p>\n","protected":false},"excerpt":{"rendered":"<div class=\"product attribute overview\">\n<div class=\"product attribute overview\">\n<div class=\"value\">\n<div class=\"product attribute overview\">\n<div class=\"value\">\n<div class=\"product attribute overview\">\n<div class=\"value\">\n<div class=\"product attribute overview\">\n<div class=\"value\">\n<div class=\"product attribute overview\">\n<div class=\"value\">\n<div class=\"product attribute overview\">\n<div class=\"value\">\n<div class=\"product attribute overview\">\n<div class=\"value\">\n<div class=\"product attribute overview\">\n<div class=\"value\">\n<div class=\"product attribute overview\">\n<div class=\"value\">\n<div class=\"product attribute overview\">\n<div class=\"value\">\n<div class=\"product attribute overview\">\n<div class=\"value\">\n<div class=\"product attribute overview\">\n<div class=\"value\">\n<div class=\"product attribute overview\">\n<div class=\"value\">\n<ul>\n<li>4MP kvalitetsbild<\/li>\n<li>4,8 &#8211; 120 mm PTZ-objektiv<\/li>\n<li>25x optisk zoom<\/li>\n<li>IP66-klassad<\/li>\n<li>Upp till 100 m IR-avst\u00e5nd<\/li>\n<\/ul>\n<\/div>\n<\/div>\n<\/div>\n<\/div>\n<\/div>\n<\/div>\n<\/div>\n<\/div>\n<\/div>\n<\/div>\n<\/div>\n<\/div>\n<\/div>\n<\/div>\n<\/div>\n<\/div>\n<\/div>\n<\/div>\n<\/div>\n<\/div>\n<\/div>\n<\/div>\n<\/div>\n<\/div>\n<\/div>\n<\/div>\n<\/div>\n<p>Kod: EAGLE-IP-PTZ-4MP-25<\/p>\n","protected":false},"featured_media":26353,"template":"","meta":[],"product_brand":[67],"product_cat":[853,851,829],"product_tag":[],"berocket_brand":[],"class_list":{"0":"post-30131","1":"product","2":"type-product","3":"status-publish","4":"has-post-thumbnail","6":"product_brand-qvis","7":"product_cat-eagle-ip-kameror","8":"product_cat-ip-kameror","9":"product_cat-kameraovervakning","11":"first","12":"instock","13":"taxable","14":"shipping-taxable","15":"purchasable","16":"product-type-simple"},"_links":{"self":[{"href":"https:\/\/cryptsec.se\/sv\/wp-json\/wp\/v2\/product\/30131","targetHints":{"allow":["GET"]}}],"collection":[{"href":"https:\/\/cryptsec.se\/sv\/wp-json\/wp\/v2\/product"}],"about":[{"href":"https:\/\/cryptsec.se\/sv\/wp-json\/wp\/v2\/types\/product"}],"wp:featuredmedia":[{"embeddable":true,"href":"https:\/\/cryptsec.se\/sv\/wp-json\/wp\/v2\/media\/26353"}],"wp:attachment":[{"href":"https:\/\/cryptsec.se\/sv\/wp-json\/wp\/v2\/media?parent=30131"}],"wp:term":[{"taxonomy":"product_brand","embeddable":true,"href":"https:\/\/cryptsec.se\/sv\/wp-json\/wp\/v2\/product_brand?post=30131"},{"taxonomy":"product_cat","embeddable":true,"href":"https:\/\/cryptsec.se\/sv\/wp-json\/wp\/v2\/product_cat?post=30131"},{"taxonomy":"product_tag","embeddable":true,"href":"https:\/\/cryptsec.se\/sv\/wp-json\/wp\/v2\/product_tag?post=30131"},{"taxonomy":"berocket_brand","embeddable":true,"href":"https:\/\/cryptsec.se\/sv\/wp-json\/wp\/v2\/berocket_brand?post=30131"}],"curies":[{"name":"wp","href":"https:\/\/api.w.org\/{rel}","templated":true}]}}