{"id":30132,"date":"2021-11-13T16:03:04","date_gmt":"2021-11-13T15:03:04","guid":{"rendered":"https:\/\/cryptsec.se\/product\/eagle-5mp-lite-ir-bullet-kameror-med-fast-objektiv\/"},"modified":"2025-01-17T16:58:25","modified_gmt":"2025-01-17T15:58:25","slug":"eagle-5mp-lite-ir-bullet-kameror-med-fast-objektiv","status":"publish","type":"product","link":"https:\/\/cryptsec.se\/sv\/product\/eagle-5mp-lite-ir-bullet-kameror-med-fast-objektiv\/","title":{"rendered":"Eagle 5MP Lite IR Bullet-kameror med fast objektiv"},"content":{"rendered":"<p>F\u00f6rb\u00e4ttra dina \u00f6vervakningsm\u00f6jligheter med Eagle 5MP Lite IR Network Bullet Camera med fast objektiv. Den h\u00e4r kameran \u00e4r utformad f\u00f6r \u00f6verl\u00e4gsen prestanda och kombinerar 5MP h\u00f6guppl\u00f6st bildbehandling med kraftfullt infrar\u00f6tt m\u00f6rkerseende, vilket garanterar tydliga och detaljerade bilder dygnet runt. Den fasta linsen erbjuder ett brett synf\u00e4lt som g\u00f6r det enkelt att f\u00e5nga stora omr\u00e5den.  <\/p>\n<ul>\n<li><strong>5MP h\u00f6guppl\u00f6st bildbehandling<\/strong>: F\u00e5ngar skarp, detaljerad video f\u00f6r omfattande \u00f6vervakning.<\/li>\n<li><strong>Kraftfull IR-nattseende<\/strong>: Ger tydlig synlighet i totalt m\u00f6rker p\u00e5 upp till 30 meter, vilket garanterar s\u00e4kerhet 24\/7.<\/li>\n<li><strong>H\u00e5llbar och v\u00e4derbest\u00e4ndig<\/strong>: Konstruerad f\u00f6r att klara tuffa milj\u00f6f\u00f6rh\u00e5llanden, vilket g\u00f6r den idealisk f\u00f6r b\u00e5de inomhus- och utomhusbruk.<\/li>\n<\/ul>\n<p>Eagle 5MP Lite IR Network Bullet Camera med fast objektiv \u00e4r perfekt f\u00f6r dig som s\u00f6ker tillf\u00f6rlitlig \u00f6vervakning av h\u00f6g kvalitet. Den enkla installationen, i kombination med avancerade funktioner som r\u00f6relsedetektering och fj\u00e4rr\u00e5tkomst, ger en m\u00e5ngsidig s\u00e4kerhetsl\u00f6sning f\u00f6r hem, f\u00f6retag och offentliga utrymmen. <\/p>\n","protected":false},"excerpt":{"rendered":"<div class=\"product attribute overview\">\n<div class=\"product attribute overview\">\n<div class=\"value\">\n<div class=\"product attribute overview\">\n<div class=\"value\">\n<div class=\"product attribute overview\">\n<div class=\"value\">\n<div class=\"product attribute overview\">\n<div class=\"value\">\n<div class=\"product attribute overview\">\n<div class=\"value\">\n<div class=\"product attribute overview\">\n<div class=\"value\">\n<div class=\"product attribute overview\">\n<div class=\"value\">\n<div class=\"product attribute overview\">\n<div class=\"value\">\n<div class=\"product attribute overview\">\n<div class=\"value\">\n<div class=\"product attribute overview\">\n<div class=\"value\">\n<div class=\"product attribute overview\">\n<div class=\"value\">\n<ul>\n<li>2,8 mm fast lins<\/li>\n<li>5MP uppl\u00f6sning av h\u00f6g kvalitet<\/li>\n<li>IP67-klassad<\/li>\n<li>St\u00f6d f\u00f6r 12V DC\/PoE-str\u00f6mf\u00f6rs\u00f6rjning<\/li>\n<\/ul>\n<\/div>\n<\/div>\n<\/div>\n<\/div>\n<\/div>\n<\/div>\n<\/div>\n<\/div>\n<\/div>\n<\/div>\n<\/div>\n<\/div>\n<\/div>\n<\/div>\n<\/div>\n<\/div>\n<\/div>\n<\/div>\n<\/div>\n<\/div>\n<\/div>\n<\/div>\n<\/div>\n<p>Kod: EAGLE-IPC-5-BUL-F<\/p>\n","protected":false},"featured_media":26355,"template":"","meta":[],"product_brand":[67],"product_cat":[853,851,829],"product_tag":[],"berocket_brand":[],"class_list":{"0":"post-30132","1":"product","2":"type-product","3":"status-publish","4":"has-post-thumbnail","6":"product_brand-qvis","7":"product_cat-eagle-ip-kameror","8":"product_cat-ip-kameror","9":"product_cat-kameraovervakning","11":"first","12":"instock","13":"taxable","14":"shipping-taxable","15":"purchasable","16":"product-type-simple"},"_links":{"self":[{"href":"https:\/\/cryptsec.se\/sv\/wp-json\/wp\/v2\/product\/30132","targetHints":{"allow":["GET"]}}],"collection":[{"href":"https:\/\/cryptsec.se\/sv\/wp-json\/wp\/v2\/product"}],"about":[{"href":"https:\/\/cryptsec.se\/sv\/wp-json\/wp\/v2\/types\/product"}],"wp:featuredmedia":[{"embeddable":true,"href":"https:\/\/cryptsec.se\/sv\/wp-json\/wp\/v2\/media\/26355"}],"wp:attachment":[{"href":"https:\/\/cryptsec.se\/sv\/wp-json\/wp\/v2\/media?parent=30132"}],"wp:term":[{"taxonomy":"product_brand","embeddable":true,"href":"https:\/\/cryptsec.se\/sv\/wp-json\/wp\/v2\/product_brand?post=30132"},{"taxonomy":"product_cat","embeddable":true,"href":"https:\/\/cryptsec.se\/sv\/wp-json\/wp\/v2\/product_cat?post=30132"},{"taxonomy":"product_tag","embeddable":true,"href":"https:\/\/cryptsec.se\/sv\/wp-json\/wp\/v2\/product_tag?post=30132"},{"taxonomy":"berocket_brand","embeddable":true,"href":"https:\/\/cryptsec.se\/sv\/wp-json\/wp\/v2\/berocket_brand?post=30132"}],"curies":[{"name":"wp","href":"https:\/\/api.w.org\/{rel}","templated":true}]}}