{"id":30133,"date":"2021-11-12T16:36:29","date_gmt":"2021-11-12T15:36:29","guid":{"rendered":"https:\/\/cryptsec.se\/product\/6mp-ir-fisheye-kamera\/"},"modified":"2021-11-12T16:36:29","modified_gmt":"2021-11-12T15:36:29","slug":"6mp-ir-fisheye-kamera","status":"publish","type":"product","link":"https:\/\/cryptsec.se\/sv\/product\/6mp-ir-fisheye-kamera\/","title":{"rendered":"6MP IR Fisheye-kamera"},"content":{"rendered":"<p>Uppt\u00e4ck o\u00f6vertr\u00e4ffad \u00f6vervakningst\u00e4ckning med 6MP IR Network Fisheye Lens Camera, som \u00e4r utformad f\u00f6r att ge expansiva 360-graders panoramavyer med en enda enhet. Denna h\u00f6guppl\u00f6sta kamera f\u00e5ngar detaljerade bilder i 6MP-kvalitet, vilket s\u00e4kerst\u00e4ller omfattande t\u00e4ckning utan blinda fl\u00e4ckar. Utrustad med infrar\u00f6tt m\u00f6rkerseende ger den tydliga och detaljerade bilder i svagt ljus, vilket g\u00f6r den till en idealisk l\u00f6sning f\u00f6r \u00f6vervakning dygnet runt i m\u00e5nga olika milj\u00f6er.  <\/p>\n<ul>\n<li><strong>6MP h\u00f6guppl\u00f6st bildbehandling<\/strong>: F\u00e5ngar skarpa, detaljerade bilder f\u00f6r fullst\u00e4ndig omr\u00e5des\u00f6vervakning.<\/li>\n<li><strong>360-graders panoramavy<\/strong>: Erbjuder expansiv t\u00e4ckning med en enda kamera, vilket eliminerar blinda fl\u00e4ckar.<\/li>\n<li><strong>Infrar\u00f6d nattvision<\/strong>: S\u00e4kerst\u00e4ller synlighet i totalt m\u00f6rker, vilket ger tillf\u00f6rlitlig s\u00e4kerhet dag och natt.<\/li>\n<\/ul>\n<p>6MP IR-n\u00e4tverkskameran med fisheye-objektiv \u00e4r perfekt f\u00f6r \u00f6vervakning av stora \u00f6ppna ytor, t.ex. butiksmilj\u00f6er, lagerlokaler och allm\u00e4nna utrymmen. Dess fisheye-lins ger en helt\u00e4ckande vy, vilket minskar behovet av flera kameror och f\u00f6renklar installationen. Med sin t\u00e5liga design och enkla integrering i befintliga n\u00e4tverkssystem erbjuder den h\u00e4r kameran en m\u00e5ngsidig och effektiv \u00f6vervakningsl\u00f6sning.  <\/p>\n","protected":false},"excerpt":{"rendered":"<div class=\"product attribute overview\">\n<div class=\"product attribute overview\">\n<div class=\"value\">\n<div class=\"product attribute overview\">\n<div class=\"value\">\n<div class=\"product attribute overview\">\n<div class=\"value\">\n<div class=\"product attribute overview\">\n<div class=\"value\">\n<div class=\"product attribute overview\">\n<div class=\"value\">\n<div class=\"product attribute overview\">\n<div class=\"value\">\n<div class=\"product attribute overview\">\n<div class=\"value\">\n<div class=\"product attribute overview\">\n<div class=\"value\">\n<p>Qvis presenterar stolt FISHEYE-6-BW-kameran, en 6MP fisheye-lins som ger o\u00f6vertr\u00e4ffad sikt \u00f6ver kontorslokaler, butiker, klassrum och mycket mer.<\/p>\n<ul>\n<li>Bilder med 6MP-kvalitet<\/li>\n<li>Max uppl\u00f6sning: 2160 x 2160<\/li>\n<li>St\u00f6djer tv\u00e5v\u00e4gsljud<\/li>\n<li>St\u00f6djer en lokal CVBS-utg\u00e5ng<\/li>\n<\/ul>\n<\/div>\n<\/div>\n<\/div>\n<\/div>\n<\/div>\n<\/div>\n<\/div>\n<\/div>\n<\/div>\n<\/div>\n<\/div>\n<\/div>\n<\/div>\n<\/div>\n<\/div>\n<\/div>\n<\/div>\n<p>Kod: FISHEYE-6-BW<\/p>\n<p><span style=\"color: #000000;\">Kontakta oss f\u00f6r mer information om priser.<\/span><\/p>\n","protected":false},"featured_media":26323,"template":"","meta":[],"product_brand":[67],"product_cat":[851,829,854],"product_tag":[],"berocket_brand":[],"class_list":{"0":"post-30133","1":"product","2":"type-product","3":"status-publish","4":"has-post-thumbnail","6":"product_brand-qvis","7":"product_cat-ip-kameror","8":"product_cat-kameraovervakning","9":"product_cat-viper-ip-kameror","11":"first","12":"instock","13":"taxable","14":"shipping-taxable","15":"product-type-simple"},"_links":{"self":[{"href":"https:\/\/cryptsec.se\/sv\/wp-json\/wp\/v2\/product\/30133","targetHints":{"allow":["GET"]}}],"collection":[{"href":"https:\/\/cryptsec.se\/sv\/wp-json\/wp\/v2\/product"}],"about":[{"href":"https:\/\/cryptsec.se\/sv\/wp-json\/wp\/v2\/types\/product"}],"wp:featuredmedia":[{"embeddable":true,"href":"https:\/\/cryptsec.se\/sv\/wp-json\/wp\/v2\/media\/26323"}],"wp:attachment":[{"href":"https:\/\/cryptsec.se\/sv\/wp-json\/wp\/v2\/media?parent=30133"}],"wp:term":[{"taxonomy":"product_brand","embeddable":true,"href":"https:\/\/cryptsec.se\/sv\/wp-json\/wp\/v2\/product_brand?post=30133"},{"taxonomy":"product_cat","embeddable":true,"href":"https:\/\/cryptsec.se\/sv\/wp-json\/wp\/v2\/product_cat?post=30133"},{"taxonomy":"product_tag","embeddable":true,"href":"https:\/\/cryptsec.se\/sv\/wp-json\/wp\/v2\/product_tag?post=30133"},{"taxonomy":"berocket_brand","embeddable":true,"href":"https:\/\/cryptsec.se\/sv\/wp-json\/wp\/v2\/berocket_brand?post=30133"}],"curies":[{"name":"wp","href":"https:\/\/api.w.org\/{rel}","templated":true}]}}