{"id":30134,"date":"2021-10-28T18:50:31","date_gmt":"2021-10-28T16:50:31","guid":{"rendered":"https:\/\/cryptsec.se\/product\/ang-2200-generator-for-akustiskt-buller\/"},"modified":"2021-10-28T18:50:31","modified_gmt":"2021-10-28T16:50:31","slug":"ang-2200-generator-for-akustiskt-buller","status":"publish","type":"product","link":"https:\/\/cryptsec.se\/sv\/product\/ang-2200-generator-for-akustiskt-buller\/","title":{"rendered":"ANG-2200 Generator f\u00f6r akustiskt buller"},"content":{"rendered":"<p><span style=\"color: #000000;\"><strong>Funktionsprincip<\/strong><\/span><\/p>\n<p>ANG-2200 injicerar avst\u00e4mt maskeringsbrus i perimeterstrukturer f\u00f6r att maskera strukturbundet ljud. Acoustic Spectrum Analysis Software (ASA-2000) s\u00e4kerst\u00e4ller att maskeringsljudet \u00e4r korrekt justerat f\u00f6r att ge tillr\u00e4cklig maskering utan att vara f\u00f6r h\u00f6gt eller st\u00f6rande. Oberoende kontrollerade dubbla kanaler f\u00f6r anv\u00e4ndning p\u00e5 olika strukturer &#8220;Tunable&#8221; maskeringsljud f\u00f6r specifika milj\u00f6krav. ANG-2200 ger ett avlyssningsskydd mot enheter som kanske inte uppt\u00e4cks med konventionella metoder Systemkonfigurationen b\u00f6r anpassas till milj\u00f6n.   <\/p>\n<p><span style=\"color: #000000;\"><strong>Funktioner<\/strong><\/span><\/p>\n<p>Tv\u00e5 separata kanaler Verkligt slumpm\u00e4ssiga brusk\u00e4llor H\u00f6g- och l\u00e5gfrekvensreglage \u00d6verbelastningsskydd<\/p>\n<p><span style=\"color: #000000;\"><strong>Installation<\/strong><br \/>\n<\/span><\/p>\n<p>L\u00e4s bruksanvisningen till v\u00e4nster p\u00e5 denna sida.<\/p>\n<p>&nbsp;<\/p>\n","protected":false},"excerpt":{"rendered":"<p>ANG-2200 Acoustic Noise Generator skapar en omkrets av ljud som motverkar avlyssningsutrustning med akustiskt l\u00e4ckage, f\u00f6r att inte tala om tr\u00e5dbundna mikrofoner inuti v\u00e4ggar, kontaktmikrofoner, ljuds\u00e4ndare i v\u00e4gguttag och laser-\/mikrov\u00e5gsreflexer fr\u00e5n f\u00f6nster.<\/p>\n<ul>\n<li>Erbjuder tv\u00e5 kanaler, var och en med h\u00f6g- och l\u00e5gfrekvenskontroll f\u00f6r att kompensera f\u00f6r materialsammans\u00e4ttning, med verkligt slumpm\u00e4ssiga bullerk\u00e4llor<\/li>\n<li>Maskeringssystemet injicerar ljud i omgivningen och inte direkt i milj\u00f6n &#8211; vilket m\u00f6jligg\u00f6r normal konversation samtidigt som avlyssningsanordningar sl\u00e5s ut<\/li>\n<li>Valfria tillbeh\u00f6r (givare, rundstr\u00e5lande h\u00f6gtalare, f\u00f6nsterf\u00e4sten) kan k\u00f6pas f\u00f6r att skr\u00e4ddarsy ANG-2200 till den aktuella milj\u00f6n<\/li>\n<\/ul>\n","protected":false},"featured_media":26704,"template":"","meta":[],"product_brand":[],"product_cat":[865,846],"product_tag":[1179,1178,1177,897,972,1180,894,930,879,973],"berocket_brand":[],"class_list":{"0":"post-30134","1":"product","2":"type-product","3":"status-publish","4":"has-post-thumbnail","6":"product_cat-harp-speech-protector-sv","7":"product_cat-tsu","8":"product_tag-ang-2200-sv","9":"product_tag-anti-avlyssning-sv","10":"product_tag-antiespionage-sv","11":"product_tag-buggdetektor-sv","12":"product_tag-forhindra-avlyssning-sv","13":"product_tag-generator-for-akustiskt-buller","14":"product_tag-motovervakning","15":"product_tag-rei-usa-sv","16":"product_tag-tscm-sv","17":"product_tag-vittbrusgenerator-sv","19":"first","20":"instock","21":"taxable","22":"shipping-taxable","23":"purchasable","24":"product-type-variable","25":"has-default-attributes"},"_links":{"self":[{"href":"https:\/\/cryptsec.se\/sv\/wp-json\/wp\/v2\/product\/30134","targetHints":{"allow":["GET"]}}],"collection":[{"href":"https:\/\/cryptsec.se\/sv\/wp-json\/wp\/v2\/product"}],"about":[{"href":"https:\/\/cryptsec.se\/sv\/wp-json\/wp\/v2\/types\/product"}],"wp:featuredmedia":[{"embeddable":true,"href":"https:\/\/cryptsec.se\/sv\/wp-json\/wp\/v2\/media\/26704"}],"wp:attachment":[{"href":"https:\/\/cryptsec.se\/sv\/wp-json\/wp\/v2\/media?parent=30134"}],"wp:term":[{"taxonomy":"product_brand","embeddable":true,"href":"https:\/\/cryptsec.se\/sv\/wp-json\/wp\/v2\/product_brand?post=30134"},{"taxonomy":"product_cat","embeddable":true,"href":"https:\/\/cryptsec.se\/sv\/wp-json\/wp\/v2\/product_cat?post=30134"},{"taxonomy":"product_tag","embeddable":true,"href":"https:\/\/cryptsec.se\/sv\/wp-json\/wp\/v2\/product_tag?post=30134"},{"taxonomy":"berocket_brand","embeddable":true,"href":"https:\/\/cryptsec.se\/sv\/wp-json\/wp\/v2\/berocket_brand?post=30134"}],"curies":[{"name":"wp","href":"https:\/\/api.w.org\/{rel}","templated":true}]}}