{"id":30138,"date":"2021-11-10T12:10:10","date_gmt":"2021-11-10T11:10:10","guid":{"rendered":"https:\/\/cryptsec.se\/product\/entel-dn495-krypterad-lte-4g-wifi-radio-licensfri\/"},"modified":"2025-05-02T18:53:08","modified_gmt":"2025-05-02T16:53:08","slug":"entel-dn495-krypterad-lte-4g-wifi-radio-licensfri","status":"publish","type":"product","link":"https:\/\/cryptsec.se\/sv\/product\/entel-dn495-krypterad-lte-4g-wifi-radio-licensfri\/","title":{"rendered":"Entel DN495 Krypterad LTE\/4G WiFi-radio (licensfri)"},"content":{"rendered":"<h5>DN495 Krypterad LTE\/4G &amp; WiFi-radio<\/h5>\n<p>Uppt\u00e4ck o\u00f6vertr\u00e4ffad klarhet och s\u00e4kerhet med DN495 LTE\/4G &amp; WiFi Encrypted (milit\u00e4rgraderad AES256 Bit Encryption) Radio. Denna banbrytande krypterade radioenhet \u00e4r konstruerad f\u00f6r yrkesverksamma som kr\u00e4ver tillf\u00f6rlitlighet och s\u00e4kerst\u00e4ller att dina samtal f\u00f6rblir privata tack vare den avancerade krypteringstekniken. Med sin robusta konstruktion \u00e4r DN495 den perfekta f\u00f6ljeslagaren f\u00f6r utmanande milj\u00f6er och erbjuder kristallklar ljudkvalitet som h\u00e5ller dig ansluten, oavsett var du \u00e4r.<\/p>\n<h5>Ligg steget f\u00f6re med avancerad kryptering<\/h5>\n<p>I en v\u00e4rld d\u00e4r information \u00e4r makt \u00e4r DN495 LTE\/4G &amp; WiFi Encrypted Radio ditt fort. Den erbjuder toppmodern kryptering och garanterar att varje ord som delas \u00e4r skyddat fr\u00e5n o\u00f6nskade \u00f6ron. Den h\u00e4r radion \u00e4r idealisk f\u00f6r s\u00e4kerhetsmedvetna organisationer och s\u00e4kerst\u00e4ller att din strategiska kommunikation \u00e4r trygg, s\u00e4ker och privat. Omfamna sinnesfriden som kommer med vetskapen om att din verksamhet skyddas av den b\u00e4sta krypteringstekniken.<\/p>\n<h5>Utformad f\u00f6r den kr\u00e4vande yrkesut\u00f6varen<\/h5>\n<p>DN495 \u00e4r inte bara en kommunikationsenhet; den \u00e4r en livlina i kritiska situationer. Dess l\u00e5nga batteritid, i kombination med LTE\/4G- och WiFi-funktioner, s\u00e4kerst\u00e4ller att du alltid \u00e4r inom r\u00e4ckh\u00e5ll. Oavsett om du samordnar team p\u00e5 plats eller hanterar storskaliga evenemang g\u00f6r den h\u00e4r radions tillf\u00f6rlitlighet och prestanda den till ett oumb\u00e4rligt verktyg f\u00f6r yrkesverksamma som inte har r\u00e5d att kompromissa med kommunikationen.<\/p>\n<p><strong><span style=\"color: #000000;\">Funktioner<\/span><\/strong><\/p>\n<p>Alternativen Smartphone App, Radio Gateway, PC Dispatcher och Android Dispatcher ger dig ytterligare flexibilitet medan den ergonomiska designen, de ultrataktila knapparna som \u00e4r l\u00e4mpliga f\u00f6r anv\u00e4ndning med handskar och den \u00f6verl\u00e4gsna IP68-konstruktionen s\u00e4kerst\u00e4ller att dessa robusta och kompakta radioapparater av kommersiell kvalitet \u00e4r redo att st\u00f6dja dina operativa behov. Bara att ladda och k\u00f6ra.<\/p>\n<ul>\n<li>Analoga och DMR-l\u00e4gen<\/li>\n<li>99 kanaler, 8 zoner<\/li>\n<li>IP68 dr\u00e4nkbar (2m, 4 timmar)<\/li>\n<li>\u00d6verensst\u00e4mmer med MILSTD-konstruktion 810C\/D\/E\/F<\/li>\n<li>Flera kanalzoner<\/li>\n<li>3 watt h\u00f6gsta ljudstyrka och b\u00e4sta ljudkvalitet &#8211; i klassen<\/li>\n<li>2 slot simplex<\/li>\n<li>Flera mottagningsgrupper<\/li>\n<li>Talarens alias<\/li>\n<li>Ensamarbetande<\/li>\n<li>Man-Down (tillval)<\/li>\n<li>AES 256 bitars kryptering (licenstillval)<\/li>\n<li>IP Site Roaming (licensalternativ)<\/li>\n<li>Knapp f\u00f6r personangrepp<\/li>\n<li>Gruppsamtal<\/li>\n<li>Individuellt samtal<\/li>\n<li>Anrops-ID<\/li>\n<li>Detaljerad eller stor displayinfo &#8211; programmerbar<\/li>\n<li>Programmerbara knappar<\/li>\n<li>Guldpl\u00e4terad kontakt f\u00f6r tillbeh\u00f6r<\/li>\n<li>L\u00e5sbar tillbeh\u00f6rsanslutning<\/li>\n<li>Skr\u00e4ddarsydd ljudanpassning f\u00f6r tillbeh\u00f6r optimerar ljudet f\u00f6r varje tillbeh\u00f6r<\/li>\n<li>OLED med h\u00f6g kontrast vit p\u00e5 svart<\/li>\n<li>Textmeddelanden (s\u00e4ndning och mottagning)<\/li>\n<li>Programmerbar omkopplare p\u00e5 logotypen<\/li>\n<li>Alla samtal (endast mottagning)<\/li>\n<li>Minness\u00f6kning<\/li>\n<li><a href=\"https:\/\/www.youtube.com\/watch?v=aJ7DI8oPm6w\" target=\"_blank\" rel=\"noopener\">Drag and drop-programmering f\u00f6r slutanv\u00e4ndare, inget behov av att bes\u00f6ka webbplatsen<\/a><\/li>\n<\/ul>\n<p>&nbsp;<\/p>\n<p>&nbsp;<\/p>\n","protected":false},"excerpt":{"rendered":"<p><strong>DN400 4G\/LTE &amp; Wi-Fi PoC 256 bitars AES <\/strong><strong>kombinerar det b\u00e4sta av traditionell PTT (push-to-talk) med nationell mobiln\u00e4tsdrift f\u00f6r b\u00e4sta prestanda i sin klass.<\/strong><\/p>\n","protected":false},"featured_media":26286,"template":"","meta":[],"product_brand":[165],"product_cat":[859,1074],"product_tag":[890,889,902,867,877],"berocket_brand":[],"class_list":{"0":"post-30138","1":"product","2":"type-product","3":"status-publish","4":"has-post-thumbnail","6":"product_brand-entel","7":"product_cat-kommunikation","8":"product_cat-radio-sv","9":"product_tag-kommunikation-sv-2","10":"product_tag-krypterad-kommunikation","11":"product_tag-kryptering-sv","12":"product_tag-radio-sv","13":"product_tag-tvavagsradio","15":"first","16":"instock","17":"featured","18":"taxable","19":"shipping-taxable","20":"purchasable","21":"product-type-variable"},"_links":{"self":[{"href":"https:\/\/cryptsec.se\/sv\/wp-json\/wp\/v2\/product\/30138","targetHints":{"allow":["GET"]}}],"collection":[{"href":"https:\/\/cryptsec.se\/sv\/wp-json\/wp\/v2\/product"}],"about":[{"href":"https:\/\/cryptsec.se\/sv\/wp-json\/wp\/v2\/types\/product"}],"wp:featuredmedia":[{"embeddable":true,"href":"https:\/\/cryptsec.se\/sv\/wp-json\/wp\/v2\/media\/26286"}],"wp:attachment":[{"href":"https:\/\/cryptsec.se\/sv\/wp-json\/wp\/v2\/media?parent=30138"}],"wp:term":[{"taxonomy":"product_brand","embeddable":true,"href":"https:\/\/cryptsec.se\/sv\/wp-json\/wp\/v2\/product_brand?post=30138"},{"taxonomy":"product_cat","embeddable":true,"href":"https:\/\/cryptsec.se\/sv\/wp-json\/wp\/v2\/product_cat?post=30138"},{"taxonomy":"product_tag","embeddable":true,"href":"https:\/\/cryptsec.se\/sv\/wp-json\/wp\/v2\/product_tag?post=30138"},{"taxonomy":"berocket_brand","embeddable":true,"href":"https:\/\/cryptsec.se\/sv\/wp-json\/wp\/v2\/berocket_brand?post=30138"}],"curies":[{"name":"wp","href":"https:\/\/api.w.org\/{rel}","templated":true}]}}