{"id":30142,"date":"2021-11-10T12:46:58","date_gmt":"2021-11-10T11:46:58","guid":{"rendered":"https:\/\/cryptsec.se\/product\/entel-dx482-krypterad-dmr-radio\/"},"modified":"2025-05-02T18:50:25","modified_gmt":"2025-05-02T16:50:25","slug":"entel-dx482-krypterad-dmr-radio","status":"publish","type":"product","link":"https:\/\/cryptsec.se\/sv\/product\/entel-dx482-krypterad-dmr-radio\/","title":{"rendered":"Entel DX482 Krypterad DMR-radio"},"content":{"rendered":"<h5>Ultimat h\u00e5llbarhet m\u00f6ter klarhet<\/h5>\n<p>DX482 Encrypted (Military Grade AES 256bit Encryption) DMR Radio Portables omdefinierar robusthet och tydlighet f\u00f6r den aff\u00e4rskritiska anv\u00e4ndaren. Med MIL-STD 810C\/D\/E\/F\/G-konstruktion och IP68-skydd mot neds\u00e4nkning klarar dessa radioapparater de tuffaste f\u00f6rh\u00e5llanden, s\u00e5 att teamet kan h\u00e5lla kontakten i alla milj\u00f6er. Li-Ion-batteriet med h\u00f6g kapacitet f\u00f6rl\u00e4nger drifttiden och ger dig kontroll utan st\u00e4ndigt behov av laddning.<\/p>\n<h5>O\u00f6vertr\u00e4ffad ljudprestanda<\/h5>\n<p>Upplev det h\u00f6gsta och tydligaste ljudet i sin klass med DX400:s 3 watts effekt. Oavsett om du befinner dig p\u00e5 en bullrig byggarbetsplats eller mitt i kaoset p\u00e5 ett evenemang ser DX400 till att din kommunikation h\u00f6rs och f\u00f6rst\u00e5s, vilket g\u00f6r den till det sj\u00e4lvklara valet f\u00f6r yrkesm\u00e4nniskor som kr\u00e4ver det b\u00e4sta.<\/p>\n<h5>Kompakt, men \u00e4nd\u00e5 kraftfull<\/h5>\n<p>L\u00e5t inte den kompakta storleken av denna krypterade radio lura dig, DX400 \u00e4r ett kraftpaket. Med 16 kanaler i 1 zon, simplex med 2 platser och flera mottagningsgrupper ger den den m\u00e5ngsidighet som kr\u00e4vs f\u00f6r effektiv teamkoordinering. Dess \u00f6verkomliga pris g\u00f6r den tillg\u00e4nglig f\u00f6r f\u00f6retag i alla storlekar, vilket s\u00e4kerst\u00e4ller att h\u00f6gkvalitativ kommunikation \u00e4r inom r\u00e4ckh\u00e5ll.<\/p>\n<p style=\"text-align: left;\"><em>N\u00e5gra viktiga egenskaper:<\/em><\/p>\n<ul>\n<li>Analoga och DMR-l\u00e4gen<\/li>\n<li>16 kanaler, 1 zon<\/li>\n<li>IP68 dr\u00e4nkbar (2m, 4 timmar)<\/li>\n<li>\u00d6verensst\u00e4mmer med MILSTD-konstruktion 810C\/D\/E\/F<\/li>\n<li>3 watt h\u00f6gsta ljudstyrka och b\u00e4sta ljudkvalitet &#8211; i klassen<\/li>\n<li>2 slot simplex<\/li>\n<li>Flera mottagningsgrupper<\/li>\n<li>Talarens alias (endast TX)<\/li>\n<li>Ensamarbetande<\/li>\n<li>Man-Down (tillval)<\/li>\n<li>AES 256 bitars kryptering (licenstillval)<\/li>\n<li>IP Site Roaming (licensalternativ)<\/li>\n<li>Knapp f\u00f6r personangrepp<\/li>\n<li>Gruppsamtal<\/li>\n<li>Individuellt samtal<\/li>\n<li>Programmerbara knappar<\/li>\n<li>Guldpl\u00e4terad kontakt f\u00f6r tillbeh\u00f6r<\/li>\n<li>L\u00e5sbar tillbeh\u00f6rsanslutning<\/li>\n<li>Skr\u00e4ddarsydd ljudanpassning f\u00f6r tillbeh\u00f6r optimerar ljudet f\u00f6r varje tillbeh\u00f6r<\/li>\n<li>Alla samtal (endast mottagning)<\/li>\n<li><a href=\"https:\/\/www.youtube.com\/watch?v=aJ7DI8oPm6w\" target=\"_blank\" rel=\"noopener\">Drag and drop-programmering f\u00f6r slutanv\u00e4ndare, inget behov av att bes\u00f6ka webbplatsen<\/a><\/li>\n<\/ul>\n<p>Mer information: <a href=\"https:\/\/www.entel.co.uk\/products\/dx482\" target=\"_blank\" rel=\"noopener\">https:\/\/www.entel.co.uk\/products\/dx482<\/a><\/p>\n<p>&nbsp;<\/p>\n<p>&nbsp;<\/p>\n<p>&nbsp;<\/p>\n","protected":false},"excerpt":{"rendered":"<p><strong>DX482 Encrypted (Military Grade AES 256bit) DMR Digital portables \u00e4r de mest kompakta, MIL-STD &amp; IP68, prisv\u00e4rda aff\u00e4rskritiska radioapparater som finns tillg\u00e4ngliga idag.<\/strong><\/p>\n","protected":false},"featured_media":26292,"template":"","meta":[],"product_brand":[165],"product_cat":[859,1074],"product_tag":[892,891,890,886,887,889,867,868,869,888],"berocket_brand":[],"class_list":{"0":"post-30142","1":"product","2":"type-product","3":"status-publish","4":"has-post-thumbnail","6":"product_brand-entel","7":"product_cat-kommunikation","8":"product_cat-radio-sv","9":"product_tag-digital-radio-sv","10":"product_tag-dmr-radio-sv","11":"product_tag-kommunikation-sv-2","12":"product_tag-kommunikation-sv","13":"product_tag-kommunikationsapparat-sv","14":"product_tag-krypterad-kommunikation","15":"product_tag-radio-sv","16":"product_tag-radioapparat-sv","17":"product_tag-radiokommunikation-sv","18":"product_tag-uhf-sv","20":"first","21":"instock","22":"sale","23":"taxable","24":"shipping-taxable","25":"purchasable","26":"product-type-simple"},"_links":{"self":[{"href":"https:\/\/cryptsec.se\/sv\/wp-json\/wp\/v2\/product\/30142","targetHints":{"allow":["GET"]}}],"collection":[{"href":"https:\/\/cryptsec.se\/sv\/wp-json\/wp\/v2\/product"}],"about":[{"href":"https:\/\/cryptsec.se\/sv\/wp-json\/wp\/v2\/types\/product"}],"wp:featuredmedia":[{"embeddable":true,"href":"https:\/\/cryptsec.se\/sv\/wp-json\/wp\/v2\/media\/26292"}],"wp:attachment":[{"href":"https:\/\/cryptsec.se\/sv\/wp-json\/wp\/v2\/media?parent=30142"}],"wp:term":[{"taxonomy":"product_brand","embeddable":true,"href":"https:\/\/cryptsec.se\/sv\/wp-json\/wp\/v2\/product_brand?post=30142"},{"taxonomy":"product_cat","embeddable":true,"href":"https:\/\/cryptsec.se\/sv\/wp-json\/wp\/v2\/product_cat?post=30142"},{"taxonomy":"product_tag","embeddable":true,"href":"https:\/\/cryptsec.se\/sv\/wp-json\/wp\/v2\/product_tag?post=30142"},{"taxonomy":"berocket_brand","embeddable":true,"href":"https:\/\/cryptsec.se\/sv\/wp-json\/wp\/v2\/berocket_brand?post=30142"}],"curies":[{"name":"wp","href":"https:\/\/api.w.org\/{rel}","templated":true}]}}