{"id":30144,"date":"2021-11-12T12:42:47","date_gmt":"2021-11-12T11:42:47","guid":{"rendered":"https:\/\/cryptsec.se\/product\/viper-4k-nvr\/"},"modified":"2021-11-12T12:42:47","modified_gmt":"2021-11-12T11:42:47","slug":"viper-4k-nvr","status":"publish","type":"product","link":"https:\/\/cryptsec.se\/sv\/product\/viper-4k-nvr\/","title":{"rendered":"Viper 4K NVR"},"content":{"rendered":"<p>Vi introducerar Viper 4K NVR, en banbrytande n\u00e4tverksvideobandspelare som ger kraften i ultrah\u00f6guppl\u00f6st \u00f6vervakning i ditt s\u00e4kerhetssystem. Denna NVR \u00e4r utformad f\u00f6r att fungera s\u00f6ml\u00f6st med 4K-kameror och f\u00e5ngar varje detalj med fyra g\u00e5nger h\u00f6gre uppl\u00f6sning \u00e4n 1080p, vilket ger kristallklara bilder som f\u00f6rb\u00e4ttrar din f\u00f6rm\u00e5ga att \u00f6vervaka och skydda din egendom. Med sin robusta prestanda och intuitiva gr\u00e4nssnitt \u00e4r Viper 4K NVR idealisk f\u00f6r b\u00e5de professionella och bostadsmilj\u00f6er, vilket s\u00e4kerst\u00e4ller att ingen detalj g\u00e5r obem\u00e4rkt f\u00f6rbi.  <\/p>\n<ul>\n<li><strong>4K Ultra-High Definition<\/strong>: Ger fantastisk klarhet och detaljrikedom f\u00f6r de mest kr\u00e4vande \u00f6vervakningskraven.<\/li>\n<li><strong>Enkel installation och hantering<\/strong>: Har ett anv\u00e4ndarv\u00e4nligt gr\u00e4nssnitt f\u00f6r problemfri installation och l\u00f6pande hantering av ditt s\u00e4kerhetssystem.<\/li>\n<li><strong>M\u00e5ngsidig kompatibilitet<\/strong>: St\u00f6der ett brett utbud av kameratyper och -m\u00e4rken, vilket g\u00f6r den till ett flexibelt val f\u00f6r uppgradering av befintliga system eller installation av nya.<\/li>\n<\/ul>\n<p>Viper 4K NVR \u00e4r byggd f\u00f6r h\u00e5llbarhet och tillf\u00f6rlitlighet, vilket s\u00e4kerst\u00e4ller att ditt \u00f6vervakningssystem fungerar smidigt dygnet runt. Oavsett om du vill s\u00e4kra en kommersiell fastighet, \u00f6vervaka ett stort bostadsomr\u00e5de eller skydda kritisk infrastruktur, ger Viper 4K NVR de avancerade funktioner och den h\u00f6gkvalitativa prestanda du beh\u00f6ver. <\/p>\n","protected":false},"excerpt":{"rendered":"<ul>\n<li>4 , 8 och 16 kanaler tillg\u00e4ngliga<\/li>\n<li>St\u00f6djer upp till 4K-inspelning<\/li>\n<li>S\u00e4kerhetskopiering via USB<\/li>\n<\/ul>\n<p>Kod: VIPER-NVR-4K<\/p>\n","protected":false},"featured_media":26299,"template":"","meta":[],"product_brand":[67],"product_cat":[829,855,857],"product_tag":[949,1184,951,957,954,953,952,1145,961],"berocket_brand":[],"class_list":{"0":"post-30144","1":"product","2":"type-product","3":"status-publish","4":"has-post-thumbnail","6":"product_brand-qvis","7":"product_cat-kameraovervakning","8":"product_cat-ip-video-inspelare","9":"product_cat-viper-ip-inspelare","10":"product_tag-cctv-sv","11":"product_tag-inspelningsenhet-sv","12":"product_tag-ip-kamera-sv","13":"product_tag-ip-kameror-sv","14":"product_tag-kameraovervakning-sv","15":"product_tag-natverkskamera-sv","16":"product_tag-nvr-sv","17":"product_tag-overvakningskamera-sv-2","18":"product_tag-overvakningskamera-sv","20":"first","21":"instock","22":"taxable","23":"shipping-taxable","24":"purchasable","25":"product-type-variable","26":"has-default-attributes"},"_links":{"self":[{"href":"https:\/\/cryptsec.se\/sv\/wp-json\/wp\/v2\/product\/30144","targetHints":{"allow":["GET"]}}],"collection":[{"href":"https:\/\/cryptsec.se\/sv\/wp-json\/wp\/v2\/product"}],"about":[{"href":"https:\/\/cryptsec.se\/sv\/wp-json\/wp\/v2\/types\/product"}],"wp:featuredmedia":[{"embeddable":true,"href":"https:\/\/cryptsec.se\/sv\/wp-json\/wp\/v2\/media\/26299"}],"wp:attachment":[{"href":"https:\/\/cryptsec.se\/sv\/wp-json\/wp\/v2\/media?parent=30144"}],"wp:term":[{"taxonomy":"product_brand","embeddable":true,"href":"https:\/\/cryptsec.se\/sv\/wp-json\/wp\/v2\/product_brand?post=30144"},{"taxonomy":"product_cat","embeddable":true,"href":"https:\/\/cryptsec.se\/sv\/wp-json\/wp\/v2\/product_cat?post=30144"},{"taxonomy":"product_tag","embeddable":true,"href":"https:\/\/cryptsec.se\/sv\/wp-json\/wp\/v2\/product_tag?post=30144"},{"taxonomy":"berocket_brand","embeddable":true,"href":"https:\/\/cryptsec.se\/sv\/wp-json\/wp\/v2\/berocket_brand?post=30144"}],"curies":[{"name":"wp","href":"https:\/\/api.w.org\/{rel}","templated":true}]}}