{"id":30157,"date":"2021-11-12T13:36:34","date_gmt":"2021-11-12T12:36:34","guid":{"rendered":"https:\/\/cryptsec.se\/product\/viper-pro-4k-32ch-nvr\/"},"modified":"2021-11-12T13:36:34","modified_gmt":"2021-11-12T12:36:34","slug":"viper-pro-4k-32ch-nvr","status":"publish","type":"product","link":"https:\/\/cryptsec.se\/sv\/product\/viper-pro-4k-32ch-nvr\/","title":{"rendered":"Viper Pro 4K 32CH NVR"},"content":{"rendered":"<p>F\u00f6rb\u00e4ttra ditt \u00f6vervakningssystem med Viper Pro 4K 32 Channel NVR, en n\u00e4tverksvideobandspelare med h\u00f6g kapacitet som \u00e4r utformad f\u00f6r omfattande s\u00e4kerhetsoperationer. Denna kraftfulla NVR st\u00f6der upp till 32 kanaler, vilket ger flexibilitet att ansluta flera 4K-kameror f\u00f6r omfattande t\u00e4ckning av stora omr\u00e5den. Med inspelningskapacitet i 4K-uppl\u00f6sning s\u00e4kerst\u00e4ller den att varje detalj f\u00e5ngas med exceptionell klarhet, vilket g\u00f6r den perfekt f\u00f6r kritiska \u00f6vervakningsapplikationer.  <\/p>\n<ul>\n<li><strong>4K-inspelningskvalitet<\/strong>: Levererar video i ultrah\u00f6g uppl\u00f6sning och spelar in detaljerade bilder fr\u00e5n alla anslutna kameror.<\/li>\n<li><strong>St\u00f6d f\u00f6r 32 kanaler<\/strong>: Har plats f\u00f6r ett stort antal kameror, perfekt f\u00f6r \u00f6vervakning av flera platser samtidigt.<\/li>\n<li><strong>Robust lagringskapacitet<\/strong>: Har omfattande lagringsalternativ f\u00f6r s\u00e4ker arkivering av filmmaterial utan att kompromissa med videokvaliteten.<\/li>\n<\/ul>\n<p>Viper Pro 4K 32 Channel NVR \u00e4r utformad f\u00f6r tillf\u00f6rlitlighet och prestanda och erbjuder avancerade funktioner som samtidig uppspelning, smart s\u00f6kning och enkel fj\u00e4rr\u00e5tkomst. Oavsett om det g\u00e4ller kommersiella fastigheter, industrianl\u00e4ggningar eller stora bostadsomr\u00e5den, ger denna NVR en skalbar och effektiv l\u00f6sning f\u00f6r hantering av h\u00f6gkvalitativa \u00f6vervakningsbilder. <\/p>\n","protected":false},"excerpt":{"rendered":"<div class=\"product attribute overview\">\n<ul>\n<li>Med Viper IP NVR Analytics<\/li>\n<li>Inkluderar objektdetektering, Tripwire-inst\u00e4llningar och intr\u00e5ngszoner<\/li>\n<li>St\u00f6djer 32 kameror \u00f6ver n\u00e4tverk<\/li>\n<li>St\u00f6djer upp till 4K-inspelning<\/li>\n<\/ul>\n<p>Lagringsstorlekar tillg\u00e4ngliga fr\u00e5n 4-48 TB<\/p>\n<\/div>\n<p>Kod: VIPER-NVRPRO<\/p>\n","protected":false},"featured_media":26301,"template":"","meta":[],"product_brand":[67],"product_cat":[829,855,857],"product_tag":[949,951,954,1146,953,961,964,1185],"berocket_brand":[],"class_list":{"0":"post-30157","1":"product","2":"type-product","3":"status-publish","4":"has-post-thumbnail","6":"product_brand-qvis","7":"product_cat-kameraovervakning","8":"product_cat-ip-video-inspelare","9":"product_cat-viper-ip-inspelare","10":"product_tag-cctv-sv","11":"product_tag-ip-kamera-sv","12":"product_tag-kameraovervakning-sv","13":"product_tag-natverkskamera-sv-2","14":"product_tag-natverkskamera-sv","15":"product_tag-overvakningskamera-sv","16":"product_tag-sakerhetskamera-sv","17":"product_tag-viper-kamera","19":"first","20":"instock","21":"taxable","22":"shipping-taxable","23":"purchasable","24":"product-type-variable","25":"has-default-attributes"},"_links":{"self":[{"href":"https:\/\/cryptsec.se\/sv\/wp-json\/wp\/v2\/product\/30157","targetHints":{"allow":["GET"]}}],"collection":[{"href":"https:\/\/cryptsec.se\/sv\/wp-json\/wp\/v2\/product"}],"about":[{"href":"https:\/\/cryptsec.se\/sv\/wp-json\/wp\/v2\/types\/product"}],"wp:featuredmedia":[{"embeddable":true,"href":"https:\/\/cryptsec.se\/sv\/wp-json\/wp\/v2\/media\/26301"}],"wp:attachment":[{"href":"https:\/\/cryptsec.se\/sv\/wp-json\/wp\/v2\/media?parent=30157"}],"wp:term":[{"taxonomy":"product_brand","embeddable":true,"href":"https:\/\/cryptsec.se\/sv\/wp-json\/wp\/v2\/product_brand?post=30157"},{"taxonomy":"product_cat","embeddable":true,"href":"https:\/\/cryptsec.se\/sv\/wp-json\/wp\/v2\/product_cat?post=30157"},{"taxonomy":"product_tag","embeddable":true,"href":"https:\/\/cryptsec.se\/sv\/wp-json\/wp\/v2\/product_tag?post=30157"},{"taxonomy":"berocket_brand","embeddable":true,"href":"https:\/\/cryptsec.se\/sv\/wp-json\/wp\/v2\/berocket_brand?post=30157"}],"curies":[{"name":"wp","href":"https:\/\/api.w.org\/{rel}","templated":true}]}}