{"id":30162,"date":"2021-11-12T13:50:58","date_gmt":"2021-11-12T12:50:58","guid":{"rendered":"https:\/\/cryptsec.se\/product\/viper-ai-4k-nvr\/"},"modified":"2021-11-12T13:50:58","modified_gmt":"2021-11-12T12:50:58","slug":"viper-ai-4k-nvr","status":"publish","type":"product","link":"https:\/\/cryptsec.se\/sv\/product\/viper-ai-4k-nvr\/","title":{"rendered":"Viper AI 4K NVR"},"content":{"rendered":"<p>Vi presenterar Viper AI 4K NVR, h\u00f6jdpunkten inom \u00f6vervakningsteknik utformad f\u00f6r dem som kr\u00e4ver den h\u00f6gsta niv\u00e5n av s\u00e4kerhet och intelligens. Dessa n\u00e4tverksvideoregistrerare (NVR) utnyttjar kraften i artificiell intelligens f\u00f6r att erbjuda avancerade funktioner som smart r\u00f6relsedetektering, ansiktsigenk\u00e4nning och objektsp\u00e5rning. Viper AI 4K NVR kan spela in och hantera videofilmer i fantastisk 4K-uppl\u00f6sning och s\u00e4kerst\u00e4ller att varje detalj f\u00e5ngas med o\u00f6vertr\u00e4ffad klarhet.  <\/p>\n<ul>\n<li><strong>4K-inspelning med ultrah\u00f6g uppl\u00f6sning<\/strong>: F\u00e5ngar och lagrar video i 4K-uppl\u00f6sning, vilket ger kristallklara bilder f\u00f6r detaljerad \u00f6vervakning.<\/li>\n<li><strong>Avancerade AI-funktioner<\/strong>: Utnyttjar artificiell intelligens f\u00f6r f\u00f6rb\u00e4ttrad r\u00f6relsedetektering, ansiktsigenk\u00e4nning och objektsp\u00e5rning, vilket s\u00e4kerst\u00e4ller korrekta varningar och effektiv datahantering.<\/li>\n<li><strong>Skalbara lagringsl\u00f6sningar<\/strong>: Erbjuder omfattande lagringsalternativ med st\u00f6d f\u00f6r flera h\u00e5rddiskar f\u00f6r omfattande videoarkivering utan att kompromissa med kvaliteten.<\/li>\n<\/ul>\n<p>Viper AI 4K NVR \u00e4r utformade f\u00f6r m\u00e5ngsidighet och prestanda och \u00e4r kompatibla med ett brett utbud av kameror, vilket g\u00f6r dem l\u00e4mpliga f\u00f6r olika s\u00e4kerhetskonfigurationer, fr\u00e5n bost\u00e4der till storskaliga kommersiella system. Deras anv\u00e4ndarv\u00e4nliga gr\u00e4nssnitt m\u00f6jligg\u00f6r enkel installation och hantering, vilket s\u00e4kerst\u00e4ller att ditt \u00f6vervakningssystem \u00e4r b\u00e5de effektivt och effektivt. <\/p>\n","protected":false},"excerpt":{"rendered":"<div class=\"product attribute overview\">\n<div class=\"product attribute overview\">\n<div class=\"value\">\n<ul>\n<li>8, 16 och 32 kanaler tillg\u00e4ngliga<\/li>\n<li>Inspelning i 4K-kvalitet<\/li>\n<li>AI ansiktsigenk\u00e4nning<\/li>\n<\/ul>\n<\/div>\n<\/div>\n<p>Lagringsstorlekar tillg\u00e4ngliga fr\u00e5n 1-24 TB<\/p>\n<\/div>\n<p>Kod: VIPER-NVR-AI<\/p>\n","protected":false},"featured_media":26305,"template":"","meta":[],"product_brand":[67],"product_cat":[829,855,857],"product_tag":[],"berocket_brand":[],"class_list":{"0":"post-30162","1":"product","2":"type-product","3":"status-publish","4":"has-post-thumbnail","6":"product_brand-qvis","7":"product_cat-kameraovervakning","8":"product_cat-ip-video-inspelare","9":"product_cat-viper-ip-inspelare","11":"first","12":"instock","13":"taxable","14":"shipping-taxable","15":"purchasable","16":"product-type-variable","17":"has-default-attributes"},"_links":{"self":[{"href":"https:\/\/cryptsec.se\/sv\/wp-json\/wp\/v2\/product\/30162","targetHints":{"allow":["GET"]}}],"collection":[{"href":"https:\/\/cryptsec.se\/sv\/wp-json\/wp\/v2\/product"}],"about":[{"href":"https:\/\/cryptsec.se\/sv\/wp-json\/wp\/v2\/types\/product"}],"wp:featuredmedia":[{"embeddable":true,"href":"https:\/\/cryptsec.se\/sv\/wp-json\/wp\/v2\/media\/26305"}],"wp:attachment":[{"href":"https:\/\/cryptsec.se\/sv\/wp-json\/wp\/v2\/media?parent=30162"}],"wp:term":[{"taxonomy":"product_brand","embeddable":true,"href":"https:\/\/cryptsec.se\/sv\/wp-json\/wp\/v2\/product_brand?post=30162"},{"taxonomy":"product_cat","embeddable":true,"href":"https:\/\/cryptsec.se\/sv\/wp-json\/wp\/v2\/product_cat?post=30162"},{"taxonomy":"product_tag","embeddable":true,"href":"https:\/\/cryptsec.se\/sv\/wp-json\/wp\/v2\/product_tag?post=30162"},{"taxonomy":"berocket_brand","embeddable":true,"href":"https:\/\/cryptsec.se\/sv\/wp-json\/wp\/v2\/berocket_brand?post=30162"}],"curies":[{"name":"wp","href":"https:\/\/api.w.org\/{rel}","templated":true}]}}