{"id":30175,"date":"2021-11-12T14:02:10","date_gmt":"2021-11-12T13:02:10","guid":{"rendered":"https:\/\/cryptsec.se\/product\/viper-4k-ir-motoriserad-ip-kamera\/"},"modified":"2021-11-12T14:02:10","modified_gmt":"2021-11-12T13:02:10","slug":"viper-4k-ir-motoriserad-ip-kamera","status":"publish","type":"product","link":"https:\/\/cryptsec.se\/sv\/product\/viper-4k-ir-motoriserad-ip-kamera\/","title":{"rendered":"Viper 4K IR Motoriserad IP-kamera"},"content":{"rendered":"<p>H\u00f6j din s\u00e4kerhet med Viper Network IR Waterproof Turret-kameror med 4K\/8MP, utformade f\u00f6r att erbjuda o\u00f6vertr\u00e4ffad \u00f6vervakning i ultrah\u00f6g uppl\u00f6sning. Dessa robusta kameror f\u00e5ngar skarpa, detaljerade bilder i 4K-uppl\u00f6sning, vilket s\u00e4kerst\u00e4ller att varje aspekt av det \u00f6vervakade omr\u00e5det syns med precision. Kamerorna \u00e4r utrustade med infrar\u00f6tt m\u00f6rkerseende och ger tydliga bilder i totalt m\u00f6rker, vilket g\u00f6r dem perfekta f\u00f6r s\u00e4kerhet dygnet runt. Den vattent\u00e4ta designen, klassad IP67, garanterar h\u00e5llbarhet och motst\u00e5ndskraft i alla v\u00e4derf\u00f6rh\u00e5llanden, vilket g\u00f6r dessa kameror idealiska f\u00f6r b\u00e5de inomhus- och utomhusmilj\u00f6er.   <\/p>\n<ul>\n<li><strong>4K Ultra-High Definition<\/strong>: Ger exceptionell klarhet och detaljrikedom f\u00f6r omfattande omr\u00e5des\u00f6vervakning.<\/li>\n<li><strong>Infrar\u00f6d nattseende<\/strong>: Ger \u00f6verl\u00e4gsen prestanda i svagt ljus, vilket s\u00e4kerst\u00e4ller tillf\u00f6rlitlig \u00f6vervakning i fullst\u00e4ndigt m\u00f6rker.<\/li>\n<li><strong>IP67 vattent\u00e4t klassning<\/strong>: Ger skydd mot tuffa v\u00e4derf\u00f6rh\u00e5llanden, l\u00e4mplig f\u00f6r alla installationsplatser.<\/li>\n<\/ul>\n<p>4K\/8MP Viper Network IR Waterproof Turret-kameror \u00e4r ett f\u00f6rstahandsval f\u00f6r dem som beh\u00f6ver avancerade s\u00e4kerhetsl\u00f6sningar. Den enkla installationen, i kombination med h\u00f6guppl\u00f6st bildbehandling och v\u00e4derbest\u00e4ndiga funktioner, g\u00f6r dem till ett m\u00e5ngsidigt alternativ f\u00f6r att s\u00e4kra kommersiella fastigheter, bostadsomr\u00e5den och kritisk infrastruktur. <\/p>\n","protected":false},"excerpt":{"rendered":"<div class=\"product attribute overview\">\n<div class=\"product attribute overview\">\n<div class=\"value\">\n<div class=\"product attribute overview\">\n<div class=\"value\">\n<p>Viper introducerar 4K Viper Network IR Waterproof Turret Camera.<\/p>\n<ul>\n<li>2,8-12 mm motoriserad lins<\/li>\n<li>8MP\/4K-uppl\u00f6sning<\/li>\n<li>Upp till 50 m IR-r\u00e4ckvidd<\/li>\n<\/ul>\n<\/div>\n<\/div>\n<\/div>\n<\/div>\n<\/div>\n<p>Kod: MTURVIP4K3-V<\/p>\n","protected":false},"featured_media":26308,"template":"","meta":[],"product_brand":[67],"product_cat":[851,829,854],"product_tag":[949,1148,954,1146,953,961,1187,1150,1185],"berocket_brand":[],"class_list":{"0":"post-30175","1":"product","2":"type-product","3":"status-publish","4":"has-post-thumbnail","6":"product_brand-qvis","7":"product_cat-ip-kameror","8":"product_cat-kameraovervakning","9":"product_cat-viper-ip-kameror","10":"product_tag-cctv-sv","11":"product_tag-ip-kamera-sv-2","12":"product_tag-kameraovervakning-sv","13":"product_tag-natverkskamera-sv-2","14":"product_tag-natverkskamera-sv","15":"product_tag-overvakningskamera-sv","16":"product_tag-viper-sv","17":"product_tag-viper-cctv-sv","18":"product_tag-viper-kamera","20":"first","21":"instock","22":"taxable","23":"shipping-taxable","24":"purchasable","25":"product-type-variable"},"_links":{"self":[{"href":"https:\/\/cryptsec.se\/sv\/wp-json\/wp\/v2\/product\/30175","targetHints":{"allow":["GET"]}}],"collection":[{"href":"https:\/\/cryptsec.se\/sv\/wp-json\/wp\/v2\/product"}],"about":[{"href":"https:\/\/cryptsec.se\/sv\/wp-json\/wp\/v2\/types\/product"}],"wp:featuredmedia":[{"embeddable":true,"href":"https:\/\/cryptsec.se\/sv\/wp-json\/wp\/v2\/media\/26308"}],"wp:attachment":[{"href":"https:\/\/cryptsec.se\/sv\/wp-json\/wp\/v2\/media?parent=30175"}],"wp:term":[{"taxonomy":"product_brand","embeddable":true,"href":"https:\/\/cryptsec.se\/sv\/wp-json\/wp\/v2\/product_brand?post=30175"},{"taxonomy":"product_cat","embeddable":true,"href":"https:\/\/cryptsec.se\/sv\/wp-json\/wp\/v2\/product_cat?post=30175"},{"taxonomy":"product_tag","embeddable":true,"href":"https:\/\/cryptsec.se\/sv\/wp-json\/wp\/v2\/product_tag?post=30175"},{"taxonomy":"berocket_brand","embeddable":true,"href":"https:\/\/cryptsec.se\/sv\/wp-json\/wp\/v2\/berocket_brand?post=30175"}],"curies":[{"name":"wp","href":"https:\/\/api.w.org\/{rel}","templated":true}]}}