{"id":30178,"date":"2021-11-12T14:18:00","date_gmt":"2021-11-12T13:18:00","guid":{"rendered":"https:\/\/cryptsec.se\/product\/viper-4k-gm-serie-tornkamera-med-ljud\/"},"modified":"2021-11-12T14:18:00","modified_gmt":"2021-11-12T13:18:00","slug":"viper-4k-gm-serie-tornkamera-med-ljud","status":"publish","type":"product","link":"https:\/\/cryptsec.se\/sv\/product\/viper-4k-gm-serie-tornkamera-med-ljud\/","title":{"rendered":"Viper 4K GM-serie tornkamera med ljud"},"content":{"rendered":"<p>Vi introducerar Viper 4K\/8MP IP GM-serien Turretkameror med fast objektiv och ljud, en f\u00f6rstklassig \u00f6vervakningsl\u00f6sning som kombinerar ultrah\u00f6guppl\u00f6st video med integrerade ljudfunktioner. Dessa kameror erbjuder 4K-uppl\u00f6sning f\u00f6r o\u00f6vertr\u00e4ffad klarhet och detaljrikedom, vilket s\u00e4kerst\u00e4ller att varje bildruta f\u00e5ngar essensen av den \u00f6vervakade milj\u00f6n. Den inbyggda mikrofonen m\u00f6jligg\u00f6r ljudinspelning, vilket ger ett extra lager av s\u00e4kerhet genom att f\u00e5nga ljud i dess n\u00e4rhet. Kamerorna \u00e4r utformade f\u00f6r b\u00e5de inomhus- och utomhusbruk, har en t\u00e5lig konstruktion och \u00e4r utrustade med infrar\u00f6tt m\u00f6rkerseende, vilket ger tydliga bilder \u00e4ven i fullst\u00e4ndigt m\u00f6rker.   <\/p>\n<ul>\n<li><strong>4K Ultra-High Definition<\/strong>: Ger fantastiskt klara och detaljerade bilder f\u00f6r \u00f6verl\u00e4gsen \u00f6vervakning.<\/li>\n<li><strong>Integrerad ljudinspelning<\/strong>: F\u00e5ngar upp tydligt ljud, vilket f\u00f6rb\u00e4ttrar \u00f6vervakningsm\u00f6jligheterna och ger ytterligare sammanhang till bilderna.<\/li>\n<li><strong>Infrar\u00f6d nattseende<\/strong>: S\u00e4kerst\u00e4ller effektiv \u00f6vervakning i svagt ljus, p\u00e5 upp till 30 meters avst\u00e5nd.<\/li>\n<\/ul>\n<p>4K\/8MP Viper IP GM-serien Turretkameror med fast objektiv och ljud \u00e4r idealiska f\u00f6r ett brett spektrum av applikationer och ger \u00f6kad s\u00e4kerhet f\u00f6r fastigheter, offentliga utrymmen och kommersiella omr\u00e5den. Deras robusta design och v\u00e4derbest\u00e4ndiga h\u00f6lje s\u00e4kerst\u00e4ller tillf\u00f6rlitlig prestanda under olika milj\u00f6f\u00f6rh\u00e5llanden, vilket g\u00f6r dem till ett m\u00e5ngsidigt val f\u00f6r omfattande \u00f6vervakningsbehov. <\/p>\n","protected":false},"excerpt":{"rendered":"<div class=\"product attribute overview\">\n<div class=\"product attribute overview\">\n<div class=\"value\">\n<div class=\"product attribute overview\">\n<div class=\"value\">\n<p>Viper introducerar 4K Viper Network IR Waterproof Turret Camera.<\/p>\n<div class=\"product attribute overview\">\n<div class=\"value\">\n<ul>\n<li>4K\/8MP kvalitetsbild<\/li>\n<li>Upp till 30 m IR-r\u00e4ckvidd<\/li>\n<li>Inbyggt ljud<\/li>\n<li>2,8 mm fast lins<\/li>\n<li>IP67-klassad<\/li>\n<\/ul>\n<\/div>\n<\/div>\n<\/div>\n<\/div>\n<\/div>\n<\/div>\n<\/div>\n<p>Kod: TURVIP4K-F-A-GM<\/p>\n","protected":false},"featured_media":26310,"template":"","meta":[],"product_brand":[67],"product_cat":[851,829,854],"product_tag":[],"berocket_brand":[],"class_list":{"0":"post-30178","1":"product","2":"type-product","3":"status-publish","4":"has-post-thumbnail","6":"product_brand-qvis","7":"product_cat-ip-kameror","8":"product_cat-kameraovervakning","9":"product_cat-viper-ip-kameror","11":"first","12":"instock","13":"taxable","14":"shipping-taxable","15":"purchasable","16":"product-type-simple"},"_links":{"self":[{"href":"https:\/\/cryptsec.se\/sv\/wp-json\/wp\/v2\/product\/30178","targetHints":{"allow":["GET"]}}],"collection":[{"href":"https:\/\/cryptsec.se\/sv\/wp-json\/wp\/v2\/product"}],"about":[{"href":"https:\/\/cryptsec.se\/sv\/wp-json\/wp\/v2\/types\/product"}],"wp:featuredmedia":[{"embeddable":true,"href":"https:\/\/cryptsec.se\/sv\/wp-json\/wp\/v2\/media\/26310"}],"wp:attachment":[{"href":"https:\/\/cryptsec.se\/sv\/wp-json\/wp\/v2\/media?parent=30178"}],"wp:term":[{"taxonomy":"product_brand","embeddable":true,"href":"https:\/\/cryptsec.se\/sv\/wp-json\/wp\/v2\/product_brand?post=30178"},{"taxonomy":"product_cat","embeddable":true,"href":"https:\/\/cryptsec.se\/sv\/wp-json\/wp\/v2\/product_cat?post=30178"},{"taxonomy":"product_tag","embeddable":true,"href":"https:\/\/cryptsec.se\/sv\/wp-json\/wp\/v2\/product_tag?post=30178"},{"taxonomy":"berocket_brand","embeddable":true,"href":"https:\/\/cryptsec.se\/sv\/wp-json\/wp\/v2\/berocket_brand?post=30178"}],"curies":[{"name":"wp","href":"https:\/\/api.w.org\/{rel}","templated":true}]}}