{"id":30179,"date":"2021-11-12T14:25:08","date_gmt":"2021-11-12T13:25:08","guid":{"rendered":"https:\/\/cryptsec.se\/product\/viper-4k-ir-vattentat-bullet-kamera\/"},"modified":"2021-11-12T14:25:08","modified_gmt":"2021-11-12T13:25:08","slug":"viper-4k-ir-vattentat-bullet-kamera","status":"publish","type":"product","link":"https:\/\/cryptsec.se\/sv\/product\/viper-4k-ir-vattentat-bullet-kamera\/","title":{"rendered":"Viper 4K IR Vattent\u00e4t Bullet-kamera"},"content":{"rendered":"<p>Lyft din \u00f6vervakning till n\u00e4sta niv\u00e5 med Viper Network IR Waterproof Bullet-kameror med 4K\/8MP. Dessa kameror \u00e4r utformade f\u00f6r o\u00f6vertr\u00e4ffad klarhet och motst\u00e5ndskraft och levererar ultrah\u00f6guppl\u00f6st 4K-uppl\u00f6sning, vilket s\u00e4kerst\u00e4ller att varje detalj f\u00e5ngas med precision. Utrustade med infrar\u00f6tt m\u00f6rkerseende ger de tydliga, detaljerade bilder \u00e4ven i totalt m\u00f6rker, vilket g\u00f6r dem perfekta f\u00f6r s\u00e4kerhet dygnet runt. Den vattent\u00e4ta designen s\u00e4kerst\u00e4ller h\u00e5llbarhet i alla v\u00e4derf\u00f6rh\u00e5llanden, vilket g\u00f6r dessa kameror idealiska f\u00f6r b\u00e5de inomhus- och utomhusbruk.   <\/p>\n<ul>\n<li><strong>4K Ultra-High Definition<\/strong>: F\u00e5ngar kristallklara, detaljerade bilder f\u00f6r omfattande \u00f6vervakning.<\/li>\n<li><strong>Infrar\u00f6d nattvision<\/strong>: S\u00e4kerst\u00e4ller synlighet p\u00e5 upp till 30 meter i fullst\u00e4ndigt m\u00f6rker f\u00f6r 24\/7-s\u00e4kerhet.<\/li>\n<li><strong>Vattent\u00e4t och h\u00e5llbar<\/strong>: IP67-klassad, utformad f\u00f6r att klara tuffa v\u00e4derf\u00f6rh\u00e5llanden f\u00f6r tillf\u00f6rlitlig anv\u00e4ndning utomhus.<\/li>\n<\/ul>\n<p>4K\/8MP Viper Network IR Waterproof Bullet-kameror \u00e4r perfekta f\u00f6r ett brett spektrum av applikationer, fr\u00e5n bostadss\u00e4kerhet till kommersiell \u00f6vervakning. Deras enkla installation och kompatibilitet med olika n\u00e4tverkssystem g\u00f6r dem till ett m\u00e5ngsidigt val f\u00f6r att f\u00f6rb\u00e4ttra din s\u00e4kerhetsinstallation. <\/p>\n","protected":false},"excerpt":{"rendered":"<div class=\"product attribute overview\">\n<div class=\"product attribute overview\">\n<div class=\"value\">\n<div class=\"product attribute overview\">\n<div class=\"value\">\n<div class=\"product attribute overview\">\n<div class=\"value\">\n<div class=\"product attribute overview\">\n<div class=\"value\">\n<ul>\n<li>2,8-12 mm motoriserad lins<\/li>\n<li>8MP uppl\u00f6sning<\/li>\n<li>Upp till 70 m IR-r\u00e4ckvidd<\/li>\n<\/ul>\n<\/div>\n<\/div>\n<\/div>\n<\/div>\n<\/div>\n<\/div>\n<\/div>\n<\/div>\n<\/div>\n<p>Kod: MBULLETVIP4K3-V-A<\/p>\n","protected":false},"featured_media":26312,"template":"","meta":[],"product_brand":[67],"product_cat":[851,829,854],"product_tag":[],"berocket_brand":[],"class_list":{"0":"post-30179","1":"product","2":"type-product","3":"status-publish","4":"has-post-thumbnail","6":"product_brand-qvis","7":"product_cat-ip-kameror","8":"product_cat-kameraovervakning","9":"product_cat-viper-ip-kameror","11":"first","12":"instock","13":"taxable","14":"shipping-taxable","15":"purchasable","16":"product-type-simple"},"_links":{"self":[{"href":"https:\/\/cryptsec.se\/sv\/wp-json\/wp\/v2\/product\/30179","targetHints":{"allow":["GET"]}}],"collection":[{"href":"https:\/\/cryptsec.se\/sv\/wp-json\/wp\/v2\/product"}],"about":[{"href":"https:\/\/cryptsec.se\/sv\/wp-json\/wp\/v2\/types\/product"}],"wp:featuredmedia":[{"embeddable":true,"href":"https:\/\/cryptsec.se\/sv\/wp-json\/wp\/v2\/media\/26312"}],"wp:attachment":[{"href":"https:\/\/cryptsec.se\/sv\/wp-json\/wp\/v2\/media?parent=30179"}],"wp:term":[{"taxonomy":"product_brand","embeddable":true,"href":"https:\/\/cryptsec.se\/sv\/wp-json\/wp\/v2\/product_brand?post=30179"},{"taxonomy":"product_cat","embeddable":true,"href":"https:\/\/cryptsec.se\/sv\/wp-json\/wp\/v2\/product_cat?post=30179"},{"taxonomy":"product_tag","embeddable":true,"href":"https:\/\/cryptsec.se\/sv\/wp-json\/wp\/v2\/product_tag?post=30179"},{"taxonomy":"berocket_brand","embeddable":true,"href":"https:\/\/cryptsec.se\/sv\/wp-json\/wp\/v2\/berocket_brand?post=30179"}],"curies":[{"name":"wp","href":"https:\/\/api.w.org\/{rel}","templated":true}]}}