{"id":30180,"date":"2021-11-12T14:34:01","date_gmt":"2021-11-12T13:34:01","guid":{"rendered":"https:\/\/cryptsec.se\/product\/viper-6mp-varifocal-turret-ip-kamera\/"},"modified":"2021-11-12T14:34:01","modified_gmt":"2021-11-12T13:34:01","slug":"viper-6mp-varifocal-turret-ip-kamera","status":"publish","type":"product","link":"https:\/\/cryptsec.se\/sv\/product\/viper-6mp-varifocal-turret-ip-kamera\/","title":{"rendered":"Viper 6MP Varifocal Turret IP-kamera"},"content":{"rendered":"<p>Vi presenterar 6MP Viper IP Varifocal Lens Turret Camera, en m\u00e5ngsidig och kraftfull \u00f6vervakningsl\u00f6sning som \u00e4r utformad f\u00f6r att anpassas till ett brett spektrum av s\u00e4kerhetsbehov. Kameran har en h\u00f6guppl\u00f6st 6MP-sensor i kombination med en varifokal lins, vilket m\u00f6jligg\u00f6r anpassningsbara justeringar av synf\u00e4ltet f\u00f6r att f\u00e5nga detaljerade bilder \u00f6ver b\u00e5de stora omr\u00e5den och specifika m\u00e5l. Kameran \u00e4r utrustad med infrar\u00f6tt m\u00f6rkerseende som ger exceptionell klarhet i svagt ljus och ger tillf\u00f6rlitlig s\u00e4kerhet dag och natt.  <\/p>\n<ul>\n<li><strong>6MP h\u00f6guppl\u00f6st bildbehandling<\/strong>: Ger skarp, detaljerad video f\u00f6r \u00f6verl\u00e4gsen \u00f6vervakningskapacitet.<\/li>\n<li><strong>Varifokal lins f\u00f6r flexibel visning<\/strong>: Justera enkelt zoom och fokus f\u00f6r att uppfylla specifika \u00f6vervakningskrav.<\/li>\n<li><strong>Infrar\u00f6d nattvision<\/strong>: Uppr\u00e4tth\u00e5ller tydlig synlighet i fullst\u00e4ndigt m\u00f6rker, vilket garanterar s\u00e4kerhet 24\/7.<\/li>\n<\/ul>\n<p>6MP Viper IP Varifocal Lens Turret Camera \u00e4r byggd f\u00f6r att motst\u00e5 yttre element och har en h\u00e5llbar design som \u00e4r l\u00e4mplig f\u00f6r b\u00e5de inomhus- och utomhusbruk. Dess avancerade funktioner, inklusive r\u00f6relsedetektering och fj\u00e4rr\u00e5tkomst, g\u00f6r den till ett perfekt val f\u00f6r att s\u00e4kra kommersiella fastigheter, bostadsomr\u00e5den och kritisk infrastruktur med precision och flexibilitet. <\/p>\n","protected":false},"excerpt":{"rendered":"<div class=\"product attribute overview\">\n<div class=\"product attribute overview\">\n<div class=\"value\">\n<div class=\"product attribute overview\">\n<div class=\"value\">\n<div class=\"product attribute overview\">\n<div class=\"value\">\n<div class=\"product attribute overview\">\n<div class=\"value\">\n<div class=\"product attribute overview\">\n<div class=\"value\">\n<ul>\n<li>6MP kvalitetsbild<\/li>\n<li>Max 3072 x 2048 Uppl\u00f6sning<\/li>\n<li>20-30 m IR-r\u00e4ckvidd<\/li>\n<li>Lins: 2,8-12 mm varifokal<\/li>\n<\/ul>\n<\/div>\n<\/div>\n<\/div>\n<\/div>\n<\/div>\n<\/div>\n<\/div>\n<\/div>\n<\/div>\n<\/div>\n<\/div>\n<p>Kod: TURVIP-6-VW<\/p>\n","protected":false},"featured_media":29710,"template":"","meta":[],"product_brand":[67],"product_cat":[851,829,854],"product_tag":[1190,949,951,1148,957,954,1145,961,1189,1187],"berocket_brand":[],"class_list":{"0":"post-30180","1":"product","2":"type-product","3":"status-publish","4":"has-post-thumbnail","6":"product_brand-qvis","7":"product_cat-ip-kameror","8":"product_cat-kameraovervakning","9":"product_cat-viper-ip-kameror","10":"product_tag-6mp-ip-kamera","11":"product_tag-cctv-sv","12":"product_tag-ip-kamera-sv","13":"product_tag-ip-kamera-sv-2","14":"product_tag-ip-kameror-sv","15":"product_tag-kameraovervakning-sv","16":"product_tag-overvakningskamera-sv-2","17":"product_tag-overvakningskamera-sv","18":"product_tag-vari-fokal-lins","19":"product_tag-viper-sv","21":"first","22":"instock","23":"taxable","24":"shipping-taxable","25":"purchasable","26":"product-type-variable"},"_links":{"self":[{"href":"https:\/\/cryptsec.se\/sv\/wp-json\/wp\/v2\/product\/30180","targetHints":{"allow":["GET"]}}],"collection":[{"href":"https:\/\/cryptsec.se\/sv\/wp-json\/wp\/v2\/product"}],"about":[{"href":"https:\/\/cryptsec.se\/sv\/wp-json\/wp\/v2\/types\/product"}],"wp:featuredmedia":[{"embeddable":true,"href":"https:\/\/cryptsec.se\/sv\/wp-json\/wp\/v2\/media\/29710"}],"wp:attachment":[{"href":"https:\/\/cryptsec.se\/sv\/wp-json\/wp\/v2\/media?parent=30180"}],"wp:term":[{"taxonomy":"product_brand","embeddable":true,"href":"https:\/\/cryptsec.se\/sv\/wp-json\/wp\/v2\/product_brand?post=30180"},{"taxonomy":"product_cat","embeddable":true,"href":"https:\/\/cryptsec.se\/sv\/wp-json\/wp\/v2\/product_cat?post=30180"},{"taxonomy":"product_tag","embeddable":true,"href":"https:\/\/cryptsec.se\/sv\/wp-json\/wp\/v2\/product_tag?post=30180"},{"taxonomy":"berocket_brand","embeddable":true,"href":"https:\/\/cryptsec.se\/sv\/wp-json\/wp\/v2\/berocket_brand?post=30180"}],"curies":[{"name":"wp","href":"https:\/\/api.w.org\/{rel}","templated":true}]}}