{"id":30183,"date":"2021-11-12T14:47:00","date_gmt":"2021-11-12T13:47:00","guid":{"rendered":"https:\/\/cryptsec.se\/product\/viper-6mp-ip-kamera-for-torn\/"},"modified":"2021-11-12T14:47:00","modified_gmt":"2021-11-12T13:47:00","slug":"viper-6mp-ip-kamera-for-torn","status":"publish","type":"product","link":"https:\/\/cryptsec.se\/sv\/product\/viper-6mp-ip-kamera-for-torn\/","title":{"rendered":"Viper 6MP IP-kamera f\u00f6r torn"},"content":{"rendered":"<p>F\u00f6rb\u00e4ttra ditt s\u00e4kerhetssystem med Viper IP 6MP Turret-kameror med fast objektiv, utformade f\u00f6r att leverera h\u00f6guppl\u00f6st \u00f6vervakning i ett kompakt och h\u00e5llbart format. Dessa kameror erbjuder skarp, detaljerad 6MP-bildbehandling, vilket s\u00e4kerst\u00e4ller omfattande t\u00e4ckning och klarhet. Den fasta linsen ger ett brett synf\u00e4lt och f\u00e5ngar stora omr\u00e5den med precision. Dessa turretkameror \u00e4r utrustade med avancerat infrar\u00f6tt m\u00f6rkerseende och ger tillf\u00f6rlitlig prestanda i svagt ljus, vilket g\u00f6r dem idealiska f\u00f6r s\u00e4kerhet dygnet runt.   <\/p>\n<ul>\n<li><strong>6MP h\u00f6guppl\u00f6st bildbehandling<\/strong>: F\u00e5ngar tydliga, detaljerade bilder f\u00f6r effektiv \u00f6vervakning och identifiering.<\/li>\n<li><strong>Brett synf\u00e4lt<\/strong>: Den fasta linsen ger bred t\u00e4ckning, perfekt f\u00f6r att s\u00e4kra stora omr\u00e5den.<\/li>\n<li><strong>Infrar\u00f6d nattvision<\/strong>: Ger tydlig synlighet i fullst\u00e4ndigt m\u00f6rker, vilket garanterar kontinuerlig s\u00e4kerhet.<\/li>\n<\/ul>\n<p>6MP Viper IP-kamerorna med fast objektiv \u00e4r utformade f\u00f6r m\u00e5ngsidighet och l\u00e4mpar sig f\u00f6r b\u00e5de inomhus- och utomhusinstallationer tack vare sin v\u00e4derbest\u00e4ndiga konstruktion. Oavsett om du \u00f6vervakar ett kommersiellt utrymme, ett bostadsomr\u00e5de eller en offentlig milj\u00f6, levererar dessa kameror tillf\u00f6rlitlig \u00f6vervakning utan kompromisser. <\/p>\n","protected":false},"excerpt":{"rendered":"<div class=\"product attribute overview\">\n<div class=\"product attribute overview\">\n<div class=\"value\">\n<div class=\"product attribute overview\">\n<div class=\"value\">\n<div class=\"product attribute overview\">\n<div class=\"value\">\n<div class=\"product attribute overview\">\n<div class=\"value\">\n<div class=\"product attribute overview\">\n<div class=\"value\">\n<div class=\"product attribute overview\">\n<div class=\"value\">\n<ul>\n<li>1 kanal inbyggd MIC<\/li>\n<li>6MP kvalitetsbild<\/li>\n<li>20-30 m IR-r\u00e4ckvidd<\/li>\n<li>2,8 mm fast lins<\/li>\n<\/ul>\n<\/div>\n<\/div>\n<\/div>\n<\/div>\n<\/div>\n<\/div>\n<\/div>\n<\/div>\n<\/div>\n<\/div>\n<\/div>\n<\/div>\n<\/div>\n<p>Kod: TURVIP-6-F<\/p>\n","protected":false},"featured_media":29698,"template":"","meta":[],"product_brand":[67],"product_cat":[851,829,854],"product_tag":[1190,1148,951,954,1146,961],"berocket_brand":[],"class_list":{"0":"post-30183","1":"product","2":"type-product","3":"status-publish","4":"has-post-thumbnail","6":"product_brand-qvis","7":"product_cat-ip-kameror","8":"product_cat-kameraovervakning","9":"product_cat-viper-ip-kameror","10":"product_tag-6mp-ip-kamera","11":"product_tag-ip-kamera-sv-2","12":"product_tag-ip-kamera-sv","13":"product_tag-kameraovervakning-sv","14":"product_tag-natverkskamera-sv-2","15":"product_tag-overvakningskamera-sv","17":"first","18":"instock","19":"sale","20":"featured","21":"taxable","22":"shipping-taxable","23":"purchasable","24":"product-type-variable","25":"has-default-attributes"},"_links":{"self":[{"href":"https:\/\/cryptsec.se\/sv\/wp-json\/wp\/v2\/product\/30183","targetHints":{"allow":["GET"]}}],"collection":[{"href":"https:\/\/cryptsec.se\/sv\/wp-json\/wp\/v2\/product"}],"about":[{"href":"https:\/\/cryptsec.se\/sv\/wp-json\/wp\/v2\/types\/product"}],"wp:featuredmedia":[{"embeddable":true,"href":"https:\/\/cryptsec.se\/sv\/wp-json\/wp\/v2\/media\/29698"}],"wp:attachment":[{"href":"https:\/\/cryptsec.se\/sv\/wp-json\/wp\/v2\/media?parent=30183"}],"wp:term":[{"taxonomy":"product_brand","embeddable":true,"href":"https:\/\/cryptsec.se\/sv\/wp-json\/wp\/v2\/product_brand?post=30183"},{"taxonomy":"product_cat","embeddable":true,"href":"https:\/\/cryptsec.se\/sv\/wp-json\/wp\/v2\/product_cat?post=30183"},{"taxonomy":"product_tag","embeddable":true,"href":"https:\/\/cryptsec.se\/sv\/wp-json\/wp\/v2\/product_tag?post=30183"},{"taxonomy":"berocket_brand","embeddable":true,"href":"https:\/\/cryptsec.se\/sv\/wp-json\/wp\/v2\/berocket_brand?post=30183"}],"curies":[{"name":"wp","href":"https:\/\/api.w.org\/{rel}","templated":true}]}}