{"id":30186,"date":"2021-11-12T15:39:14","date_gmt":"2021-11-12T14:39:14","guid":{"rendered":"https:\/\/cryptsec.se\/product\/viper-4k-motoriserad-28-12-mm-anti-vandal-ip-kamera\/"},"modified":"2021-11-12T15:39:14","modified_gmt":"2021-11-12T14:39:14","slug":"viper-4k-motoriserad-28-12-mm-anti-vandal-ip-kamera","status":"publish","type":"product","link":"https:\/\/cryptsec.se\/sv\/product\/viper-4k-motoriserad-28-12-mm-anti-vandal-ip-kamera\/","title":{"rendered":"Viper 4K Motoriserad 2,8-12 mm Anti-Vandal IP-kamera"},"content":{"rendered":"<p>Vi introducerar 4K\/8MP Viper IP Anti-Vandal CCTV Varifocal Motorised Lens Camera, en robust \u00f6vervakningsl\u00f6sning som \u00e4r konstruerad f\u00f6r att ge o\u00f6vertr\u00e4ffad bildkvalitet och flexibilitet. Kameran kombinerar 4K ultrah\u00f6guppl\u00f6st uppl\u00f6sning med en motoriserad varifokal lins, vilket m\u00f6jligg\u00f6r fj\u00e4rrjustering av zoom och fokus f\u00f6r att f\u00e5nga detaljerade bilder \u00f6ver stora omr\u00e5den. Det h\u00e5llbara h\u00f6ljet \u00e4r utformat f\u00f6r att motst\u00e5 vandalism och s\u00e4kerst\u00e4ller fortsatt drift i h\u00f6griskmilj\u00f6er.  <\/p>\n<ul>\n<li><strong>4K Ultra-High Definition<\/strong>: F\u00e5ngar skarpa, detaljerade bilder med 8 MP-uppl\u00f6sning f\u00f6r \u00f6verl\u00e4gsen \u00f6vervakning.<\/li>\n<li><strong>Motoriserad varifokal lins<\/strong>: M\u00f6jligg\u00f6r exakta fj\u00e4rrjusteringar f\u00f6r zoom och fokus, vilket anpassar sig till olika \u00f6vervakningsbehov.<\/li>\n<li><strong>Anti-vandal design<\/strong>: Konstruerad f\u00f6r att motst\u00e5 f\u00f6rs\u00f6k till manipulering eller skada, vilket garanterar tillf\u00f6rlitlighet och l\u00e5ng livsl\u00e4ngd.<\/li>\n<\/ul>\n<p>4K\/8MP Viper IP-kameran \u00e4r perfekt f\u00f6r platser som kr\u00e4ver h\u00f6gs\u00e4kerhets\u00f6vervakning och dess avancerade funktioner som m\u00f6rkerseende, r\u00f6relsedetektering och v\u00e4derbest\u00e4ndiga funktioner g\u00f6r den till ett idealiskt val f\u00f6r \u00f6vervakning av kommersiella fastigheter, offentliga omr\u00e5den och kritisk infrastruktur.<\/p>\n","protected":false},"excerpt":{"rendered":"<div class=\"product attribute overview\">\n<div class=\"product attribute overview\">\n<div class=\"value\">\n<div class=\"product attribute overview\">\n<div class=\"value\">\n<div class=\"product attribute overview\">\n<div class=\"value\">\n<div class=\"product attribute overview\">\n<div class=\"value\">\n<div class=\"product attribute overview\">\n<div class=\"value\">\n<div class=\"product attribute overview\">\n<div class=\"value\">\n<div class=\"product attribute overview\">\n<div class=\"value\">\n<ul>\n<li>4K (3840 x 2160)<\/li>\n<li>2.8-12mm@F1.4<\/li>\n<li>St\u00f6djer tre str\u00f6mmar<\/li>\n<li>DC12V\/PoE str\u00f6mf\u00f6rs\u00f6rjning<\/li>\n<li>Viper ip-kamera<\/li>\n<li>Kod: MVANVIP4KE3-V<\/li>\n<\/ul>\n<\/div>\n<\/div>\n<\/div>\n<\/div>\n<\/div>\n<\/div>\n<\/div>\n<\/div>\n<\/div>\n<\/div>\n<\/div>\n<\/div>\n<\/div>\n<\/div>\n<\/div>\n","protected":false},"featured_media":29714,"template":"","meta":[],"product_brand":[67],"product_cat":[851,829,854],"product_tag":[949,951,1148,1147,954,1146,953,961],"berocket_brand":[],"class_list":{"0":"post-30186","1":"product","2":"type-product","3":"status-publish","4":"has-post-thumbnail","6":"product_brand-qvis","7":"product_cat-ip-kameror","8":"product_cat-kameraovervakning","9":"product_cat-viper-ip-kameror","10":"product_tag-cctv-sv","11":"product_tag-ip-kamera-sv","12":"product_tag-ip-kamera-sv-2","13":"product_tag-ip-system-sv","14":"product_tag-kameraovervakning-sv","15":"product_tag-natverkskamera-sv-2","16":"product_tag-natverkskamera-sv","17":"product_tag-overvakningskamera-sv","19":"first","20":"instock","21":"taxable","22":"shipping-taxable","23":"purchasable","24":"product-type-simple"},"_links":{"self":[{"href":"https:\/\/cryptsec.se\/sv\/wp-json\/wp\/v2\/product\/30186","targetHints":{"allow":["GET"]}}],"collection":[{"href":"https:\/\/cryptsec.se\/sv\/wp-json\/wp\/v2\/product"}],"about":[{"href":"https:\/\/cryptsec.se\/sv\/wp-json\/wp\/v2\/types\/product"}],"wp:featuredmedia":[{"embeddable":true,"href":"https:\/\/cryptsec.se\/sv\/wp-json\/wp\/v2\/media\/29714"}],"wp:attachment":[{"href":"https:\/\/cryptsec.se\/sv\/wp-json\/wp\/v2\/media?parent=30186"}],"wp:term":[{"taxonomy":"product_brand","embeddable":true,"href":"https:\/\/cryptsec.se\/sv\/wp-json\/wp\/v2\/product_brand?post=30186"},{"taxonomy":"product_cat","embeddable":true,"href":"https:\/\/cryptsec.se\/sv\/wp-json\/wp\/v2\/product_cat?post=30186"},{"taxonomy":"product_tag","embeddable":true,"href":"https:\/\/cryptsec.se\/sv\/wp-json\/wp\/v2\/product_tag?post=30186"},{"taxonomy":"berocket_brand","embeddable":true,"href":"https:\/\/cryptsec.se\/sv\/wp-json\/wp\/v2\/berocket_brand?post=30186"}],"curies":[{"name":"wp","href":"https:\/\/api.w.org\/{rel}","templated":true}]}}