{"id":30187,"date":"2021-10-26T13:00:21","date_gmt":"2021-10-26T11:00:21","guid":{"rendered":"https:\/\/cryptsec.se\/product\/5mp-ir-kamera-med-fast-objektiv-wizsense-dome-network-camera\/"},"modified":"2021-10-26T13:00:21","modified_gmt":"2021-10-26T11:00:21","slug":"5mp-ir-kamera-med-fast-objektiv-wizsense-dome-network-camera","status":"publish","type":"product","link":"https:\/\/cryptsec.se\/sv\/product\/5mp-ir-kamera-med-fast-objektiv-wizsense-dome-network-camera\/","title":{"rendered":"5MP IR-kamera med fast objektiv WizSense Dome Network Camera"},"content":{"rendered":"<p>Dahua WizSense 3 Series Network Camera sparar bandbredd och lagringsutrymme tack vare sin AI-kodningsteknik. Kameran drivs av avancerade algoritmer f\u00f6r djupinl\u00e4rning och st\u00f6der intelligenta funktioner som perimeterskydd, smart r\u00f6relsedetektering (SMD), Quick Pick och AI SSA (AI Scene Self-Adaptation), vilket g\u00f6r den enkel och bekv\u00e4m att anv\u00e4nda. Starlight-tekniken och objektivet med stor bl\u00e4ndar\u00f6ppning g\u00f6r att kameran kan producera klara och levande bilder \u00e4ven i d\u00e5liga ljusf\u00f6rh\u00e5llanden.  <\/p>\n<p>&nbsp;<\/p>\n","protected":false},"excerpt":{"rendered":"<ul>\n<li>5-MP 1\/2,7&#8243; CMOS-bildsensor, utm\u00e4rkt prestanda vid l\u00e5g luminans och h\u00f6g uppl\u00f6sning p\u00e5 bilderna.<\/li>\n<li>Utg\u00e5ngar max. 5 MP (2960 \u00d7 1668) @20 bilder\/sekund och st\u00f6d f\u00f6r 4 MP (2688 \u00d7 1520) @25\/30 bilder\/sekund. <\/li>\n<li>H.265-codec m\u00f6jligg\u00f6r h\u00f6gt kompressionsf\u00f6rh\u00e5llande och ultral\u00e5g bithastighet.<\/li>\n<li>Inbyggd IR LED, max. IR-avst\u00e5nd: 50 m. <\/li>\n<li>12 VDC\/PoE-str\u00f6mf\u00f6rs\u00f6rjning, enkel att installera.<\/li>\n<li>IP67, IK10-skydd.<\/li>\n<li>SMD 4.0, AI SSA.<\/li>\n<li>Modell: <strong>DH-IPC-HDBW3541EP-AS-0280B-S2<\/strong><\/li>\n<\/ul>\n<p>&nbsp;<\/p>\n","protected":false},"featured_media":29672,"template":"","meta":[],"product_brand":[68],"product_cat":[852,858,851,829],"product_tag":[],"berocket_brand":[],"class_list":{"0":"post-30187","1":"product","2":"type-product","3":"status-publish","4":"has-post-thumbnail","6":"product_brand-dahuatechnology","7":"product_cat-dahua-ip-kameror","8":"product_cat-inspelningsenheter","9":"product_cat-ip-kameror","10":"product_cat-kameraovervakning","12":"first","13":"instock","14":"taxable","15":"shipping-taxable","16":"purchasable","17":"product-type-simple"},"_links":{"self":[{"href":"https:\/\/cryptsec.se\/sv\/wp-json\/wp\/v2\/product\/30187","targetHints":{"allow":["GET"]}}],"collection":[{"href":"https:\/\/cryptsec.se\/sv\/wp-json\/wp\/v2\/product"}],"about":[{"href":"https:\/\/cryptsec.se\/sv\/wp-json\/wp\/v2\/types\/product"}],"wp:featuredmedia":[{"embeddable":true,"href":"https:\/\/cryptsec.se\/sv\/wp-json\/wp\/v2\/media\/29672"}],"wp:attachment":[{"href":"https:\/\/cryptsec.se\/sv\/wp-json\/wp\/v2\/media?parent=30187"}],"wp:term":[{"taxonomy":"product_brand","embeddable":true,"href":"https:\/\/cryptsec.se\/sv\/wp-json\/wp\/v2\/product_brand?post=30187"},{"taxonomy":"product_cat","embeddable":true,"href":"https:\/\/cryptsec.se\/sv\/wp-json\/wp\/v2\/product_cat?post=30187"},{"taxonomy":"product_tag","embeddable":true,"href":"https:\/\/cryptsec.se\/sv\/wp-json\/wp\/v2\/product_tag?post=30187"},{"taxonomy":"berocket_brand","embeddable":true,"href":"https:\/\/cryptsec.se\/sv\/wp-json\/wp\/v2\/berocket_brand?post=30187"}],"curies":[{"name":"wp","href":"https:\/\/api.w.org\/{rel}","templated":true}]}}