{"id":30189,"date":"2021-10-26T13:16:43","date_gmt":"2021-10-26T11:16:43","guid":{"rendered":"https:\/\/cryptsec.se\/product\/dahua-5mp-varifokal-ogonglobskamera\/"},"modified":"2021-10-26T13:16:43","modified_gmt":"2021-10-26T11:16:43","slug":"dahua-5mp-varifokal-ogonglobskamera","status":"publish","type":"product","link":"https:\/\/cryptsec.se\/sv\/product\/dahua-5mp-varifokal-ogonglobskamera\/","title":{"rendered":"Dahua 5MP varifokal \u00f6gonglobskamera"},"content":{"rendered":"<p><span style=\"color: #000000;\">Funktionsprincip<\/span><\/p>\n<p><span id=\"page688R_mcid62\" class=\"markedContent\"><\/span><span id=\"page688R_mcid67\" class=\"markedContent\"><span dir=\"ltr\" role=\"presentation\"><span id=\"page847R_mcid83\" class=\"markedContent\"><span id=\"page650R_mcid13\" class=\"markedContent\"><span id=\"page632R_mcid73\" class=\"markedContent\"><span id=\"page887R_mcid4\" class=\"markedContent\"><\/span><span id=\"page887R_mcid10\" class=\"markedContent\"><span id=\"page844R_mcid30\" class=\"markedContent\"><\/span><span id=\"page844R_mcid32\" class=\"markedContent\"><span id=\"page826R_mcid34\" class=\"markedContent\"><\/span><span id=\"page826R_mcid38\" class=\"markedContent\"><span id=\"page582R_mcid14\" class=\"markedContent\"><\/span><span id=\"page582R_mcid18\" class=\"markedContent\"><span id=\"page865R_mcid36\" class=\"markedContent\"> <\/span><span id=\"page865R_mcid40\" class=\"markedContent\"><span id=\"page856R_mcid39\" class=\"markedContent\">Denna kamera anv\u00e4nder den senaste starlight-tekniken  <\/span><span id=\"page856R_mcid40\" class=\"markedContent\">och visar b\u00e4ttre f\u00e4rgbilder vid svag belysning. Den  <\/span><span id=\"page856R_mcid41\" class=\"markedContent\">st\u00f6d f\u00f6r SD-kortlagring, dammt\u00e4t funktion, vattent\u00e4t funktion och <\/span><span id=\"page856R_mcid42\" class=\"markedContent\">vandals\u00e4ker funktion som uppfyller IP67-standarderna (st\u00f6ds av vissa <\/span><span id=\"page856R_mcid43\" class=\"markedContent\">av vissa utvalda modeller).<\/span><\/span><\/span><\/span><\/span><\/span><\/span><\/span><\/span><\/span><\/span><\/p>\n<p><span style=\"color: #000000;\">Funktioner<\/span><span style=\"color: #000000;\">Smart H.265+ och Smart H.264+<\/span><\/p>\n<p><span id=\"page844R_mcid35\" class=\"markedContent\"><\/span><span id=\"page844R_mcid48\" class=\"markedContent\"><span dir=\"ltr\" role=\"presentation\"><span id=\"page826R_mcid42\" class=\"markedContent\"><span id=\"page582R_mcid21\" class=\"markedContent\"><span id=\"page865R_mcid43\" class=\"markedContent\">Med avancerad algoritm f\u00f6r scenanpassad hastighetskontroll kan Dahuas smarta <\/span><span id=\"page865R_mcid44\" class=\"markedContent\">kodningsteknik h\u00f6gre kodningseffektivitet \u00e4n H.265 och H.264 <\/span><span id=\"page865R_mcid45\" class=\"markedContent\">och H.264, ger h\u00f6gkvalitativ video och minskar kostnaderna f\u00f6r lagring <\/span><span id=\"page865R_mcid46\" class=\"markedContent\">och \u00f6verf\u00f6ring.<\/span><\/span><\/span><\/span><\/span><\/p>\n<p><span id=\"page844R_mcid48\" class=\"markedContent\"><span dir=\"ltr\" role=\"presentation\"><span id=\"page826R_mcid42\" class=\"markedContent\"><span id=\"page582R_mcid21\" class=\"markedContent\"><span id=\"page865R_mcid47\" class=\"markedContent\"><span style=\"color: #000000;\">WDR-teknik<\/span><br role=\"presentation\"><\/span><span id=\"page865R_mcid48\" class=\"markedContent\"><br role=\"presentation\">Med avancerad WDR-teknik (Wide Dynamic Range) ger Dahuas n\u00e4tverkskamera <\/span><span id=\"page865R_mcid49\" class=\"markedContent\">ger Dahua n\u00e4tverkskamera tydliga detaljer i milj\u00f6n med stark ljusstyrka <\/span> <span id=\"page865R_mcid50\" class=\"markedContent\">kontrast. Det ljusa och m\u00f6rka omr\u00e5det kan f\u00e5 tydlig video \u00e4ven i h\u00f6ga   <\/span><span id=\"page865R_mcid51\" class=\"markedContent\">ljusstark milj\u00f6 eller med skugga fr\u00e5n bakgrundsbelysningen.<\/span><\/span><\/span><\/span><\/span><\/p>\n<p><span id=\"page844R_mcid48\" class=\"markedContent\"><span dir=\"ltr\" role=\"presentation\"><span id=\"page826R_mcid42\" class=\"markedContent\"><span id=\"page582R_mcid21\" class=\"markedContent\"><span id=\"page865R_mcid52\" class=\"markedContent\"><span style=\"color: #000000;\">Stj\u00e4rnljus<\/span><br role=\"presentation\"><\/span><span id=\"page865R_mcid53\" class=\"markedContent\"><br role=\"presentation\">Med avancerad bildbehandlingsteknik och optisk teknik, <\/span><span id=\"page865R_mcid54\" class=\"markedContent\">Dahua Starlight-teknik kan ge tydlig f\u00e4rgstark video i <\/span> <span id=\"page865R_mcid55\" class=\"markedContent\">i milj\u00f6er med l\u00e5g belysningsstyrka. Det g\u00e4ller i stor utstr\u00e4ckning f\u00f6r olika   <\/span><span id=\"page865R_mcid56\" class=\"markedContent\"><br role=\"presentation\">milj\u00f6er med l\u00e5g belysningsstyrka.<\/span><\/span><\/span><\/span><\/span><\/p>\n<p>&nbsp;<\/p>\n<p><span style=\"color: #000000;\">Installation <\/span> L\u00e4s bruksanvisningen.  &nbsp;<\/p>\n","protected":false},"excerpt":{"rendered":"<div id=\"description\" class=\"data item content\" role=\"tabpanel\" data-role=\"content\" aria-labelledby=\"tab-label-description\" aria-hidden=\"false\">\n<div class=\"product attribute description\">\n<div class=\"value\"><span id=\"page582R_mcid14\" class=\"markedContent\"><\/span><span id=\"page582R_mcid15\" class=\"markedContent\"><span dir=\"ltr\" role=\"presentation\"><span id=\"page856R_mcid37\" class=\"markedContent\">Med uppgraderad H.265-kodningsteknik har Dahua Lite-seriens n\u00e4tverkskameror <\/span><span id=\"page856R_mcid38\" class=\"markedContent\">har effektiv videokodningskapacitet, vilket sparar bandbredd och lagringsutrymme. <\/span><span id=\"page856R_mcid39\" class=\"markedContent\">och lagringsutrymme.<\/span><\/span><\/span><span id=\"page582R_mcid18\" class=\"markedContent\"><\/span><\/div>\n<\/div>\n<\/div>\n<ul>\n<li>5MP kvalitetsbild<\/li>\n<li>2,7-13,5 mm Motoriserad lins<\/li>\n<li>IP67-klassad<\/li>\n<li>Upp till 40 m IR-r\u00e4ckvidd<\/li>\n<\/ul>\n<p>  Kod: <span style=\"color: #000000;\">DH-IPC-HDW2531TP-ZS-27135-S2<\/span><\/p>\n","protected":false},"featured_media":26192,"template":"","meta":[],"product_brand":[68],"product_cat":[852,858,851,829],"product_tag":[],"berocket_brand":[],"class_list":{"0":"post-30189","1":"product","2":"type-product","3":"status-publish","4":"has-post-thumbnail","6":"product_brand-dahuatechnology","7":"product_cat-dahua-ip-kameror","8":"product_cat-inspelningsenheter","9":"product_cat-ip-kameror","10":"product_cat-kameraovervakning","12":"first","13":"instock","14":"taxable","15":"shipping-taxable","16":"purchasable","17":"product-type-simple"},"_links":{"self":[{"href":"https:\/\/cryptsec.se\/sv\/wp-json\/wp\/v2\/product\/30189","targetHints":{"allow":["GET"]}}],"collection":[{"href":"https:\/\/cryptsec.se\/sv\/wp-json\/wp\/v2\/product"}],"about":[{"href":"https:\/\/cryptsec.se\/sv\/wp-json\/wp\/v2\/types\/product"}],"wp:featuredmedia":[{"embeddable":true,"href":"https:\/\/cryptsec.se\/sv\/wp-json\/wp\/v2\/media\/26192"}],"wp:attachment":[{"href":"https:\/\/cryptsec.se\/sv\/wp-json\/wp\/v2\/media?parent=30189"}],"wp:term":[{"taxonomy":"product_brand","embeddable":true,"href":"https:\/\/cryptsec.se\/sv\/wp-json\/wp\/v2\/product_brand?post=30189"},{"taxonomy":"product_cat","embeddable":true,"href":"https:\/\/cryptsec.se\/sv\/wp-json\/wp\/v2\/product_cat?post=30189"},{"taxonomy":"product_tag","embeddable":true,"href":"https:\/\/cryptsec.se\/sv\/wp-json\/wp\/v2\/product_tag?post=30189"},{"taxonomy":"berocket_brand","embeddable":true,"href":"https:\/\/cryptsec.se\/sv\/wp-json\/wp\/v2\/berocket_brand?post=30189"}],"curies":[{"name":"wp","href":"https:\/\/api.w.org\/{rel}","templated":true}]}}