{"id":30191,"date":"2021-10-26T13:34:36","date_gmt":"2021-10-26T11:34:36","guid":{"rendered":"https:\/\/cryptsec.se\/product\/dahua-2mp-starlight-ptz-kamera\/"},"modified":"2021-10-26T13:34:36","modified_gmt":"2021-10-26T11:34:36","slug":"dahua-2mp-starlight-ptz-kamera","status":"publish","type":"product","link":"https:\/\/cryptsec.se\/sv\/product\/dahua-2mp-starlight-ptz-kamera\/","title":{"rendered":"Dahua 2MP Starlight PTZ-kamera"},"content":{"rendered":"<p><span style=\"color: #000000;\">Funktionsprincip<\/span><\/p>\n<p><span id=\"page688R_mcid62\" class=\"markedContent\"><\/span><span id=\"page688R_mcid67\" class=\"markedContent\"><span dir=\"ltr\" role=\"presentation\"><span id=\"page847R_mcid83\" class=\"markedContent\"><span id=\"page650R_mcid13\" class=\"markedContent\"><span id=\"page632R_mcid73\" class=\"markedContent\"><span id=\"page887R_mcid4\" class=\"markedContent\"><\/span><span id=\"page887R_mcid10\" class=\"markedContent\"><span id=\"page844R_mcid30\" class=\"markedContent\"><\/span><span id=\"page844R_mcid32\" class=\"markedContent\"><span id=\"page826R_mcid34\" class=\"markedContent\"><\/span><span id=\"page826R_mcid38\" class=\"markedContent\"><span id=\"page582R_mcid14\" class=\"markedContent\"><\/span><span id=\"page582R_mcid18\" class=\"markedContent\"><span id=\"page865R_mcid36\" class=\"markedContent\"><\/span><span id=\"page865R_mcid40\" class=\"markedContent\"><span id=\"page856R_mcid43\" class=\"markedContent\">Kameran levererar 1080P-uppl\u00f6sning med 25\/30 bilder per sekund. Kameran \u00e4r utrustad med smidig kontroll, h\u00f6gkvalitativ bild och bra skydd, vilket uppfyller kraven p\u00e5 kompakt storlek f\u00f6r video\u00f6vervakningsapplikationer. <\/span><\/span><\/span><\/span><\/span><\/span><\/span><\/span><\/span><\/span><\/span><\/p>\n<p><span style=\"color: #000000;\">Funktioner<\/span><span style=\"color: #000000;\">Smart H.265+ och Smart H.264+<\/span><\/p>\n<p><span id=\"page844R_mcid35\" class=\"markedContent\"><\/span><span id=\"page844R_mcid48\" class=\"markedContent\"><span dir=\"ltr\" role=\"presentation\"><span id=\"page826R_mcid42\" class=\"markedContent\"><span id=\"page582R_mcid21\" class=\"markedContent\"><span id=\"page865R_mcid43\" class=\"markedContent\">Med avancerad scenadaptiv hastighetskontrollalgoritm, Dahua smart <\/span><span id=\"page865R_mcid44\" class=\"markedContent\">kodningsteknik f\u00f6rverkligar den h\u00f6gre kodningseffektiviteten \u00e4n H.265 <\/span><span id=\"page865R_mcid45\" class=\"markedContent\"><br role=\"presentation\">och H.264, ger h\u00f6gkvalitativ video och minskar kostnaden f\u00f6r lagring och <\/span><span id=\"page865R_mcid46\" class=\"markedContent\">och \u00f6verf\u00f6ring.<\/span><\/span><\/span><\/span><\/span><\/p>\n<p><span id=\"page844R_mcid48\" class=\"markedContent\"><span dir=\"ltr\" role=\"presentation\"><span id=\"page826R_mcid42\" class=\"markedContent\"><span id=\"page582R_mcid21\" class=\"markedContent\"><span id=\"page865R_mcid47\" class=\"markedContent\"><span style=\"color: #000000;\">WDR-teknik<\/span><br role=\"presentation\"><\/span><span id=\"page865R_mcid48\" class=\"markedContent\"><br role=\"presentation\">Med avancerad WDR-teknik (Wide Dynamic Range) ger n\u00e4tverkskameran <\/span><span id=\"page865R_mcid49\" class=\"markedContent\">ger n\u00e4tverkskameran tydliga detaljer i milj\u00f6er med stark ljusstyrka <\/span> <span id=\"page865R_mcid50\" class=\"markedContent\">kontrast. Det ljusa och m\u00f6rka omr\u00e5det kan f\u00e5 tydlig video \u00e4ven i h\u00f6ga   <\/span><span id=\"page865R_mcid51\" class=\"markedContent\">ljusstark milj\u00f6 eller med skugga fr\u00e5n bakgrundsbelysningen.<\/span><\/span><\/span><\/span><\/span><\/p>\n<p><span id=\"page844R_mcid48\" class=\"markedContent\"><span dir=\"ltr\" role=\"presentation\"><span id=\"page826R_mcid42\" class=\"markedContent\"><span id=\"page582R_mcid21\" class=\"markedContent\"><span id=\"page865R_mcid52\" class=\"markedContent\"><span style=\"color: #000000;\">Stj\u00e4rnljus<\/span><br role=\"presentation\"><\/span><span id=\"page865R_mcid53\" class=\"markedContent\"><br role=\"presentation\">Med avancerad bildbehandlingsteknik och optisk teknik, <\/span><span id=\"page865R_mcid54\" class=\"markedContent\">Dahua Starlight-teknik kan ge tydlig f\u00e4rgstark video i <\/span> <span id=\"page865R_mcid55\" class=\"markedContent\">i milj\u00f6er med l\u00e5g belysningsstyrka. Det g\u00e4ller i stor utstr\u00e4ckning f\u00f6r olika   <\/span><span id=\"page865R_mcid56\" class=\"markedContent\"><br role=\"presentation\">milj\u00f6er med l\u00e5g belysningsstyrka.<\/span><\/span><\/span><\/span><\/span><\/p>\n<p>&nbsp;<\/p>\n<p><span style=\"color: #000000;\">Installation <\/span> L\u00e4s bruksanvisningen.  &nbsp;<\/p>\n","protected":false},"excerpt":{"rendered":"<div id=\"description\" class=\"data item content\" role=\"tabpanel\" data-role=\"content\" aria-labelledby=\"tab-label-description\" aria-hidden=\"false\">\n<div class=\"product attribute description\">\n<div class=\"value\"><span id=\"page582R_mcid14\" class=\"markedContent\"><\/span><span id=\"page582R_mcid15\" class=\"markedContent\"><span dir=\"ltr\" role=\"presentation\"><span id=\"page856R_mcid37\" class=\"markedContent\"><\/span><span id=\"page856R_mcid39\" class=\"markedContent\">Dahua introducerar 2MP 12x optisk zoom Starlight PTZ-kamera (vit). Kameran har kraftfull optisk zoom och exakt panorering\/tiltning\/zoomning, vilket ger ett brett \u00f6vervakningsomr\u00e5de och stor detaljrikedom. <\/span><\/span><\/span><span id=\"page582R_mcid18\" class=\"markedContent\"><\/span><\/div>\n<\/div>\n<\/div>\n<ul>\n<li>2MP kvalitetsbild<\/li>\n<li>5,3 &#8211; 64 mm objektiv<\/li>\n<li>12x optisk zoom<\/li>\n<li>IP66, IK10-klassad<\/li>\n<li>Stj\u00e4rnljus, WDR, PoE<\/li>\n<\/ul>\n<p>  Kod: <span style=\"color: #000000;\">DH-SD42212T-HN-S2<\/span><\/p>\n","protected":false},"featured_media":26203,"template":"","meta":[],"product_brand":[68],"product_cat":[],"product_tag":[],"berocket_brand":[],"class_list":{"0":"post-30191","1":"product","2":"type-product","3":"status-publish","4":"has-post-thumbnail","6":"product_brand-dahuatechnology","8":"first","9":"instock","10":"taxable","11":"shipping-taxable","12":"purchasable","13":"product-type-simple"},"_links":{"self":[{"href":"https:\/\/cryptsec.se\/sv\/wp-json\/wp\/v2\/product\/30191","targetHints":{"allow":["GET"]}}],"collection":[{"href":"https:\/\/cryptsec.se\/sv\/wp-json\/wp\/v2\/product"}],"about":[{"href":"https:\/\/cryptsec.se\/sv\/wp-json\/wp\/v2\/types\/product"}],"wp:featuredmedia":[{"embeddable":true,"href":"https:\/\/cryptsec.se\/sv\/wp-json\/wp\/v2\/media\/26203"}],"wp:attachment":[{"href":"https:\/\/cryptsec.se\/sv\/wp-json\/wp\/v2\/media?parent=30191"}],"wp:term":[{"taxonomy":"product_brand","embeddable":true,"href":"https:\/\/cryptsec.se\/sv\/wp-json\/wp\/v2\/product_brand?post=30191"},{"taxonomy":"product_cat","embeddable":true,"href":"https:\/\/cryptsec.se\/sv\/wp-json\/wp\/v2\/product_cat?post=30191"},{"taxonomy":"product_tag","embeddable":true,"href":"https:\/\/cryptsec.se\/sv\/wp-json\/wp\/v2\/product_tag?post=30191"},{"taxonomy":"berocket_brand","embeddable":true,"href":"https:\/\/cryptsec.se\/sv\/wp-json\/wp\/v2\/berocket_brand?post=30191"}],"curies":[{"name":"wp","href":"https:\/\/api.w.org\/{rel}","templated":true}]}}