{"id":30192,"date":"2021-10-26T13:40:29","date_gmt":"2021-10-26T11:40:29","guid":{"rendered":"https:\/\/cryptsec.se\/product\/dahua-2mp-wizsense-ptz-kamera\/"},"modified":"2021-10-26T13:40:29","modified_gmt":"2021-10-26T11:40:29","slug":"dahua-2mp-wizsense-ptz-kamera","status":"publish","type":"product","link":"https:\/\/cryptsec.se\/sv\/product\/dahua-2mp-wizsense-ptz-kamera\/","title":{"rendered":"Dahua 2MP WizSense PTZ-kamera"},"content":{"rendered":"<p><span style=\"color: #000000;\">Funktionsprincip<\/span><\/p>\n<p><span id=\"page688R_mcid62\" class=\"markedContent\"><\/span><span id=\"page688R_mcid67\" class=\"markedContent\"><span dir=\"ltr\" role=\"presentation\"><span id=\"page847R_mcid83\" class=\"markedContent\"><span id=\"page650R_mcid13\" class=\"markedContent\"><span id=\"page632R_mcid73\" class=\"markedContent\"><span id=\"page887R_mcid4\" class=\"markedContent\"><\/span><span id=\"page887R_mcid10\" class=\"markedContent\"><span id=\"page844R_mcid30\" class=\"markedContent\"><\/span><span id=\"page844R_mcid32\" class=\"markedContent\"><span id=\"page826R_mcid34\" class=\"markedContent\"><\/span><span id=\"page826R_mcid38\" class=\"markedContent\"><span id=\"page582R_mcid14\" class=\"markedContent\"><\/span><span id=\"page582R_mcid18\" class=\"markedContent\"><span id=\"page865R_mcid36\" class=\"markedContent\"><\/span><span id=\"page865R_mcid40\" class=\"markedContent\"><span id=\"page856R_mcid43\" class=\"markedContent\"><span id=\"page812R_mcid14\" class=\"markedContent\">Kameran har en mycket ex<\/span><span id=\"page812R_mcid15\" class=\"markedContent\">&#8211;<\/span><span id=\"page812R_mcid16\" class=\"markedContent\">mycket bra prestanda i svagt ljus tack vare den senaste starlight-tekniken<\/span><span id=\"page812R_mcid17\" class=\"markedContent\">&#8211;<\/span><span id=\"page812R_mcid18\" class=\"markedContent\">nologi. Kameran \u00e4r utrustad med smidig styrning, h\u00f6gkvalitativ bild   <\/span><span id=\"page812R_mcid19\" class=\"markedContent\">och bra skydd, vilket g\u00f6r att den kan uppfylla de flesta kraven <\/span><span id=\"page812R_mcid20\" class=\"markedContent\">av video\u00f6vervakningsapplikationer.<\/span><\/span><\/span><\/span><\/span><\/span><\/span><\/span><\/span><\/span><\/span><\/span><\/p>\n<p><span style=\"color: #000000;\">Funktioner<\/span><span style=\"color: #000000;\">Starlight-teknik<\/span><\/p>\n<p><span id=\"page844R_mcid35\" class=\"markedContent\"><\/span><span id=\"page844R_mcid48\" class=\"markedContent\"><span dir=\"ltr\" role=\"presentation\"><span id=\"page826R_mcid42\" class=\"markedContent\"><span id=\"page582R_mcid21\" class=\"markedContent\"><span id=\"page865R_mcid47\" class=\"markedContent\">F\u00f6r utmanande till\u00e4mpningar i svagt ljus erbjuder Dahuas Starlight Ultra-low Light Technology klassens b\u00e4sta ljusk\u00e4nslighet och f\u00e5ngar f\u00e4rgdetaljer i svagt ljus ner till 0,005 lux. Kameran anv\u00e4nder en upps\u00e4ttning optiska funktioner f\u00f6r att balansera ljuset i hela scenen, vilket resulterar i tydliga bilder i m\u00f6rka milj\u00f6er. <\/span><span id=\"page865R_mcid48\" class=\"markedContent\"><br role=\"presentation\"><\/span><span id=\"page865R_mcid56\" class=\"markedContent\"><\/span><\/span><\/span><\/span><\/span><\/p>\n<p><span style=\"color: #000000;\">WDR-teknik<\/span><span dir=\"ltr\" role=\"presentation\">Kameran ger levande bilder \u00e4ven i ljusf\u00f6rh\u00e5llanden med mycket h\u00f6g kontrast <\/span><span dir=\"ltr\" role=\"presentation\">ljusf\u00f6rh\u00e5llanden, med hj\u00e4lp av branschledande WDR-teknik (Wide Dynamic Range) <\/span> <span dir=\"ltr\" role=\"presentation\">teknik. F\u00f6r applikationer med b\u00e5de starka och svaga ljusf\u00f6rh\u00e5llanden   <\/span><span dir=\"ltr\" role=\"presentation\">som f\u00f6r\u00e4ndras snabbt optimerar True WDR (120 dB) b\u00e5de de ljusa och de m\u00f6rka <\/span><span dir=\"ltr\" role=\"presentation\">m\u00f6rka omr\u00e5den i en scen samtidigt f\u00f6r att ge anv\u00e4ndbar video.<\/span><span style=\"color: #000000;\">Smart H.265+<\/span><span dir=\"ltr\" role=\"presentation\">Smart H.265+ \u00e4r den optimerade implementeringen av H.265-codec som <\/span><span dir=\"ltr\" role=\"presentation\">anv\u00e4nder en scenadaptiv kodningsstrategi, dynamisk GOP, dynamisk ROI, <\/span><span dir=\"ltr\" role=\"presentation\">flexibel referensstruktur med flera bildrutor och intelligent brusreducering <\/span> <span dir=\"ltr\" role=\"presentation\">f\u00f6r att leverera h\u00f6gkvalitativ video utan att belasta n\u00e4tverket. Smart   <\/span><span dir=\"ltr\" role=\"presentation\">H.265+-tekniken minskar bithastigheten och lagringsbehovet med upp till <\/span><span dir=\"ltr\" role=\"presentation\">70 % j\u00e4mf\u00f6rt med standard H.265-videokomprimering<\/span>.&nbsp;<span style=\"color: #000000;\">Installation <\/span> L\u00e4s bruksanvisningen.  &nbsp;<\/p>\n","protected":false},"excerpt":{"rendered":"<div id=\"description\" class=\"data item content\" role=\"tabpanel\" data-role=\"content\" aria-labelledby=\"tab-label-description\" aria-hidden=\"false\">\n<div class=\"product attribute description\">\n<div class=\"value\"><span id=\"page582R_mcid14\" class=\"markedContent\"><\/span><span id=\"page582R_mcid15\" class=\"markedContent\"><span dir=\"ltr\" role=\"presentation\"><span id=\"page856R_mcid37\" class=\"markedContent\"><\/span><span id=\"page856R_mcid39\" class=\"markedContent\">Dahua introducerar 2MP 25x optisk zoom Starlight IR WizSense Network PTZ-kamera (vit). Dahua PTZ WizSence-n\u00e4tverkskamera anv\u00e4nder avancerade CNN-algoritmer f\u00f6r djupinl\u00e4rning f\u00f6r att st\u00f6dja perimeterskydd med h\u00f6g noggrannhet. <\/span><\/span><\/span><span id=\"page582R_mcid18\" class=\"markedContent\"><\/span><\/div>\n<\/div>\n<\/div>\n<ul>\n<li>2MP kvalitetsbild<\/li>\n<li>4,8 &#8211; 120 mm objektiv<\/li>\n<li>25x optisk zoom<\/li>\n<li>IP66-klassad<\/li>\n<li>Upp till 100 m IR-r\u00e4ckvidd<\/li>\n<li>Filter f\u00f6r falsklarm, WDR, PoE+<\/li>\n<\/ul>\n<p>  Kod:<span style=\"color: #000000;\"> DH-SD49225XA-HNR<\/span><\/p>\n","protected":false},"featured_media":26207,"template":"","meta":[],"product_brand":[68],"product_cat":[],"product_tag":[],"berocket_brand":[],"class_list":{"0":"post-30192","1":"product","2":"type-product","3":"status-publish","4":"has-post-thumbnail","6":"product_brand-dahuatechnology","8":"first","9":"instock","10":"taxable","11":"shipping-taxable","12":"purchasable","13":"product-type-simple"},"_links":{"self":[{"href":"https:\/\/cryptsec.se\/sv\/wp-json\/wp\/v2\/product\/30192","targetHints":{"allow":["GET"]}}],"collection":[{"href":"https:\/\/cryptsec.se\/sv\/wp-json\/wp\/v2\/product"}],"about":[{"href":"https:\/\/cryptsec.se\/sv\/wp-json\/wp\/v2\/types\/product"}],"wp:featuredmedia":[{"embeddable":true,"href":"https:\/\/cryptsec.se\/sv\/wp-json\/wp\/v2\/media\/26207"}],"wp:attachment":[{"href":"https:\/\/cryptsec.se\/sv\/wp-json\/wp\/v2\/media?parent=30192"}],"wp:term":[{"taxonomy":"product_brand","embeddable":true,"href":"https:\/\/cryptsec.se\/sv\/wp-json\/wp\/v2\/product_brand?post=30192"},{"taxonomy":"product_cat","embeddable":true,"href":"https:\/\/cryptsec.se\/sv\/wp-json\/wp\/v2\/product_cat?post=30192"},{"taxonomy":"product_tag","embeddable":true,"href":"https:\/\/cryptsec.se\/sv\/wp-json\/wp\/v2\/product_tag?post=30192"},{"taxonomy":"berocket_brand","embeddable":true,"href":"https:\/\/cryptsec.se\/sv\/wp-json\/wp\/v2\/berocket_brand?post=30192"}],"curies":[{"name":"wp","href":"https:\/\/api.w.org\/{rel}","templated":true}]}}