{"id":30193,"date":"2021-10-26T13:50:07","date_gmt":"2021-10-26T11:50:07","guid":{"rendered":"https:\/\/cryptsec.se\/product\/dahua-4mp-wizsense-ptz-kamera\/"},"modified":"2021-10-26T13:50:07","modified_gmt":"2021-10-26T11:50:07","slug":"dahua-4mp-wizsense-ptz-kamera","status":"publish","type":"product","link":"https:\/\/cryptsec.se\/sv\/product\/dahua-4mp-wizsense-ptz-kamera\/","title":{"rendered":"Dahua 4MP WizSense PTZ-kamera"},"content":{"rendered":"<p><span style=\"color: #000000;\">Funktionsprincip<\/span><\/p>\n<p><span id=\"page688R_mcid62\" class=\"markedContent\"><\/span><span id=\"page688R_mcid67\" class=\"markedContent\"><span dir=\"ltr\" role=\"presentation\"><span id=\"page847R_mcid83\" class=\"markedContent\"><span id=\"page650R_mcid13\" class=\"markedContent\"><span id=\"page632R_mcid73\" class=\"markedContent\"><span id=\"page887R_mcid4\" class=\"markedContent\"><\/span><span id=\"page887R_mcid10\" class=\"markedContent\"><span id=\"page844R_mcid30\" class=\"markedContent\"><\/span><span id=\"page844R_mcid32\" class=\"markedContent\"><span id=\"page826R_mcid34\" class=\"markedContent\"><\/span><span id=\"page826R_mcid38\" class=\"markedContent\"><span id=\"page582R_mcid14\" class=\"markedContent\"><\/span><span id=\"page582R_mcid18\" class=\"markedContent\"><span id=\"page865R_mcid36\" class=\"markedContent\"><\/span><span id=\"page865R_mcid40\" class=\"markedContent\"><span id=\"page856R_mcid43\" class=\"markedContent\"><span id=\"page812R_mcid14\" class=\"markedContent\"><\/span><span id=\"page812R_mcid20\" class=\"markedContent\"><span id=\"page827R_mcid10\" class=\"markedContent\">Dahua PTZ WizSense n\u00e4tverkskamera anv\u00e4nder avancerad CNN djupinl\u00e4rning<\/span><span id=\"page827R_mcid11\" class=\"markedContent\">&#8211;<\/span><span id=\"page827R_mcid12\" class=\"markedContent\">algoritmer f\u00f6r att st\u00f6dja Smart Capture och perimeterskydd med <\/span> <span id=\"page827R_mcid13\" class=\"markedContent\">h\u00f6g noggrannhet. Tillsammans med infrar\u00f6d belysning och Starlight-teknik <\/span><span id=\"page827R_mcid14\" class=\"markedContent\">&#8211;<\/span><span id=\"page827R_mcid15\" class=\"markedContent\">Kameran \u00e4r den perfekta l\u00f6sningen f\u00f6r applikationer i m\u00f6rker och svagt ljus. <\/span><span id=\"page827R_mcid16\" class=\"markedContent\">Serien kombinerar ett mekaniskt dag\/natt-IR-cutfilter f\u00f6r h\u00f6gsta m\u00f6jliga <\/span><span id=\"page827R_mcid17\" class=\"markedContent\">bildkvalitet i varierande ljusf\u00f6rh\u00e5llanden under dagen, och True <\/span><span id=\"page827R_mcid18\" class=\"markedContent\">WDR f\u00f6r till\u00e4mpningar med direkt solljus eller bl\u00e4ndande ljus.<\/span><\/span><\/span><\/span><\/span><\/span><\/span><\/span><\/span><\/span><\/span><\/span><\/span><\/p>\n<p><span style=\"color: #000000;\">Funktioner<\/span><\/p>\n<p><span style=\"color: #000000;\">Perimeterskydd  <\/span><\/p>\n<p><span id=\"page844R_mcid35\" class=\"markedContent\"><\/span><span dir=\"ltr\" role=\"presentation\"><span id=\"page826R_mcid42\" class=\"markedContent\"><span id=\"page582R_mcid21\" class=\"markedContent\"><span id=\"page865R_mcid47\" class=\"markedContent\"><\/span><\/span><\/span><span id=\"page827R_mcid21\" class=\"markedContent\">Automatisk bortfiltrering av falsklarm orsakade av djur, prassel  <\/span><span id=\"page827R_mcid22\" class=\"markedContent\">l\u00f6v, starka lampor etc. G\u00f6r det m\u00f6jligt f\u00f6r systemet att agera sekund\u00e4r igenk\u00e4nning   <\/span><span id=\"page827R_mcid23\" class=\"markedContent\">f\u00f6r m\u00e5len. F\u00f6rb\u00e4ttrad larmnoggrannhet. <\/span><\/span><\/p>\n<p><span dir=\"ltr\" role=\"presentation\"><span id=\"page827R_mcid24\" class=\"markedContent\"><span style=\"color: #000000;\">Starlight+ teknik<\/span> <\/span><\/span><\/p>\n<p><span dir=\"ltr\" role=\"presentation\"><span id=\"page827R_mcid25\" class=\"markedContent\">F\u00f6r utmanande till\u00e4mpningar i svagt ljus erbjuder Dahuas Starlight Ultra-low Light<\/span><span id=\"page827R_mcid26\" class=\"markedContent\">teknik erbjuder klassens b\u00e4sta ljusk\u00e4nslighet och f\u00e5ngar f\u00e4rgdetaljer<\/span><span id=\"page827R_mcid27\" class=\"markedContent\">i svagt ljus ner till 0,001 lux. Kameran anv\u00e4nder en upps\u00e4ttning optiska funktioner   <\/span><span id=\"page827R_mcid28\" class=\"markedContent\">balansera ljuset i hela scenen, vilket resulterar i tydliga bilder i m\u00f6rka<\/span><span id=\"page827R_mcid29\" class=\"markedContent\">milj\u00f6er.<\/span><\/span><\/p>\n<p><span dir=\"ltr\" style=\"color: #000000;\" role=\"presentation\"><span id=\"page827R_mcid30\" class=\"markedContent\"><span id=\"page827R_mcid31\" class=\"markedContent\">PFA-teknik<\/span><\/span><\/span><\/p>\n<p><span dir=\"ltr\" role=\"presentation\"><span id=\"page827R_mcid31\" class=\"markedContent\">PFA-tekniken har p\u00e5 ett innovativt s\u00e4tt inf\u00f6rt nya bed\u00f6mningsmetoder<\/span><span id=\"page827R_mcid32\" class=\"markedContent\">f\u00f6r att s\u00e4kerst\u00e4lla noggrannheten och f\u00f6ruts\u00e4gbarheten i \u00e4mnets riktning<\/span><span id=\"page827R_mcid33\" class=\"markedContent\">avst\u00e5ndsjustering. Resultatet \u00e4r en upps\u00e4ttning avancerade fokuseringsalgoritmer <\/span><span id=\"page827R_mcid34\" class=\"markedContent\">&#8211;<\/span><span id=\"page827R_mcid35\" class=\"markedContent\">PFA s\u00e4kerst\u00e4ller bildens tydlighet under hela processen f\u00f6r att <\/span> <span id=\"page827R_mcid36\" class=\"markedContent\">zoomning och f\u00f6rkortar fokuseringstiden. F\u00f6rverkligandet av PFA-tekniken   <\/span><span id=\"page827R_mcid37\" class=\"markedContent\">f\u00f6rb\u00e4ttrar avsev\u00e4rt anv\u00e4ndarupplevelsen och \u00f6kar produktv\u00e4rdet<\/span>.<\/span><\/p>\n<p>&nbsp;<\/p>\n<p><span style=\"color: #000000;\">Installation<\/span><\/p>\n<p>L\u00e4s bruksanvisningen.<\/p>\n<p>&nbsp;<\/p>\n","protected":false},"excerpt":{"rendered":"<div id=\"description\" class=\"data item content\" role=\"tabpanel\" data-role=\"content\" aria-labelledby=\"tab-label-description\" aria-hidden=\"false\">\n<div class=\"product attribute description\">\n<div class=\"value\"><span id=\"page582R_mcid14\" class=\"markedContent\"><\/span><span id=\"page582R_mcid15\" class=\"markedContent\"><span dir=\"ltr\" role=\"presentation\"><span id=\"page856R_mcid37\" class=\"markedContent\"><\/span><span id=\"page856R_mcid39\" class=\"markedContent\">Dahua PTZ WizSense-n\u00e4tverkskamera anv\u00e4nder avancerade CNN-djupinl\u00e4rningsalgoritmer f\u00f6r att st\u00f6dja Smart Capture och perimeterskydd med h\u00f6g noggrannhet.  <\/span><\/span><\/span><span id=\"page582R_mcid18\" class=\"markedContent\"><\/span><\/div>\n<\/div>\n<\/div>\n<ul>\n<li>4MP kvalitetsbild<\/li>\n<li>5,4 &#8211; 135 mm objektiv<\/li>\n<li>25x optisk zoom<\/li>\n<li>IP67-klassad<\/li>\n<li>Upp till 150 m IR-r\u00e4ckvidd<\/li>\n<li>Perimeterskydd baserat p\u00e5 djupinl\u00e4rning, WDR, PoE+, SMD Plus, Starlight+<\/li>\n<\/ul>\n<p>Kod: <span style=\"color: #000000;\">DH-SD5A425XA-HNR<\/span><\/p>\n","protected":false},"featured_media":26212,"template":"","meta":[],"product_brand":[68],"product_cat":[852,858,851,829],"product_tag":[],"berocket_brand":[],"class_list":{"0":"post-30193","1":"product","2":"type-product","3":"status-publish","4":"has-post-thumbnail","6":"product_brand-dahuatechnology","7":"product_cat-dahua-ip-kameror","8":"product_cat-inspelningsenheter","9":"product_cat-ip-kameror","10":"product_cat-kameraovervakning","12":"first","13":"instock","14":"taxable","15":"shipping-taxable","16":"purchasable","17":"product-type-simple"},"_links":{"self":[{"href":"https:\/\/cryptsec.se\/sv\/wp-json\/wp\/v2\/product\/30193","targetHints":{"allow":["GET"]}}],"collection":[{"href":"https:\/\/cryptsec.se\/sv\/wp-json\/wp\/v2\/product"}],"about":[{"href":"https:\/\/cryptsec.se\/sv\/wp-json\/wp\/v2\/types\/product"}],"wp:featuredmedia":[{"embeddable":true,"href":"https:\/\/cryptsec.se\/sv\/wp-json\/wp\/v2\/media\/26212"}],"wp:attachment":[{"href":"https:\/\/cryptsec.se\/sv\/wp-json\/wp\/v2\/media?parent=30193"}],"wp:term":[{"taxonomy":"product_brand","embeddable":true,"href":"https:\/\/cryptsec.se\/sv\/wp-json\/wp\/v2\/product_brand?post=30193"},{"taxonomy":"product_cat","embeddable":true,"href":"https:\/\/cryptsec.se\/sv\/wp-json\/wp\/v2\/product_cat?post=30193"},{"taxonomy":"product_tag","embeddable":true,"href":"https:\/\/cryptsec.se\/sv\/wp-json\/wp\/v2\/product_tag?post=30193"},{"taxonomy":"berocket_brand","embeddable":true,"href":"https:\/\/cryptsec.se\/sv\/wp-json\/wp\/v2\/berocket_brand?post=30193"}],"curies":[{"name":"wp","href":"https:\/\/api.w.org\/{rel}","templated":true}]}}