{"id":30194,"date":"2021-10-25T23:30:52","date_gmt":"2021-10-25T21:30:52","guid":{"rendered":"https:\/\/cryptsec.se\/product\/dahua-16ch-4k-lite-nvr\/"},"modified":"2021-10-25T23:30:52","modified_gmt":"2021-10-25T21:30:52","slug":"dahua-16ch-4k-lite-nvr","status":"publish","type":"product","link":"https:\/\/cryptsec.se\/sv\/product\/dahua-16ch-4k-lite-nvr\/","title":{"rendered":"Dahua 16Ch 4K Lite NVR"},"content":{"rendered":"<h3>H\u00f6j din s\u00e4kerhet med Dahua 16-kanals NVR i Lite-serien<\/h3>\n<p><strong>\u00d6verl\u00e4gsen \u00f6vervakning med 4K-uppl\u00f6sning<\/strong><br \/>\nVi presenterar Dahua 16 Channel 1U 16PoE 4K&amp;H.265 Lite Series NVR, en banbrytande l\u00f6sning som \u00e4r utformad f\u00f6r att f\u00f6rb\u00e4ttra ditt s\u00e4kerhetssystem med o\u00f6vertr\u00e4ffad klarhet och detaljrikedom. Den h\u00e4r NVR:n st\u00f6der upp till 16 kanaler, vilket g\u00f6r den perfekt f\u00f6r medelstora fastigheter som vill ha h\u00f6guppl\u00f6st \u00f6vervakning. Med 4K-uppl\u00f6sning f\u00e5ngar du varje \u00f6gonblick med levande detaljer och ser till att inget g\u00e5r obem\u00e4rkt f\u00f6rbi.   <\/p>\n<p><strong>Effektiv lagring med H.265-komprimering <\/strong><br \/>\nMaximera dina lagringsm\u00f6jligheter utan att kompromissa med videokvaliteten tack vare den avancerade H.265-komprimeringstekniken. Den h\u00e4r funktionen minskar filstorleken avsev\u00e4rt, vilket g\u00f6r att du kan lagra mer material p\u00e5 NVR:ns h\u00e5rddisk. Med st\u00f6d f\u00f6r upp till 1 h\u00e5rddisk \u00e4r Dahua Lite Series NVR en effektiv l\u00f6sning f\u00f6r att hantera dina \u00f6vervakningsinspelningar och du kan k\u00e4nna dig trygg med att dina data lagras p\u00e5 ett s\u00e4kert s\u00e4tt. <strong>F\u00f6renklad installation med 16PoE-portar<\/strong><br \/>\nEnkel installation \u00e4r en viktig del av Dahua 16 Channel Lite Series NVR:s design. Med 16PoE-portar effektiviserar denna NVR installationsprocessen, vilket m\u00f6jligg\u00f6r direkt str\u00f6m- och dataanslutning till PoE-kameror. Detta f\u00f6renklar inte bara installationen utan minskar ocks\u00e5 behovet av ytterligare str\u00f6mf\u00f6rs\u00f6rjning, vilket g\u00f6r det till ett kostnadseffektivt och anv\u00e4ndarv\u00e4nligt val f\u00f6r dina \u00f6vervakningsbehov.  <\/p>\n","protected":false},"excerpt":{"rendered":"<p class=\"tw-data-text tw-text-large XcVN5d tw-ta\" dir=\"ltr\" data-placeholder=\"\u00d6vers\u00e4ttning\"><span class=\"base\" data-ui-id=\"page-title-wrapper\"><span id=\"page688R_mcid62\" class=\"markedContent\"><span dir=\"ltr\" role=\"presentation\"><span id=\"page650R_mcid9\" class=\"markedContent\">Dahua 16Ch 4K Lite NVR &#8211; NVR4000-4KS2 introduceras som den f\u00f6rsta NVR:n i Lite-serien som st\u00f6der 4K- och H.265-kodningsteknik med utm\u00e4rkt prestanda till ett \u00f6verkomligt pris.<\/span><\/span><\/span><\/span><\/p>\n<ul>\n<li>Smart H.265+\/H.265\/Smart H.264+\/H.264<\/li>\n<li>Max 200 Mbps bandbredd f\u00f6r inkommande trafik<\/li>\n<li>Upp till 8 MP uppl\u00f6sning f\u00f6r f\u00f6rhandsgranskning och uppspelning<\/li>\n<li>Upp till 2ch@4K\/8ch@1080P avkodning<\/li>\n<li>HDMI\/VGA samtidig videoutg\u00e5ng<\/li>\n<li>St\u00f6d f\u00f6r IPC UPnP, 16PoE-portar<\/li>\n<\/ul>\n<p>Kod: <span style=\"color: #000000;\">DHI-NVR4216-16P-4KS2<\/span><\/p>\n","protected":false},"featured_media":26176,"template":"","meta":[],"product_brand":[68],"product_cat":[866,829,855],"product_tag":[],"berocket_brand":[],"class_list":{"0":"post-30194","1":"product","2":"type-product","3":"status-publish","4":"has-post-thumbnail","6":"product_brand-dahuatechnology","7":"product_cat-dahua-ip-nvr","8":"product_cat-kameraovervakning","9":"product_cat-ip-video-inspelare","11":"first","12":"instock","13":"taxable","14":"shipping-taxable","15":"purchasable","16":"product-type-simple"},"_links":{"self":[{"href":"https:\/\/cryptsec.se\/sv\/wp-json\/wp\/v2\/product\/30194","targetHints":{"allow":["GET"]}}],"collection":[{"href":"https:\/\/cryptsec.se\/sv\/wp-json\/wp\/v2\/product"}],"about":[{"href":"https:\/\/cryptsec.se\/sv\/wp-json\/wp\/v2\/types\/product"}],"wp:featuredmedia":[{"embeddable":true,"href":"https:\/\/cryptsec.se\/sv\/wp-json\/wp\/v2\/media\/26176"}],"wp:attachment":[{"href":"https:\/\/cryptsec.se\/sv\/wp-json\/wp\/v2\/media?parent=30194"}],"wp:term":[{"taxonomy":"product_brand","embeddable":true,"href":"https:\/\/cryptsec.se\/sv\/wp-json\/wp\/v2\/product_brand?post=30194"},{"taxonomy":"product_cat","embeddable":true,"href":"https:\/\/cryptsec.se\/sv\/wp-json\/wp\/v2\/product_cat?post=30194"},{"taxonomy":"product_tag","embeddable":true,"href":"https:\/\/cryptsec.se\/sv\/wp-json\/wp\/v2\/product_tag?post=30194"},{"taxonomy":"berocket_brand","embeddable":true,"href":"https:\/\/cryptsec.se\/sv\/wp-json\/wp\/v2\/berocket_brand?post=30194"}],"curies":[{"name":"wp","href":"https:\/\/api.w.org\/{rel}","templated":true}]}}