{"id":30195,"date":"2021-10-25T13:05:18","date_gmt":"2021-10-25T11:05:18","guid":{"rendered":"https:\/\/cryptsec.se\/product\/dahua-4ch-4k-lite-nvr\/"},"modified":"2021-10-25T13:05:18","modified_gmt":"2021-10-25T11:05:18","slug":"dahua-4ch-4k-lite-nvr","status":"publish","type":"product","link":"https:\/\/cryptsec.se\/sv\/product\/dahua-4ch-4k-lite-nvr\/","title":{"rendered":"Dahua 4ch 4K Lite NVR"},"content":{"rendered":"<h3>S\u00e4kra din v\u00e4rld i Ultra HD med Dahua 4Ch 4K Lite NVR<\/h3>\n<p><strong>Ultra High-Definition f\u00f6r o\u00f6vertr\u00e4ffad klarhet<\/strong><br \/>\nVi presenterar Dahua 4Ch 4K Lite NVR 1U 4PoE 4K&amp;H.265 Lite Series NVR, din gateway till \u00f6vervakning i fantastisk 4K-uppl\u00f6sning. Detta kraftpaket f\u00e5ngar varje detalj med o\u00f6vertr\u00e4ffad klarhet och erbjuder fyra g\u00e5nger h\u00f6gre uppl\u00f6sning \u00e4n standard HD. Den h\u00e4r NVR:n \u00e4r perfekt f\u00f6r dem som v\u00e4grar att kompromissa med kvaliteten p\u00e5 sina \u00f6vervakningsfilmer och s\u00e4kerst\u00e4ller att varje pixel ber\u00e4ttar en historia. <strong>Enkel installation med avancerad komprimering<\/strong><br \/>\nDenna kompakta NVR \u00e4r utrustad med 4PoE-portar och f\u00f6renklar installationsprocessen, s\u00e5 att du enkelt kan str\u00f6mf\u00f6rs\u00f6rja och ansluta dina IP-kameror. Den avancerade H.265-komprimeringstekniken minskar filstorleken utan att offra videokvaliteten, vilket s\u00e4kerst\u00e4ller effektiv lagring och smidigare uppspelning. Det \u00e4r den smarta l\u00f6sningen f\u00f6r att maximera dina \u00f6vervakningsm\u00f6jligheter och samtidigt minimera bandbredds- och lagringskraven. <strong>Kompakt design, kraftfull prestanda<\/strong><br \/>\nL\u00e5t dig inte luras av dess storlek. Dahua 4 Channel Compact 1U NVR \u00e4r utformad f\u00f6r att passa in i sm\u00e5 utrymmen utan att kompromissa med funktionaliteten. Med st\u00f6d f\u00f6r en h\u00e5rddisk erbjuder den gott om lagringsutrymme f\u00f6r dina h\u00f6guppl\u00f6sta bilder. Oavsett om du \u00f6vervakar ett litet f\u00f6retag eller h\u00e5ller ett \u00f6ga p\u00e5 ditt hem, levererar den h\u00e4r NVR:n \u00f6vervakning av professionell kvalitet i ett paket som passar ditt utrymme och ditt liv.   <\/p>\n","protected":false},"excerpt":{"rendered":"<p class=\"tw-data-text tw-text-large XcVN5d tw-ta\" dir=\"ltr\" data-placeholder=\"\u00d6vers\u00e4ttning\"><span class=\"base\" data-ui-id=\"page-title-wrapper\"><span id=\"page688R_mcid60\" class=\"markedContent\"><\/span><span id=\"page688R_mcid62\" class=\"markedContent\"><span dir=\"ltr\" role=\"presentation\"><span id=\"page650R_mcid7\" class=\"markedContent\"><\/span><span id=\"page650R_mcid9\" class=\"markedContent\"><span id=\"page847R_mcid76\" class=\"markedContent\"><\/span><span id=\"page847R_mcid78\" class=\"markedContent\"><span id=\"page632R_mcid64\" class=\"markedContent\"><\/span><span id=\"page632R_mcid66\" class=\"markedContent\">Dahua NVR4000-4KS2 introduceras som den f\u00f6rsta NVR:n i Lite Series-serien som st\u00f6der 4K- och H.265-kodningsteknik med utm\u00e4rkt prestanda till ett \u00f6verkomligt pris.<\/span><\/span><\/span><\/span><\/span><\/span><\/p>\n<ul>\n<li>Smart H.265+\/H.265\/Smart H.264+\/H.264<\/li>\n<li>Max 80 Mbps bandbredd f\u00f6r inkommande trafik<\/li>\n<li>Upp till 8 MP uppl\u00f6sning f\u00f6r f\u00f6rhandsgranskning och uppspelning<\/li>\n<li>Up to 2ch@4K\/8ch@1080P decoding<\/li>\n<li>HDMI\/VGA samtidig videoutg\u00e5ng<\/li>\n<li>St\u00f6d f\u00f6r IPC UPnP, 4PoE-portar<\/li>\n<\/ul>\n<p>Kod: <span style=\"color: #000000;\">DHI-NVR4104HS-P-4KS2<\/span><\/p>\n","protected":false},"featured_media":26162,"template":"","meta":[],"product_brand":[68],"product_cat":[866,829,855],"product_tag":[],"berocket_brand":[],"class_list":{"0":"post-30195","1":"product","2":"type-product","3":"status-publish","4":"has-post-thumbnail","6":"product_brand-dahuatechnology","7":"product_cat-dahua-ip-nvr","8":"product_cat-kameraovervakning","9":"product_cat-ip-video-inspelare","11":"first","12":"instock","13":"taxable","14":"shipping-taxable","15":"purchasable","16":"product-type-simple"},"_links":{"self":[{"href":"https:\/\/cryptsec.se\/sv\/wp-json\/wp\/v2\/product\/30195","targetHints":{"allow":["GET"]}}],"collection":[{"href":"https:\/\/cryptsec.se\/sv\/wp-json\/wp\/v2\/product"}],"about":[{"href":"https:\/\/cryptsec.se\/sv\/wp-json\/wp\/v2\/types\/product"}],"wp:featuredmedia":[{"embeddable":true,"href":"https:\/\/cryptsec.se\/sv\/wp-json\/wp\/v2\/media\/26162"}],"wp:attachment":[{"href":"https:\/\/cryptsec.se\/sv\/wp-json\/wp\/v2\/media?parent=30195"}],"wp:term":[{"taxonomy":"product_brand","embeddable":true,"href":"https:\/\/cryptsec.se\/sv\/wp-json\/wp\/v2\/product_brand?post=30195"},{"taxonomy":"product_cat","embeddable":true,"href":"https:\/\/cryptsec.se\/sv\/wp-json\/wp\/v2\/product_cat?post=30195"},{"taxonomy":"product_tag","embeddable":true,"href":"https:\/\/cryptsec.se\/sv\/wp-json\/wp\/v2\/product_tag?post=30195"},{"taxonomy":"berocket_brand","embeddable":true,"href":"https:\/\/cryptsec.se\/sv\/wp-json\/wp\/v2\/berocket_brand?post=30195"}],"curies":[{"name":"wp","href":"https:\/\/api.w.org\/{rel}","templated":true}]}}