{"id":30199,"date":"2021-10-25T23:23:43","date_gmt":"2021-10-25T21:23:43","guid":{"rendered":"https:\/\/cryptsec.se\/product\/dahua-32ch-4k-pro-series-nvr\/"},"modified":"2021-10-25T23:23:43","modified_gmt":"2021-10-25T21:23:43","slug":"dahua-32ch-4k-pro-series-nvr","status":"publish","type":"product","link":"https:\/\/cryptsec.se\/sv\/product\/dahua-32ch-4k-pro-series-nvr\/","title":{"rendered":"Dahua 32Ch 4K Pro Series NVR"},"content":{"rendered":"<h3>Dahua 32Ch 4K Pro Series NVR<\/h3>\n<p><strong>O\u00f6vertr\u00e4ffad inspelningskapacitet i 4K<\/strong><br \/>\n\u00d6ka din s\u00e4kerhet med Dahua 32Ch 4K Pro Series NVR, utformad f\u00f6r dem som kr\u00e4ver excellens och effektivitet i sitt \u00f6vervakningssystem. Denna kraftfulla NVR st\u00f6der upp till 32 kanaler och erbjuder expansiv t\u00e4ckning med den extra f\u00f6rdelen med 4K ultrah\u00f6guppl\u00f6st inspelning. F\u00e5nga varje detalj med precision och se till att inget kritiskt \u00f6gonblick g\u00e5r obem\u00e4rkt f\u00f6rbi i din kommersiella lokal, utbildningsinstitution eller stora bostadsfastighet. <strong>Avancerad komprimering f\u00f6r effektiv lagring<\/strong><br \/>\nUtnyttja kraften i H.265-komprimeringstekniken f\u00f6r att lagra mer material utan att kompromissa med kvaliteten. Denna avancerade funktion minskar filstorleken avsev\u00e4rt, vilket g\u00f6r att du kan maximera lagringseffektiviteten och hantera dina \u00f6vervakningsbilder mer effektivt. Med st\u00f6d f\u00f6r upp till 4 h\u00e5rddiskar s\u00e4kerst\u00e4ller denna NVR att du har gott om utrymme f\u00f6r att lagra din h\u00f6guppl\u00f6sta video, vilket g\u00f6r den till en idealisk l\u00f6sning f\u00f6r l\u00e5ngsiktig \u00f6vervakning. <strong>S\u00f6ml\u00f6s anslutning och hantering<\/strong><br \/>\n32 Channel Pro Series NVR \u00e4r konstruerad f\u00f6r enkel anv\u00e4ndning och flexibilitet, med s\u00f6ml\u00f6sa anslutningsalternativ. Det intuitiva gr\u00e4nssnittet m\u00f6jligg\u00f6r enkel installation och hantering av ditt \u00f6vervakningssystem, medan kompatibiliteten med olika IP-kameror s\u00e4kerst\u00e4ller en problemfri integration. Oavsett om du \u00f6vervakar live-fl\u00f6den eller granskar inspelade bilder ger denna NVR en anv\u00e4ndarv\u00e4nlig upplevelse som f\u00f6renklar komplexa s\u00e4kerhetsuppgifter.  <\/p>\n","protected":false},"excerpt":{"rendered":"<p class=\"tw-data-text tw-text-large XcVN5d tw-ta\" dir=\"ltr\" data-placeholder=\"\u00d6vers\u00e4ttning\"><span class=\"base\" data-ui-id=\"page-title-wrapper\"><span id=\"page852R_mcid74\" class=\"markedContent\"><span dir=\"ltr\" role=\"presentation\">Dahua 32Ch 4K Pro Series NVR5000-4KS2 n\u00e4tverksvideobandspelare levererar utm\u00e4rkt <\/span><\/span><span id=\"page852R_mcid75\" class=\"markedContent\"><span dir=\"ltr\" role=\"presentation\">prestanda och h\u00f6g inspelningskvalitet som \u00e4r idealisk f\u00f6r IP video\u00f6vervakning <\/span><\/span><span id=\"page852R_mcid76\" class=\"markedContent\"><span dir=\"ltr\" role=\"presentation\">video\u00f6vervakningsapplikationer.<\/span><\/span><\/span><\/p>\n<ul>\n<li>32 kanaler<\/li>\n<li>Upp till 24 MP uppl\u00f6sning f\u00f6r livevisning och uppspelning<\/li>\n<li>AI med kamera: Perimeterskydd; ansiktsigenk\u00e4nning och -detektering; SMD Plus; videometadata; ANPR; personr\u00e4kning; stereoanalys; f\u00f6rdelning av folkmassor; v\u00e4rmekarta<\/li>\n<\/ul>\n<p>Kod: <span style=\"color: #000000;\">DHI-NVR5432-4KS2<\/span><\/p>\n","protected":false},"featured_media":26251,"template":"","meta":[],"product_brand":[68],"product_cat":[866,829,855],"product_tag":[949,965,1184,954,1191,952,955],"berocket_brand":[],"class_list":{"0":"post-30199","1":"product","2":"type-product","3":"status-publish","4":"has-post-thumbnail","6":"product_brand-dahuatechnology","7":"product_cat-dahua-ip-nvr","8":"product_cat-kameraovervakning","9":"product_cat-ip-video-inspelare","10":"product_tag-cctv-sv","11":"product_tag-dahua-nvr-sv","12":"product_tag-inspelningsenhet-sv","13":"product_tag-kameraovervakning-sv","14":"product_tag-natverksvideobandspelare","15":"product_tag-nvr-sv","16":"product_tag-overvakningssystem-sv-2","18":"first","19":"instock","20":"taxable","21":"shipping-taxable","22":"purchasable","23":"product-type-simple"},"_links":{"self":[{"href":"https:\/\/cryptsec.se\/sv\/wp-json\/wp\/v2\/product\/30199","targetHints":{"allow":["GET"]}}],"collection":[{"href":"https:\/\/cryptsec.se\/sv\/wp-json\/wp\/v2\/product"}],"about":[{"href":"https:\/\/cryptsec.se\/sv\/wp-json\/wp\/v2\/types\/product"}],"wp:featuredmedia":[{"embeddable":true,"href":"https:\/\/cryptsec.se\/sv\/wp-json\/wp\/v2\/media\/26251"}],"wp:attachment":[{"href":"https:\/\/cryptsec.se\/sv\/wp-json\/wp\/v2\/media?parent=30199"}],"wp:term":[{"taxonomy":"product_brand","embeddable":true,"href":"https:\/\/cryptsec.se\/sv\/wp-json\/wp\/v2\/product_brand?post=30199"},{"taxonomy":"product_cat","embeddable":true,"href":"https:\/\/cryptsec.se\/sv\/wp-json\/wp\/v2\/product_cat?post=30199"},{"taxonomy":"product_tag","embeddable":true,"href":"https:\/\/cryptsec.se\/sv\/wp-json\/wp\/v2\/product_tag?post=30199"},{"taxonomy":"berocket_brand","embeddable":true,"href":"https:\/\/cryptsec.se\/sv\/wp-json\/wp\/v2\/berocket_brand?post=30199"}],"curies":[{"name":"wp","href":"https:\/\/api.w.org\/{rel}","templated":true}]}}