{"id":30200,"date":"2021-10-25T13:02:08","date_gmt":"2021-10-25T11:02:08","guid":{"rendered":"https:\/\/cryptsec.se\/product\/dahua-4ch-kompakt-1u-4poe-1hdd-wizsense-nvr\/"},"modified":"2021-10-25T13:02:08","modified_gmt":"2021-10-25T11:02:08","slug":"dahua-4ch-kompakt-1u-4poe-1hdd-wizsense-nvr","status":"publish","type":"product","link":"https:\/\/cryptsec.se\/sv\/product\/dahua-4ch-kompakt-1u-4poe-1hdd-wizsense-nvr\/","title":{"rendered":"Dahua 4CH Kompakt 1U 4PoE 1HDD WizSense NVR"},"content":{"rendered":"<h3>Dahua 4Ch Kompakt NVR<\/h3>\n<p><strong>Enkel h\u00f6guppl\u00f6st \u00f6vervakning<\/strong><br \/>\nDyk in i en v\u00e4rld d\u00e4r klarhet m\u00f6ter bekv\u00e4mlighet med Dahua 4Ch Compact NVR 1U 1HDD 4PoE NVR fr\u00e5n Dahua. Denna NVR \u00e4r utformad f\u00f6r dem som v\u00e4rdes\u00e4tter b\u00e5de kvalitet och enkelhet och erbjuder fantastisk HD-\u00f6vervakning, vilket s\u00e4kerst\u00e4ller att varje detalj f\u00e5ngas med precision. Den \u00e4r perfekt f\u00f6r sm\u00e5f\u00f6retag och bost\u00e4der och ger dig den s\u00e4kerhet du beh\u00f6ver utan komplexitet. <strong>F\u00f6renklad installation f\u00f6r omedelbart skydd<\/strong><br \/>\nDet har aldrig varit enklare att installera ditt \u00f6vervakningssystem. Med 4PoE-portar m\u00f6jligg\u00f6r den h\u00e4r kompakta NVR:n en enkel installation av IP-kameror, vilket eliminerar behovet av ytterligare str\u00f6mk\u00e4llor. Det handlar om att g\u00f6ra avancerad s\u00e4kerhet tillg\u00e4nglig, s\u00e5 att du kan skydda dina lokaler med minimalt kr\u00e5ngel. <strong>Kompakt design, omfattande t\u00e4ckning<\/strong><br \/>\nL\u00e5t inte storleken lura dig. Trots sin kompakta 1U-storlek \u00e4r den h\u00e4r NVR:n kraftfull med tillr\u00e4ckligt med lagringsutrymme f\u00f6r kontinuerlig inspelning, med st\u00f6d av 1HDD. Det \u00e4r den perfekta l\u00f6sningen f\u00f6r dig som beh\u00f6ver effektiv \u00f6vervakning utan att beh\u00f6va anv\u00e4nda traditionella system.  <\/p>\n","protected":false},"excerpt":{"rendered":"<ul>\n<li>Avkodningsformat Smart H.265+\/H.265\/Smart H.264+\/H.264\/MJPEG<\/li>\n<li>\u00c5tkomst, lagring eller vidarebefordran med 80 Mbps<\/li>\n<li>Max. avkodningskapacitet: 16 \u00d7 1080p@30 fps. St\u00f6djer adaptiv avkodning  <\/li>\n<li>AI by NVR: 1-channel face detection and recognition; 2-channel perimeter protection; up to 10 face databases and 20,000 face images; 4-channel SMD Plus<\/li>\n<li>AI med hj\u00e4lp av kameran: Ansiktsdetektering och -igenk\u00e4nning, perimeterskydd; SMD Plus; personr\u00e4kning; stereoanalys; v\u00e4rmekarta<\/li>\n<li>Ansluten till n\u00e4tverkskameror fr\u00e5n tredje part<\/li>\n<li>Basniv\u00e5 f\u00f6r s\u00e4kerhet 2.3<\/li>\n<li>Model: NVR4104HS-P-EI<\/li>\n<\/ul>\n<p><img decoding=\"async\" src=\"https:\/\/material.dahuasecurity.com\/uploads\/image\/20240614\/20240614101237_69700.png\" alt=\"\"><\/p>\n","protected":false},"featured_media":29691,"template":"","meta":[],"product_brand":[68],"product_cat":[866,829,855],"product_tag":[949,966,1153,1148,954,1191,952,961,1145,950],"berocket_brand":[],"class_list":{"0":"post-30200","1":"product","2":"type-product","3":"status-publish","4":"has-post-thumbnail","6":"product_brand-dahuatechnology","7":"product_cat-dahua-ip-nvr","8":"product_cat-kameraovervakning","9":"product_cat-ip-video-inspelare","10":"product_tag-cctv-sv","11":"product_tag-dahua-sv","12":"product_tag-dahua-cctv-sv","13":"product_tag-ip-kamera-sv-2","14":"product_tag-kameraovervakning-sv","15":"product_tag-natverksvideobandspelare","16":"product_tag-nvr-sv","17":"product_tag-overvakningskamera-sv","18":"product_tag-overvakningskamera-sv-2","19":"product_tag-overvakningssystem-sv","21":"first","22":"instock","23":"taxable","24":"shipping-taxable","25":"purchasable","26":"product-type-simple"},"_links":{"self":[{"href":"https:\/\/cryptsec.se\/sv\/wp-json\/wp\/v2\/product\/30200","targetHints":{"allow":["GET"]}}],"collection":[{"href":"https:\/\/cryptsec.se\/sv\/wp-json\/wp\/v2\/product"}],"about":[{"href":"https:\/\/cryptsec.se\/sv\/wp-json\/wp\/v2\/types\/product"}],"wp:featuredmedia":[{"embeddable":true,"href":"https:\/\/cryptsec.se\/sv\/wp-json\/wp\/v2\/media\/29691"}],"wp:attachment":[{"href":"https:\/\/cryptsec.se\/sv\/wp-json\/wp\/v2\/media?parent=30200"}],"wp:term":[{"taxonomy":"product_brand","embeddable":true,"href":"https:\/\/cryptsec.se\/sv\/wp-json\/wp\/v2\/product_brand?post=30200"},{"taxonomy":"product_cat","embeddable":true,"href":"https:\/\/cryptsec.se\/sv\/wp-json\/wp\/v2\/product_cat?post=30200"},{"taxonomy":"product_tag","embeddable":true,"href":"https:\/\/cryptsec.se\/sv\/wp-json\/wp\/v2\/product_tag?post=30200"},{"taxonomy":"berocket_brand","embeddable":true,"href":"https:\/\/cryptsec.se\/sv\/wp-json\/wp\/v2\/berocket_brand?post=30200"}],"curies":[{"name":"wp","href":"https:\/\/api.w.org\/{rel}","templated":true}]}}