{"id":30201,"date":"2021-10-25T12:58:45","date_gmt":"2021-10-25T10:58:45","guid":{"rendered":"https:\/\/cryptsec.se\/product\/dahua-8ch-nvr\/"},"modified":"2021-10-25T12:58:45","modified_gmt":"2021-10-25T10:58:45","slug":"dahua-8ch-nvr","status":"publish","type":"product","link":"https:\/\/cryptsec.se\/sv\/product\/dahua-8ch-nvr\/","title":{"rendered":"Dahua 8ch NVR"},"content":{"rendered":"<h3>S\u00e4kerhet med Dahua 8Ch NVR<\/h3>\n<p><strong>O\u00f6vertr\u00e4ffad klarhet och detaljrikedom<\/strong><br \/>\nUpplev \u00f6vervakning som aldrig f\u00f6rr med Dahua 8Ch NVR 1U 2HDDs 8PoE NVR. F\u00e5nga varje \u00f6gonblick i fantastisk 4K-uppl\u00f6sning och se till att ingen detalj g\u00e5r obem\u00e4rkt f\u00f6rbi. Oavsett om det \u00e4r f\u00f6r ditt hem eller f\u00f6retag, ger denna NVR den klarhet och precision du beh\u00f6ver f\u00f6r att h\u00e5lla dina lokaler s\u00e4kra. <strong>F\u00f6renklad installation, maximerad effektivitet<\/strong><br \/>\nGl\u00f6m besv\u00e4ret med komplexa inst\u00e4llningar. Med 8PoE-portar effektiviserar den h\u00e4r NVR:n installationsprocessen och driver kamerorna direkt via n\u00e4tverket. Det handlar inte bara om att spara tid; det handlar om att f\u00f6rb\u00e4ttra ditt s\u00e4kerhetssystems tillf\u00f6rlitlighet och prestanda med minimal anstr\u00e4ngning. <strong>Expansiv lagring, inga kompromisser<\/strong><br \/>\nMed st\u00f6d f\u00f6r 2 h\u00e5rddiskar s\u00e4kerst\u00e4ller denna NVR att du har gott om utrymme f\u00f6r att lagra dagar, eller till och med veckor, av h\u00f6guppl\u00f6sta bilder. Kompromissa aldrig med kvaliteten eller kvantiteten p\u00e5 dina s\u00e4kerhetsbilder, s\u00e5 att du kan vara s\u00e4ker p\u00e5 att varje bildruta f\u00e5ngas och lagras p\u00e5 ett s\u00e4kert s\u00e4tt.  <\/p>\n","protected":false},"excerpt":{"rendered":"<p class=\"tw-data-text tw-text-large XcVN5d tw-ta\" dir=\"ltr\" data-placeholder=\"\u00d6vers\u00e4ttning\"><span class=\"base\" data-ui-id=\"page-title-wrapper\"><span id=\"page688R_mcid60\" class=\"markedContent\"><\/span><span id=\"page688R_mcid62\" class=\"markedContent\"><span dir=\"ltr\" role=\"presentation\"><span id=\"page650R_mcid7\" class=\"markedContent\"><\/span><span id=\"page650R_mcid9\" class=\"markedContent\"><span id=\"page847R_mcid76\" class=\"markedContent\"><\/span><span id=\"page847R_mcid78\" class=\"markedContent\">Dahua NVR4000-4KS2\/L introduceras som NVR i Lite-serien med st\u00f6d f\u00f6r 4K- och H.265-kodningsteknik med utm\u00e4rkt prestanda till ett \u00f6verkomligt pris.<\/span><\/span><\/span><\/span><\/span><\/p>\n<ul>\n<li>8 kanaler<\/li>\n<li>Maximal uppl\u00f6sning f\u00f6r HDMI \u00e4r 4K<\/li>\n<li>VGA\/HDMI samtidig videoutg\u00e5ng<\/li>\n<li>AI med kamera: Ansiktsavk\u00e4nning, perimeterskydd, IVS, personr\u00e4kning, v\u00e4rmekarta och SMD<\/li>\n<\/ul>\n<p>Kod: <span style=\"color: #000000;\">DHI-NVR4208-8P-4KS2\/L<\/span><\/p>\n","protected":false},"featured_media":26160,"template":"","meta":[],"product_brand":[68],"product_cat":[866,829,855],"product_tag":[],"berocket_brand":[],"class_list":{"0":"post-30201","1":"product","2":"type-product","3":"status-publish","4":"has-post-thumbnail","6":"product_brand-dahuatechnology","7":"product_cat-dahua-ip-nvr","8":"product_cat-kameraovervakning","9":"product_cat-ip-video-inspelare","11":"first","12":"instock","13":"taxable","14":"shipping-taxable","15":"purchasable","16":"product-type-simple"},"_links":{"self":[{"href":"https:\/\/cryptsec.se\/sv\/wp-json\/wp\/v2\/product\/30201","targetHints":{"allow":["GET"]}}],"collection":[{"href":"https:\/\/cryptsec.se\/sv\/wp-json\/wp\/v2\/product"}],"about":[{"href":"https:\/\/cryptsec.se\/sv\/wp-json\/wp\/v2\/types\/product"}],"wp:featuredmedia":[{"embeddable":true,"href":"https:\/\/cryptsec.se\/sv\/wp-json\/wp\/v2\/media\/26160"}],"wp:attachment":[{"href":"https:\/\/cryptsec.se\/sv\/wp-json\/wp\/v2\/media?parent=30201"}],"wp:term":[{"taxonomy":"product_brand","embeddable":true,"href":"https:\/\/cryptsec.se\/sv\/wp-json\/wp\/v2\/product_brand?post=30201"},{"taxonomy":"product_cat","embeddable":true,"href":"https:\/\/cryptsec.se\/sv\/wp-json\/wp\/v2\/product_cat?post=30201"},{"taxonomy":"product_tag","embeddable":true,"href":"https:\/\/cryptsec.se\/sv\/wp-json\/wp\/v2\/product_tag?post=30201"},{"taxonomy":"berocket_brand","embeddable":true,"href":"https:\/\/cryptsec.se\/sv\/wp-json\/wp\/v2\/berocket_brand?post=30201"}],"curies":[{"name":"wp","href":"https:\/\/api.w.org\/{rel}","templated":true}]}}