{"id":30202,"date":"2021-10-25T12:39:40","date_gmt":"2021-10-25T10:39:40","guid":{"rendered":"https:\/\/cryptsec.se\/product\/dahua-16ch-2hdd-nvr\/"},"modified":"2021-10-25T12:39:40","modified_gmt":"2021-10-25T10:39:40","slug":"dahua-16ch-2hdd-nvr","status":"publish","type":"product","link":"https:\/\/cryptsec.se\/sv\/product\/dahua-16ch-2hdd-nvr\/","title":{"rendered":"Dahua 16ch 2HDD NVR"},"content":{"rendered":"<h3>Dahua NVR4000-4KS2\/L<\/h3>\n<p><strong>Kompakt kraft f\u00f6r avancerad \u00f6vervakning<\/strong><br \/>\nUppt\u00e4ck Dahua NVR4000-4KS2\/L, en kompakt men \u00e4nd\u00e5 kraftfull n\u00e4tverksvideobandspelare som \u00e4r utformad f\u00f6r att ge avancerade \u00f6vervakningsm\u00f6jligheter i ditt hem eller f\u00f6retag. Den h\u00e4r enheten, som ing\u00e5r i den v\u00e4lk\u00e4nda 4KS2-serien, \u00e4r konstruerad f\u00f6r att st\u00f6dja flera kanaler, vilket ger flexibilitet och skalbarhet i din s\u00e4kerhetskonfiguration. Med st\u00f6d f\u00f6r 4K-uppl\u00f6sning och H.265-komprimering kan du vara s\u00e4ker p\u00e5 att f\u00e5 h\u00f6gkvalitativa videofilmer som \u00e4r b\u00e5de tydliga och lagringseffektiva. Dahua NVR4000-4KS2\/L \u00e4r idealisk f\u00f6r sm\u00e5 till medelstora installationer och s\u00e4kerst\u00e4ller att din egendom \u00f6vervakas med precision och tydlighet. <strong>Effektivitet m\u00f6ter kvalitet i \u00f6vervakning<\/strong><br \/>\nOmfamna framtidens \u00f6vervakning med Dahua NVR4000-4KS2\/L. Denna NVR anv\u00e4nder den senaste tekniken f\u00f6r videokomprimering, H.265, s\u00e5 att du kan lagra mer material utan att kompromissa med kvaliteten. 4K-videokapaciteten s\u00e4kerst\u00e4ller att varje detalj f\u00e5ngas med o\u00f6vertr\u00e4ffad klarhet, vilket g\u00f6r det l\u00e4ttare att identifiera intressanta personer, registreringsskyltar eller andra kritiska detaljer. Oavsett om du \u00e4r orolig f\u00f6r st\u00f6ld, vandalism eller bara vill h\u00e5lla ett \u00f6ga p\u00e5 dina lokaler, levererar denna NVR prestanda som uppfyller kraven f\u00f6r moderna s\u00e4kerhetsutmaningar. <strong>Anv\u00e4ndarv\u00e4nlig design f\u00f6r enkel s\u00e4kerhetshantering<\/strong><br \/>\nDahua NVR4000-4KS2\/L \u00e4r utformad med anv\u00e4ndaren i \u00e5tanke, med ett intuitivt gr\u00e4nssnitt som g\u00f6r hanteringen av ditt \u00f6vervakningssystem till en barnlek. Oavsett om du granskar bilder, konfigurerar inst\u00e4llningar eller exporterar video f\u00f6renklar den h\u00e4r NVR:n processen s\u00e5 att du kan fokusera p\u00e5 det som \u00e4r viktigast &#8211; din s\u00e4kerhet. Den kompakta designen inneb\u00e4r ocks\u00e5 att den integreras s\u00f6ml\u00f6st i alla utrymmen och ger kraftfulla \u00f6vervakningsm\u00f6jligheter utan att vara f\u00f6r stor.   <\/p>\n","protected":false},"excerpt":{"rendered":"<p class=\"tw-data-text tw-text-large XcVN5d tw-ta\" dir=\"ltr\" data-placeholder=\"\u00d6vers\u00e4ttning\"><span class=\"base\" data-ui-id=\"page-title-wrapper\"><span id=\"page688R_mcid60\" class=\"markedContent\"><\/span><span id=\"page688R_mcid62\" class=\"markedContent\"><span dir=\"ltr\" role=\"presentation\"><span id=\"page650R_mcid7\" class=\"markedContent\">Dahua NVR4000-4KS2\/L introduceras som en NVR i Lite-serien som <\/span><span id=\"page650R_mcid8\" class=\"markedContent\">st\u00f6d f\u00f6r 4K och H.265 kodningsteknik med utm\u00e4rkt prestanda till <\/span><span id=\"page650R_mcid9\" class=\"markedContent\">prestanda till ett \u00f6verkomligt pris.<\/span><\/span><\/span><\/span><\/p>\n","protected":false},"featured_media":26157,"template":"","meta":[],"product_brand":[68],"product_cat":[866,829,855],"product_tag":[],"berocket_brand":[],"class_list":{"0":"post-30202","1":"product","2":"type-product","3":"status-publish","4":"has-post-thumbnail","6":"product_brand-dahuatechnology","7":"product_cat-dahua-ip-nvr","8":"product_cat-kameraovervakning","9":"product_cat-ip-video-inspelare","11":"first","12":"instock","13":"taxable","14":"shipping-taxable","15":"purchasable","16":"product-type-simple"},"_links":{"self":[{"href":"https:\/\/cryptsec.se\/sv\/wp-json\/wp\/v2\/product\/30202","targetHints":{"allow":["GET"]}}],"collection":[{"href":"https:\/\/cryptsec.se\/sv\/wp-json\/wp\/v2\/product"}],"about":[{"href":"https:\/\/cryptsec.se\/sv\/wp-json\/wp\/v2\/types\/product"}],"wp:featuredmedia":[{"embeddable":true,"href":"https:\/\/cryptsec.se\/sv\/wp-json\/wp\/v2\/media\/26157"}],"wp:attachment":[{"href":"https:\/\/cryptsec.se\/sv\/wp-json\/wp\/v2\/media?parent=30202"}],"wp:term":[{"taxonomy":"product_brand","embeddable":true,"href":"https:\/\/cryptsec.se\/sv\/wp-json\/wp\/v2\/product_brand?post=30202"},{"taxonomy":"product_cat","embeddable":true,"href":"https:\/\/cryptsec.se\/sv\/wp-json\/wp\/v2\/product_cat?post=30202"},{"taxonomy":"product_tag","embeddable":true,"href":"https:\/\/cryptsec.se\/sv\/wp-json\/wp\/v2\/product_tag?post=30202"},{"taxonomy":"berocket_brand","embeddable":true,"href":"https:\/\/cryptsec.se\/sv\/wp-json\/wp\/v2\/berocket_brand?post=30202"}],"curies":[{"name":"wp","href":"https:\/\/api.w.org\/{rel}","templated":true}]}}