{"id":30203,"date":"2021-10-25T12:32:55","date_gmt":"2021-10-25T10:32:55","guid":{"rendered":"https:\/\/cryptsec.se\/product\/dahua-32ch-4k-lite-nvr\/"},"modified":"2021-10-25T12:32:55","modified_gmt":"2021-10-25T10:32:55","slug":"dahua-32ch-4k-lite-nvr","status":"publish","type":"product","link":"https:\/\/cryptsec.se\/sv\/product\/dahua-32ch-4k-lite-nvr\/","title":{"rendered":"Dahua 32Ch 4K Lite NVR"},"content":{"rendered":"<h3>Dahua 32Ch 4K Lite NVR<\/h3>\n<p><strong>N\u00e4sta niv\u00e5s \u00f6vervakning f\u00f6r ultimat s\u00e4kerhet<\/strong><br \/>\nVi presenterar Dahua 32Ch 4K Lite NVR 1.5U 16PoE 4K&amp;H.265 Lite Series Network Video Recorder, en game-changer inom \u00f6vervakningsteknik. Denna kompakta men \u00e4nd\u00e5 kraftfulla NVR st\u00f6der upp till 32 kanaler, vilket ger expansiv t\u00e4ckning med den extra bekv\u00e4mligheten med 16PoE-portar f\u00f6r enkel kamerainstallation. Omfamna klarheten i 4K-uppl\u00f6sning i kombination med effektiviteten i H.265-komprimering, vilket s\u00e4kerst\u00e4ller att dina \u00f6vervakningsbilder \u00e4r b\u00e5de kristallklara och lagringsv\u00e4nliga. Denna NVR \u00e4r idealisk f\u00f6r sm\u00e5 och medelstora f\u00f6retag och garanterar att dina lokaler \u00f6vervakas utan kompromisser. <strong>Effektiv och h\u00f6gkvalitativ insp<\/strong>elning<br \/>\nDyk in i detaljerna med 4K-videoinspelningsfunktioner. Dahua Lite Series NVR handlar inte bara om kvantitet, det handlar om kvalitet. Med st\u00f6d f\u00f6r H.265-komprimering kan du lagra fler bilder utan att offra detaljer, vilket g\u00f6r den till en kostnadseffektiv l\u00f6sning f\u00f6r dina s\u00e4kerhetsbehov. Oavsett om du f\u00e5ngar det vardagliga eller \u00f6vervakar det extraordin\u00e4ra, s\u00e4kerst\u00e4ller den h\u00e4r NVR:n att varje pixel bevaras i or\u00f6rd kvalitet. <strong>F\u00f6renklad installation och f\u00f6rb\u00e4ttrad anslutning<\/strong><br \/>\nDahua 32 Channel Lite Series NVR f\u00f6renklar installationsprocessen med 16 inbyggda PoE-portar, vilket m\u00f6jligg\u00f6r enkel anslutning av IP-kameror utan behov av ytterligare h\u00e5rdvara eller komplicerad kabeldragning. Denna funktion, i kombination med dess 4K-videoutg\u00e5ngsfunktioner, g\u00f6r den till ett m\u00e5ngsidigt val f\u00f6r en m\u00e4ngd olika \u00f6vervakningsapplikationer. Oavsett om du uppgraderar ett befintligt system eller bygger ett nytt, erbjuder denna NVR en s\u00f6ml\u00f6s integrationsupplevelse, vilket s\u00e4kerst\u00e4ller att ditt s\u00e4kerhetssystem \u00e4r ig\u00e5ng med minimal kr\u00e5ngel.    <\/p>\n","protected":false},"excerpt":{"rendered":"<p class=\"tw-data-text tw-text-large XcVN5d tw-ta\" dir=\"ltr\" data-placeholder=\"\u00d6vers\u00e4ttning\">Vi introducerar  <span class=\"base\" data-ui-id=\"page-title-wrapper\">Dahua 32-kanals 1,5U 16PoE 4K&amp;H.265 Lite-serie n\u00e4tverksvideobandspelare <\/span><\/p>\n<ul>\n<li>Smart H.265+\/H.265\/Smart H.264+\/H.264<\/li>\n<li>Max 200 Mbps bandbredd f\u00f6r inkommande trafik<\/li>\n<li>Upp till 8 MP uppl\u00f6sning f\u00f6r f\u00f6rhandsgranskning och uppspelning<\/li>\n<li>Up to 2ch@4K\/8ch@1080P decoding<\/li>\n<li>HDMI\/VGA samtidig videoutg\u00e5ng<\/li>\n<li>St\u00f6d f\u00f6r IPC UPnP, 16PoE-portar<\/li>\n<\/ul>\n<p><span style=\"color: #000000;\"> Kod: DHI-NVR4432-16P-4KS2<\/span><\/p>\n","protected":false},"featured_media":26176,"template":"","meta":[],"product_brand":[68],"product_cat":[866,829,855],"product_tag":[],"berocket_brand":[],"class_list":{"0":"post-30203","1":"product","2":"type-product","3":"status-publish","4":"has-post-thumbnail","6":"product_brand-dahuatechnology","7":"product_cat-dahua-ip-nvr","8":"product_cat-kameraovervakning","9":"product_cat-ip-video-inspelare","11":"first","12":"instock","13":"taxable","14":"shipping-taxable","15":"purchasable","16":"product-type-simple"},"_links":{"self":[{"href":"https:\/\/cryptsec.se\/sv\/wp-json\/wp\/v2\/product\/30203","targetHints":{"allow":["GET"]}}],"collection":[{"href":"https:\/\/cryptsec.se\/sv\/wp-json\/wp\/v2\/product"}],"about":[{"href":"https:\/\/cryptsec.se\/sv\/wp-json\/wp\/v2\/types\/product"}],"wp:featuredmedia":[{"embeddable":true,"href":"https:\/\/cryptsec.se\/sv\/wp-json\/wp\/v2\/media\/26176"}],"wp:attachment":[{"href":"https:\/\/cryptsec.se\/sv\/wp-json\/wp\/v2\/media?parent=30203"}],"wp:term":[{"taxonomy":"product_brand","embeddable":true,"href":"https:\/\/cryptsec.se\/sv\/wp-json\/wp\/v2\/product_brand?post=30203"},{"taxonomy":"product_cat","embeddable":true,"href":"https:\/\/cryptsec.se\/sv\/wp-json\/wp\/v2\/product_cat?post=30203"},{"taxonomy":"product_tag","embeddable":true,"href":"https:\/\/cryptsec.se\/sv\/wp-json\/wp\/v2\/product_tag?post=30203"},{"taxonomy":"berocket_brand","embeddable":true,"href":"https:\/\/cryptsec.se\/sv\/wp-json\/wp\/v2\/berocket_brand?post=30203"}],"curies":[{"name":"wp","href":"https:\/\/api.w.org\/{rel}","templated":true}]}}