{"id":30204,"date":"2021-10-25T12:29:23","date_gmt":"2021-10-25T10:29:23","guid":{"rendered":"https:\/\/cryptsec.se\/product\/dahua-64ch-ultra-nvr\/"},"modified":"2021-10-25T12:29:23","modified_gmt":"2021-10-25T10:29:23","slug":"dahua-64ch-ultra-nvr","status":"publish","type":"product","link":"https:\/\/cryptsec.se\/sv\/product\/dahua-64ch-ultra-nvr\/","title":{"rendered":"Dahua 64Ch Ultra NVR"},"content":{"rendered":"<h3>Dahua 64Ch Ultra NVR<\/h3>\n<p><strong>F\u00f6rb\u00e4ttrad \u00f6vervakning f\u00f6r omfattande t\u00e4ckning<\/strong><br \/>\nTa steget in i s\u00e4kerhetens framtid med Dahua 64 Channel 2U 8HDDs Ultra Series NVR. Den h\u00e4r enheten \u00e4r skr\u00e4ddarsydd f\u00f6r effektivitet och erbjuder o\u00f6vertr\u00e4ffade inspelningsm\u00f6jligheter med st\u00f6d f\u00f6r upp till 64 kanaler f\u00f6r omfattande \u00f6vervakning. Med sin f\u00f6rm\u00e5ga att avkoda 16 kanaler vid 1080p 30fps garanteras du h\u00f6guppl\u00f6st klarhet \u00f6ver hela linjen. Denna NVR \u00e4r idealisk f\u00f6r medelstora till storskaliga verksamheter och s\u00e4kerst\u00e4ller att alla vinklar t\u00e4cks, vilket ger en solid grund f\u00f6r dina s\u00e4kerhetsbehov. <strong>Smart s\u00e4kerhet med banbrytande AI<\/strong><br \/>\nUppgradera ditt s\u00e4kerhetssystem med avancerade AI-by-camera-funktioner. Fr\u00e5n perimeterskydd till sofistikerad ansiktsdetektering och -igenk\u00e4nning &#8211; den h\u00e4r NVR:n ligger i framkant n\u00e4r det g\u00e4ller smart \u00f6vervakning. Funktioner som SMD Plus, videometadata, ANPR och 3D-beteendeanalys \u00e4r s\u00f6ml\u00f6st integrerade, vilket ger detaljerade insikter och proaktiva s\u00e4kerhets\u00e5tg\u00e4rder. Den h\u00e4r enheten handlar inte bara om inspelning, utan om att tillhandah\u00e5lla en smartare och mer responsiv s\u00e4kerhetsl\u00f6sning. <strong>Flexibel anslutning och gott om lagringsutrymme<\/strong><br \/>\nDahua Ultra Series NVR utm\u00e4rker sig med sin N+M Cluster-kapacitet och dubbla videoutg\u00e5ngar f\u00f6r VGA och HDMI1, vilket ger m\u00e5ngsidiga anslutningsm\u00f6jligheter. Utrustad med st\u00f6d f\u00f6r upp till 8 h\u00e5rddiskar tillgodoser den alla dina lagringsbehov, vilket g\u00f6r den perfekt f\u00f6r att hantera stora volymer h\u00f6guppl\u00f6st filmmaterial utan att kompromissa med prestandan. Oavsett om du \u00f6vervakar ett komplext s\u00e4kerhetsn\u00e4tverk eller beh\u00f6ver robusta lagringsl\u00f6sningar, levererar den h\u00e4r NVR:n h\u00f6gsta kvalitet i alla avseenden.   <\/p>\n","protected":false},"excerpt":{"rendered":"<p class=\"tw-data-text tw-text-large XcVN5d tw-ta\" dir=\"ltr\" data-placeholder=\"\u00d6vers\u00e4ttning\">Vi introducerar Dahua 64Ch Ultra NVR 2U 18HDDs Ultra Series<\/p>\n<ul>\n<li>64 kanaler<\/li>\n<li>16 Channels decoding of 1080p (30fps)<\/li>\n<li>Simultan videoutg\u00e5ng f\u00f6r VGA och HDMI1<\/li>\n<li>N+M Kluster<\/li>\n<li>AI-by-camera-funktioner s\u00e5som perimeterskydd, ansiktsigenk\u00e4nning, SMD Plus, videometadata, ANPR och 3D-beteendeanalys<\/li>\n<\/ul>\n<div class=\"product-info-stock-sku\">\n<div class=\"dahua attribute\"> <span style=\"color: #000000;\"> Kod:<\/span><span style=\"color: #000000;\"> DHI-NVR608-64-4KS2<\/span><\/div>\n<\/div>\n","protected":false},"featured_media":26156,"template":"","meta":[],"product_brand":[68],"product_cat":[866,829,855],"product_tag":[],"berocket_brand":[],"class_list":{"0":"post-30204","1":"product","2":"type-product","3":"status-publish","4":"has-post-thumbnail","6":"product_brand-dahuatechnology","7":"product_cat-dahua-ip-nvr","8":"product_cat-kameraovervakning","9":"product_cat-ip-video-inspelare","11":"first","12":"instock","13":"taxable","14":"shipping-taxable","15":"purchasable","16":"product-type-simple"},"_links":{"self":[{"href":"https:\/\/cryptsec.se\/sv\/wp-json\/wp\/v2\/product\/30204","targetHints":{"allow":["GET"]}}],"collection":[{"href":"https:\/\/cryptsec.se\/sv\/wp-json\/wp\/v2\/product"}],"about":[{"href":"https:\/\/cryptsec.se\/sv\/wp-json\/wp\/v2\/types\/product"}],"wp:featuredmedia":[{"embeddable":true,"href":"https:\/\/cryptsec.se\/sv\/wp-json\/wp\/v2\/media\/26156"}],"wp:attachment":[{"href":"https:\/\/cryptsec.se\/sv\/wp-json\/wp\/v2\/media?parent=30204"}],"wp:term":[{"taxonomy":"product_brand","embeddable":true,"href":"https:\/\/cryptsec.se\/sv\/wp-json\/wp\/v2\/product_brand?post=30204"},{"taxonomy":"product_cat","embeddable":true,"href":"https:\/\/cryptsec.se\/sv\/wp-json\/wp\/v2\/product_cat?post=30204"},{"taxonomy":"product_tag","embeddable":true,"href":"https:\/\/cryptsec.se\/sv\/wp-json\/wp\/v2\/product_tag?post=30204"},{"taxonomy":"berocket_brand","embeddable":true,"href":"https:\/\/cryptsec.se\/sv\/wp-json\/wp\/v2\/berocket_brand?post=30204"}],"curies":[{"name":"wp","href":"https:\/\/api.w.org\/{rel}","templated":true}]}}