{"id":30205,"date":"2021-10-23T13:16:07","date_gmt":"2021-10-23T11:16:07","guid":{"rendered":"https:\/\/cryptsec.se\/product\/dahua-128-kanals-nvr-i-ultra-serien\/"},"modified":"2021-10-23T13:16:07","modified_gmt":"2021-10-23T11:16:07","slug":"dahua-128-kanals-nvr-i-ultra-serien","status":"publish","type":"product","link":"https:\/\/cryptsec.se\/sv\/product\/dahua-128-kanals-nvr-i-ultra-serien\/","title":{"rendered":"Dahua 128-kanals NVR i Ultra-serien"},"content":{"rendered":"<h2>Dahua 128-kanals Ultra NVR<\/h2>\n<p><strong>Revolutionera ditt s\u00e4kerhetssystem<\/strong><br \/>\nDyk in i framtidens \u00f6vervakning med 128-kanals 3U 16HDDs Ultra Series NVR. Detta kraftpaket \u00e4r konstruerat f\u00f6r h\u00f6gsta kvalitet och erbjuder o\u00f6vertr\u00e4ffade inspelningsm\u00f6jligheter med st\u00f6d f\u00f6r upp till 128 kanaler f\u00f6r omfattande t\u00e4ckning. Med 16 kanalers avkodning av 1080p vid 30 fps f\u00e5r du kristallklara bilder som inte l\u00e4mnar n\u00e5gon detalj obem\u00e4rkt. Denna NVR \u00e4r perfekt f\u00f6r f\u00f6retag och storskaliga verksamheter och s\u00e4kerst\u00e4ller att varje h\u00f6rn \u00e4r under uppsikt och ger sinnesfrid med sin robusta prestanda. <strong>Avancerad teknik f\u00f6r \u00f6kad<\/strong> s\u00e4kerhet<br \/>\n<strong>F\u00f6rb\u00e4ttra<\/strong> din s\u00e4kerhet med banbrytande AI-by-camera-funktioner. Fr\u00e5n perimeterskydd till ansiktsdetektering och -igenk\u00e4nning, varje funktion \u00e4r utformad f\u00f6r att erbjuda ett nytt lager av s\u00e4kerhet. SMD Plus, videometadata, ANPR och 3D-beteendeanalys arbetar i harmoni f\u00f6r att uppt\u00e4cka och analysera varje r\u00f6relse med precision. Denna NVR \u00e4r inte bara en inspelningsenhet; det \u00e4r en smart s\u00e4kerhetsl\u00f6sning som anpassar sig till dina behov och erbjuder ett proaktivt tillv\u00e4gag\u00e5ngss\u00e4tt f\u00f6r att skydda dina lokaler. <strong>S\u00f6ml\u00f6sa anslutnings- och lagringsl\u00f6sningar<\/strong><br \/>\nDahua Ultra Series NVR sticker ut med sin N+M Cluster-kapacitet och samtidig videoutg\u00e5ng f\u00f6r VGA och HDMI1, vilket garanterar flexibilitet och anv\u00e4ndarv\u00e4nlighet. Med st\u00f6d f\u00f6r upp till 16 h\u00e5rddiskar h\u00f6r lagringsproblem till det f\u00f6rflutna. Oavsett om du \u00f6vervakar ett stort n\u00e4tverk eller beh\u00f6ver ut\u00f6kad lagring f\u00f6r h\u00f6guppl\u00f6sta bilder, uppfyller den h\u00e4r enheten alla krav med sin exceptionella kapacitet och s\u00f6ml\u00f6sa integrationsalternativ.   <\/p>\n","protected":false},"excerpt":{"rendered":"<p class=\"tw-data-text tw-text-large XcVN5d tw-ta\" dir=\"ltr\" data-placeholder=\"\u00d6vers\u00e4ttning\">We introduce the 128 Channel 3U 16HDDs Ultra Series NVR<\/p>\n<ul>\n<li>128 Channels<\/li>\n<li>16-kanals avkodning av 1080p (30fps)<\/li>\n<li>Simultan videoutg\u00e5ng f\u00f6r VGA och HDMI1<\/li>\n<li>N+M Kluster<\/li>\n<li>AI-by-camera-funktioner s\u00e5som perimeterskydd, ansiktsigenk\u00e4nning, SMD Plus, videometadata, ANPR och 3D-beteendeanalys<\/li>\n<\/ul>\n<p><span style=\"color: #000000;\"> Code: DHI-NVR616-128-4KS2<\/span><\/p>\n","protected":false},"featured_media":26154,"template":"","meta":[],"product_brand":[68],"product_cat":[866,829,855],"product_tag":[],"berocket_brand":[],"class_list":{"0":"post-30205","1":"product","2":"type-product","3":"status-publish","4":"has-post-thumbnail","6":"product_brand-dahuatechnology","7":"product_cat-dahua-ip-nvr","8":"product_cat-kameraovervakning","9":"product_cat-ip-video-inspelare","11":"first","12":"instock","13":"taxable","14":"shipping-taxable","15":"purchasable","16":"product-type-simple"},"_links":{"self":[{"href":"https:\/\/cryptsec.se\/sv\/wp-json\/wp\/v2\/product\/30205","targetHints":{"allow":["GET"]}}],"collection":[{"href":"https:\/\/cryptsec.se\/sv\/wp-json\/wp\/v2\/product"}],"about":[{"href":"https:\/\/cryptsec.se\/sv\/wp-json\/wp\/v2\/types\/product"}],"wp:featuredmedia":[{"embeddable":true,"href":"https:\/\/cryptsec.se\/sv\/wp-json\/wp\/v2\/media\/26154"}],"wp:attachment":[{"href":"https:\/\/cryptsec.se\/sv\/wp-json\/wp\/v2\/media?parent=30205"}],"wp:term":[{"taxonomy":"product_brand","embeddable":true,"href":"https:\/\/cryptsec.se\/sv\/wp-json\/wp\/v2\/product_brand?post=30205"},{"taxonomy":"product_cat","embeddable":true,"href":"https:\/\/cryptsec.se\/sv\/wp-json\/wp\/v2\/product_cat?post=30205"},{"taxonomy":"product_tag","embeddable":true,"href":"https:\/\/cryptsec.se\/sv\/wp-json\/wp\/v2\/product_tag?post=30205"},{"taxonomy":"berocket_brand","embeddable":true,"href":"https:\/\/cryptsec.se\/sv\/wp-json\/wp\/v2\/berocket_brand?post=30205"}],"curies":[{"name":"wp","href":"https:\/\/api.w.org\/{rel}","templated":true}]}}